{"id":270,"date":"2018-02-03T22:35:44","date_gmt":"2018-02-03T22:35:44","guid":{"rendered":"http:\/\/orthodoxkovilje.rs\/?page_id=270"},"modified":"2020-11-22T17:18:42","modified_gmt":"2020-11-22T17:18:42","slug":"radionica-za-sivenje-manastira-kovilje","status":"publish","type":"page","link":"https:\/\/orthodoxkovilje.rs\/ru\/radionica-za-sivenje-manastira-kovilje\/","title":{"rendered":"\u0428\u0412\u0415\u0419\u041d\u0410\u042f \u041c\u0410\u0421\u0422\u0415\u0420\u0421\u041a\u0410\u042f"},"content":{"rendered":"<p>\u0412 \u043c\u0430\u0441\u0442\u0435\u0440\u0441\u043a\u043e\u0439 \u043c\u043e\u0436\u043d\u043e \u0437\u0430\u043a\u0430\u0437\u0430\u0442\u044c \u043f\u043e\u0448\u0438\u0432 \u0438\u0435\u0440\u0435\u0439\u0441\u043a\u043e\u0433\u043e \u0438\u043b\u0438 \u043c\u043e\u043d\u0430\u0448\u0435\u0441\u043a\u043e\u0433\u043e \u043e\u0431\u043b\u0430\u0447\u0435\u043d\u0438\u044f \u0438\u0437 \u0432\u0430\u0448\u0435\u0439 \u0442\u043a\u0430\u043d\u0438. \u0412\u0440\u0435\u043c\u044f \u0438 \u043c\u0435\u0441\u0442\u043e \u0441\u043d\u044f\u0442\u0438\u044f \u043c\u0435\u0440\u043e\u043a \u043f\u043e \u0434\u043e\u0433\u043e\u0432\u043e\u0440\u0435\u043d\u043d\u043e\u0441\u0442\u0438.<\/p>\n<p>\u0417\u0430\u043a\u0430\u0437\u044b \u043f\u043e \u044d\u043b\u0435\u043a\u0442\u0440\u043e\u043d\u043d\u043e\u0439 \u043f\u043e\u0447\u0442\u0435: <a href=\"mailto:manastirkovilje@gmail.com\">manastirkovilje@gmail.com<\/a><\/p>\n<p>\u0438\u043b\u0438 \u043f\u043e \u0442\u0435\u043b\u0435\u0444\u043e\u043d\u0430\u043c: <strong>+ 381\/65 504 68 80<\/strong> \u0438 <strong>+ 381\/32 760 020<\/strong><\/p>\n\n\t\t<style type=\"text\/css\">\n\t\t\t#gallery-3 {\n\t\t\t\tmargin: auto;\n\t\t\t}\n\t\t\t#gallery-3 .gallery-item {\n\t\t\t\tfloat: left;\n\t\t\t\tmargin-top: 10px;\n\t\t\t\ttext-align: center;\n\t\t\t\twidth: 50%;\n\t\t\t}\n\t\t\t#gallery-3 img {\n\t\t\t\tborder: 2px solid #cfcfcf;\n\t\t\t}\n\t\t\t#gallery-3 .gallery-caption {\n\t\t\t\tmargin-left: 0;\n\t\t\t}\n\t\t\t\/* see gallery_shortcode() in wp-includes\/media.php *\/\n\t\t<\/style>\n\t\t<div id='gallery-3' class='gallery galleryid-270 gallery-columns-2 gallery-size-medium'><dl class='gallery-item'>\n\t\t\t<dt class='gallery-icon portrait'>\n\t\t\t\t<a href='https:\/\/orthodoxkovilje.rs\/wp-content\/uploads\/2018\/02\/sivenje2.jpg'><img width=\"218\" height=\"300\" src=\"https:\/\/orthodoxkovilje.rs\/wp-content\/uploads\/2018\/02\/sivenje2-218x300.jpg\" class=\"attachment-medium size-medium\" alt=\"\u0420\u0430\u0434\u0438\u043e\u043d\u0438\u0446\u0430 \u0437\u0430 \u0448\u0438\u0432\u0435\u045a\u0435 \u043f\u0440\u0430\u0432\u043e\u0441\u043b\u0430\u0432\u043d\u043e\u0433 \u043c\u0430\u043d\u0430\u0441\u0442\u0438\u0440\u0430 \u041a\u043e\u0432\u0438\u0459\u0435 2\" decoding=\"async\" loading=\"lazy\" srcset=\"https:\/\/orthodoxkovilje.rs\/wp-content\/uploads\/2018\/02\/sivenje2-218x300.jpg 218w, https:\/\/orthodoxkovilje.rs\/wp-content\/uploads\/2018\/02\/sivenje2.jpg 509w\" sizes=\"(max-width: 218px) 100vw, 218px\" \/><\/a>\n\t\t\t<\/dt><\/dl><dl class='gallery-item'>\n\t\t\t<dt class='gallery-icon portrait'>\n\t\t\t\t<a href='https:\/\/orthodoxkovilje.rs\/wp-content\/uploads\/2018\/02\/sivenje.jpg'><img width=\"248\" height=\"300\" src=\"https:\/\/orthodoxkovilje.rs\/wp-content\/uploads\/2018\/02\/sivenje-248x300.jpg\" class=\"attachment-medium size-medium\" alt=\"\u0420\u0430\u0434\u0438\u043e\u043d\u0438\u0446\u0430 \u0437\u0430 \u0448\u0438\u0432\u0435\u045a\u0435 \u043f\u0440\u0430\u0432\u043e\u0441\u043b\u0430\u0432\u043d\u043e\u0433 \u043c\u0430\u043d\u0430\u0441\u0442\u0438\u0440\u0430 \u041a\u043e\u0432\u0438\u0459\u0435\" decoding=\"async\" loading=\"lazy\" srcset=\"https:\/\/orthodoxkovilje.rs\/wp-content\/uploads\/2018\/02\/sivenje-248x300.jpg 248w, https:\/\/orthodoxkovilje.rs\/wp-content\/uploads\/2018\/02\/sivenje.jpg 578w\" sizes=\"(max-width: 248px) 100vw, 248px\" \/><\/a>\n\t\t\t<\/dt><\/dl><br style=\"clear: both\" \/>\n\t\t<\/div>\n\n<p><\/p>","protected":false},"excerpt":{"rendered":"<p>\u0412 \u043c\u0430\u0441\u0442\u0435\u0440\u0441\u043a\u043e\u0439 \u043c\u043e\u0436\u043d\u043e \u0437\u0430\u043a\u0430\u0437\u0430\u0442\u044c \u043f\u043e\u0448\u0438\u0432 \u0438\u0435\u0440\u0435\u0439\u0441\u043a\u043e\u0433\u043e \u0438\u043b\u0438 \u043c\u043e\u043d\u0430\u0448\u0435\u0441\u043a\u043e\u0433\u043e \u043e\u0431\u043b\u0430\u0447\u0435\u043d\u0438\u044f \u0438\u0437 \u0432\u0430\u0448\u0435\u0439 \u0442\u043a\u0430\u043d\u0438. \u0412\u0440\u0435\u043c\u044f \u0438 \u043c\u0435\u0441\u0442\u043e \u0441\u043d\u044f\u0442\u0438\u044f \u043c\u0435\u0440\u043e\u043a \u043f\u043e \u0434\u043e\u0433\u043e\u0432\u043e\u0440\u0435\u043d\u043d\u043e\u0441\u0442\u0438.<\/p>\n","protected":false},"author":1,"featured_media":600,"parent":0,"menu_order":0,"comment_status":"closed","ping_status":"closed","template":"","meta":{"footnotes":""},"featured_image_urls":{"full":["https:\/\/orthodoxkovilje.rs\/wp-content\/uploads\/2018\/02\/sivenje.jpg",578,700,false],"thumbnail":["https:\/\/orthodoxkovilje.rs\/wp-content\/uploads\/2018\/02\/sivenje-150x150.jpg",150,150,true],"medium":["https:\/\/orthodoxkovilje.rs\/wp-content\/uploads\/2018\/02\/sivenje-248x300.jpg",248,300,true],"medium_large":["https:\/\/orthodoxkovilje.rs\/wp-content\/uploads\/2018\/02\/sivenje.jpg",578,700,false],"large":["https:\/\/orthodoxkovilje.rs\/wp-content\/uploads\/2018\/02\/sivenje.jpg",578,700,false],"1536x1536":["https:\/\/orthodoxkovilje.rs\/wp-content\/uploads\/2018\/02\/sivenje.jpg",578,700,false],"2048x2048":["https:\/\/orthodoxkovilje.rs\/wp-content\/uploads\/2018\/02\/sivenje.jpg",578,700,false],"woocommerce_thumbnail":["https:\/\/orthodoxkovilje.rs\/wp-content\/uploads\/2018\/02\/sivenje-300x300.jpg",300,300,true],"woocommerce_single":["https:\/\/orthodoxkovilje.rs\/wp-content\/uploads\/2018\/02\/sivenje.jpg",578,700,false],"woocommerce_gallery_thumbnail":["https:\/\/orthodoxkovilje.rs\/wp-content\/uploads\/2018\/02\/sivenje-100x100.jpg",100,100,true]},"post_excerpt_stackable":"<p>\u0412 \u043c\u0430\u0441\u0442\u0435\u0440\u0441\u043a\u043e\u0439 \u043c\u043e\u0436\u043d\u043e \u0437\u0430\u043a\u0430\u0437\u0430\u0442\u044c \u043f\u043e\u0448\u0438\u0432 \u0438\u0435\u0440\u0435\u0439\u0441\u043a\u043e\u0433\u043e \u0438\u043b\u0438 \u043c\u043e\u043d\u0430\u0448\u0435\u0441\u043a\u043e\u0433\u043e \u043e\u0431\u043b\u0430\u0447\u0435\u043d\u0438\u044f \u0438\u0437 \u0432\u0430\u0448\u0435\u0439 \u0442\u043a\u0430\u043d\u0438. \u0412\u0440\u0435\u043c\u044f \u0438 \u043c\u0435\u0441\u0442\u043e \u0441\u043d\u044f\u0442\u0438\u044f \u043c\u0435\u0440\u043e\u043a \u043f\u043e \u0434\u043e\u0433\u043e\u0432\u043e\u0440\u0435\u043d\u043d\u043e\u0441\u0442\u0438.<\/p>\n","category_list":"","author_info":{"name":"belbendo","url":"https:\/\/orthodoxkovilje.rs\/ru\/author\/belbendo\/"},"comments_num":"0 \u043a\u043e\u043c\u043c\u0435\u043d\u0442\u0430\u0440\u0438\u0435\u0432","yoast_head":"<!-- This site is optimized with the Yoast SEO plugin v22.6 - https:\/\/yoast.com\/wordpress\/plugins\/seo\/ -->\n<title>Radionica za \u0161ivenje - Pravoslavni Manastir Kovilje<\/title>\n<meta name=\"description\" content=\"Radionica za \u0161ivenje pravoslavnog manastira Kovilje. Kod nas mo\u017eete poru\u010diti \u0161ivenje sve\u0161teni\u010dke ili mona\u0161ke ode\u0107e od va\u0161eg materijala.\" \/>\n<meta name=\"robots\" content=\"index, follow, max-snippet:-1, max-image-preview:large, max-video-preview:-1\" \/>\n<link rel=\"canonical\" href=\"https:\/\/orthodoxkovilje.rs\/radionica-za-sivenje-manastira-kovilje\/\" \/>\n<meta property=\"og:locale\" content=\"ru_RU\" \/>\n<meta property=\"og:type\" content=\"article\" \/>\n<meta property=\"og:title\" content=\"Radionica za \u0161ivenje - Pravoslavni Manastir Kovilje\" \/>\n<meta property=\"og:description\" content=\"Radionica za \u0161ivenje pravoslavnog manastira Kovilje. Kod nas mo\u017eete poru\u010diti \u0161ivenje sve\u0161teni\u010dke ili mona\u0161ke ode\u0107e od va\u0161eg materijala.\" \/>\n<meta property=\"og:url\" content=\"https:\/\/orthodoxkovilje.rs\/radionica-za-sivenje-manastira-kovilje\/\" \/>\n<meta property=\"og:site_name\" content=\"Pravoslavni Manastir Kovilje\" \/>\n<meta property=\"article:modified_time\" content=\"2020-11-22T17:18:42+00:00\" \/>\n<meta property=\"og:image\" content=\"https:\/\/orthodoxkovilje.rs\/wp-content\/uploads\/2018\/02\/sivenje.jpg\" \/>\n\t<meta property=\"og:image:width\" content=\"578\" \/>\n\t<meta property=\"og:image:height\" content=\"700\" \/>\n\t<meta property=\"og:image:type\" content=\"image\/jpeg\" \/>\n<meta name=\"twitter:card\" content=\"summary_large_image\" \/>\n<meta name=\"twitter:label1\" content=\"\u041f\u0440\u0438\u043c\u0435\u0440\u043d\u043e\u0435 \u0432\u0440\u0435\u043c\u044f \u0434\u043b\u044f \u0447\u0442\u0435\u043d\u0438\u044f\" \/>\n\t<meta name=\"twitter:data1\" content=\"1 \u043c\u0438\u043d\u0443\u0442\u0430\" \/>\n<script type=\"application\/ld+json\" class=\"yoast-schema-graph\">{\"@context\":\"https:\/\/schema.org\",\"@graph\":[{\"@type\":\"WebPage\",\"@id\":\"https:\/\/orthodoxkovilje.rs\/radionica-za-sivenje-manastira-kovilje\/\",\"url\":\"https:\/\/orthodoxkovilje.rs\/radionica-za-sivenje-manastira-kovilje\/\",\"name\":\"Radionica za \u0161ivenje - Pravoslavni Manastir Kovilje\",\"isPartOf\":{\"@id\":\"https:\/\/orthodoxkovilje.rs\/#website\"},\"primaryImageOfPage\":{\"@id\":\"https:\/\/orthodoxkovilje.rs\/radionica-za-sivenje-manastira-kovilje\/#primaryimage\"},\"image\":{\"@id\":\"https:\/\/orthodoxkovilje.rs\/radionica-za-sivenje-manastira-kovilje\/#primaryimage\"},\"thumbnailUrl\":\"https:\/\/orthodoxkovilje.rs\/wp-content\/uploads\/2018\/02\/sivenje.jpg\",\"datePublished\":\"2018-02-03T22:35:44+00:00\",\"dateModified\":\"2020-11-22T17:18:42+00:00\",\"description\":\"Radionica za \u0161ivenje pravoslavnog manastira Kovilje. Kod nas mo\u017eete poru\u010diti \u0161ivenje sve\u0161teni\u010dke ili mona\u0161ke ode\u0107e od va\u0161eg materijala.\",\"breadcrumb\":{\"@id\":\"https:\/\/orthodoxkovilje.rs\/radionica-za-sivenje-manastira-kovilje\/#breadcrumb\"},\"inLanguage\":\"ru-RU\",\"potentialAction\":[{\"@type\":\"ReadAction\",\"target\":[\"https:\/\/orthodoxkovilje.rs\/radionica-za-sivenje-manastira-kovilje\/\"]}]},{\"@type\":\"ImageObject\",\"inLanguage\":\"ru-RU\",\"@id\":\"https:\/\/orthodoxkovilje.rs\/radionica-za-sivenje-manastira-kovilje\/#primaryimage\",\"url\":\"https:\/\/orthodoxkovilje.rs\/wp-content\/uploads\/2018\/02\/sivenje.jpg\",\"contentUrl\":\"https:\/\/orthodoxkovilje.rs\/wp-content\/uploads\/2018\/02\/sivenje.jpg\",\"width\":578,\"height\":700,\"caption\":\"\u0420\u0430\u0434\u0438\u043e\u043d\u0438\u0446\u0430 \u0437\u0430 \u0448\u0438\u0432\u0435\u045a\u0435 \u043f\u0440\u0430\u0432\u043e\u0441\u043b\u0430\u0432\u043d\u043e\u0433 \u043c\u0430\u043d\u0430\u0441\u0442\u0438\u0440\u0430 \u041a\u043e\u0432\u0438\u0459\u0435\"},{\"@type\":\"BreadcrumbList\",\"@id\":\"https:\/\/orthodoxkovilje.rs\/radionica-za-sivenje-manastira-kovilje\/#breadcrumb\",\"itemListElement\":[{\"@type\":\"ListItem\",\"position\":1,\"name\":\"\u041f\u043e\u0447\u0435\u0442\u043d\u0430\",\"item\":\"https:\/\/orthodoxkovilje.rs\/\"},{\"@type\":\"ListItem\",\"position\":2,\"name\":\"\u0420\u0430\u0434\u0438\u043e\u043d\u0438\u0446\u0430 \u0437\u0430 \u0448\u0438\u0432\u0435\u045a\u0435\"}]},{\"@type\":\"WebSite\",\"@id\":\"https:\/\/orthodoxkovilje.rs\/#website\",\"url\":\"https:\/\/orthodoxkovilje.rs\/\",\"name\":\"Pravoslavni Manastir Kovilje\",\"description\":\"Serbian Orthodox Monastery Kovllje\",\"publisher\":{\"@id\":\"https:\/\/orthodoxkovilje.rs\/#organization\"},\"potentialAction\":[{\"@type\":\"SearchAction\",\"target\":{\"@type\":\"EntryPoint\",\"urlTemplate\":\"https:\/\/orthodoxkovilje.rs\/?s={search_term_string}\"},\"query-input\":\"required name=search_term_string\"}],\"inLanguage\":\"ru-RU\"},{\"@type\":\"Organization\",\"@id\":\"https:\/\/orthodoxkovilje.rs\/#organization\",\"name\":\"Manastir Kovilje\",\"url\":\"https:\/\/orthodoxkovilje.rs\/\",\"logo\":{\"@type\":\"ImageObject\",\"inLanguage\":\"ru-RU\",\"@id\":\"https:\/\/orthodoxkovilje.rs\/#\/schema\/logo\/image\/\",\"url\":\"http:\/\/orthodoxkovilje.rs\/wp-content\/uploads\/2018\/01\/manastir-kovilje-logo-s.png\",\"contentUrl\":\"http:\/\/orthodoxkovilje.rs\/wp-content\/uploads\/2018\/01\/manastir-kovilje-logo-s.png\",\"width\":75,\"height\":75,\"caption\":\"Manastir Kovilje\"},\"image\":{\"@id\":\"https:\/\/orthodoxkovilje.rs\/#\/schema\/logo\/image\/\"}}]}<\/script>\n<!-- \/ Yoast SEO plugin. -->","yoast_head_json":{"title":"Radionica za \u0161ivenje - Pravoslavni Manastir Kovilje","description":"Radionica za \u0161ivenje pravoslavnog manastira Kovilje. Kod nas mo\u017eete poru\u010diti \u0161ivenje sve\u0161teni\u010dke ili mona\u0161ke ode\u0107e od va\u0161eg materijala.","robots":{"index":"index","follow":"follow","max-snippet":"max-snippet:-1","max-image-preview":"max-image-preview:large","max-video-preview":"max-video-preview:-1"},"canonical":"https:\/\/orthodoxkovilje.rs\/radionica-za-sivenje-manastira-kovilje\/","og_locale":"ru_RU","og_type":"article","og_title":"Radionica za \u0161ivenje - Pravoslavni Manastir Kovilje","og_description":"Radionica za \u0161ivenje pravoslavnog manastira Kovilje. Kod nas mo\u017eete poru\u010diti \u0161ivenje sve\u0161teni\u010dke ili mona\u0161ke ode\u0107e od va\u0161eg materijala.","og_url":"https:\/\/orthodoxkovilje.rs\/radionica-za-sivenje-manastira-kovilje\/","og_site_name":"Pravoslavni Manastir Kovilje","article_modified_time":"2020-11-22T17:18:42+00:00","og_image":[{"width":578,"height":700,"url":"https:\/\/orthodoxkovilje.rs\/wp-content\/uploads\/2018\/02\/sivenje.jpg","type":"image\/jpeg"}],"twitter_card":"summary_large_image","twitter_misc":{"\u041f\u0440\u0438\u043c\u0435\u0440\u043d\u043e\u0435 \u0432\u0440\u0435\u043c\u044f \u0434\u043b\u044f \u0447\u0442\u0435\u043d\u0438\u044f":"1 \u043c\u0438\u043d\u0443\u0442\u0430"},"schema":{"@context":"https:\/\/schema.org","@graph":[{"@type":"WebPage","@id":"https:\/\/orthodoxkovilje.rs\/radionica-za-sivenje-manastira-kovilje\/","url":"https:\/\/orthodoxkovilje.rs\/radionica-za-sivenje-manastira-kovilje\/","name":"Radionica za \u0161ivenje - Pravoslavni Manastir Kovilje","isPartOf":{"@id":"https:\/\/orthodoxkovilje.rs\/#website"},"primaryImageOfPage":{"@id":"https:\/\/orthodoxkovilje.rs\/radionica-za-sivenje-manastira-kovilje\/#primaryimage"},"image":{"@id":"https:\/\/orthodoxkovilje.rs\/radionica-za-sivenje-manastira-kovilje\/#primaryimage"},"thumbnailUrl":"https:\/\/orthodoxkovilje.rs\/wp-content\/uploads\/2018\/02\/sivenje.jpg","datePublished":"2018-02-03T22:35:44+00:00","dateModified":"2020-11-22T17:18:42+00:00","description":"Radionica za \u0161ivenje pravoslavnog manastira Kovilje. Kod nas mo\u017eete poru\u010diti \u0161ivenje sve\u0161teni\u010dke ili mona\u0161ke ode\u0107e od va\u0161eg materijala.","breadcrumb":{"@id":"https:\/\/orthodoxkovilje.rs\/radionica-za-sivenje-manastira-kovilje\/#breadcrumb"},"inLanguage":"ru-RU","potentialAction":[{"@type":"ReadAction","target":["https:\/\/orthodoxkovilje.rs\/radionica-za-sivenje-manastira-kovilje\/"]}]},{"@type":"ImageObject","inLanguage":"ru-RU","@id":"https:\/\/orthodoxkovilje.rs\/radionica-za-sivenje-manastira-kovilje\/#primaryimage","url":"https:\/\/orthodoxkovilje.rs\/wp-content\/uploads\/2018\/02\/sivenje.jpg","contentUrl":"https:\/\/orthodoxkovilje.rs\/wp-content\/uploads\/2018\/02\/sivenje.jpg","width":578,"height":700,"caption":"\u0420\u0430\u0434\u0438\u043e\u043d\u0438\u0446\u0430 \u0437\u0430 \u0448\u0438\u0432\u0435\u045a\u0435 \u043f\u0440\u0430\u0432\u043e\u0441\u043b\u0430\u0432\u043d\u043e\u0433 \u043c\u0430\u043d\u0430\u0441\u0442\u0438\u0440\u0430 \u041a\u043e\u0432\u0438\u0459\u0435"},{"@type":"BreadcrumbList","@id":"https:\/\/orthodoxkovilje.rs\/radionica-za-sivenje-manastira-kovilje\/#breadcrumb","itemListElement":[{"@type":"ListItem","position":1,"name":"\u041f\u043e\u0447\u0435\u0442\u043d\u0430","item":"https:\/\/orthodoxkovilje.rs\/"},{"@type":"ListItem","position":2,"name":"\u0420\u0430\u0434\u0438\u043e\u043d\u0438\u0446\u0430 \u0437\u0430 \u0448\u0438\u0432\u0435\u045a\u0435"}]},{"@type":"WebSite","@id":"https:\/\/orthodoxkovilje.rs\/#website","url":"https:\/\/orthodoxkovilje.rs\/","name":"Pravoslavni Manastir Kovilje","description":"Serbian Orthodox Monastery Kovllje","publisher":{"@id":"https:\/\/orthodoxkovilje.rs\/#organization"},"potentialAction":[{"@type":"SearchAction","target":{"@type":"EntryPoint","urlTemplate":"https:\/\/orthodoxkovilje.rs\/?s={search_term_string}"},"query-input":"required name=search_term_string"}],"inLanguage":"ru-RU"},{"@type":"Organization","@id":"https:\/\/orthodoxkovilje.rs\/#organization","name":"Manastir Kovilje","url":"https:\/\/orthodoxkovilje.rs\/","logo":{"@type":"ImageObject","inLanguage":"ru-RU","@id":"https:\/\/orthodoxkovilje.rs\/#\/schema\/logo\/image\/","url":"http:\/\/orthodoxkovilje.rs\/wp-content\/uploads\/2018\/01\/manastir-kovilje-logo-s.png","contentUrl":"http:\/\/orthodoxkovilje.rs\/wp-content\/uploads\/2018\/01\/manastir-kovilje-logo-s.png","width":75,"height":75,"caption":"Manastir Kovilje"},"image":{"@id":"https:\/\/orthodoxkovilje.rs\/#\/schema\/logo\/image\/"}}]}},"_links":{"self":[{"href":"https:\/\/orthodoxkovilje.rs\/ru\/wp-json\/wp\/v2\/pages\/270"}],"collection":[{"href":"https:\/\/orthodoxkovilje.rs\/ru\/wp-json\/wp\/v2\/pages"}],"about":[{"href":"https:\/\/orthodoxkovilje.rs\/ru\/wp-json\/wp\/v2\/types\/page"}],"author":[{"embeddable":true,"href":"https:\/\/orthodoxkovilje.rs\/ru\/wp-json\/wp\/v2\/users\/1"}],"replies":[{"embeddable":true,"href":"https:\/\/orthodoxkovilje.rs\/ru\/wp-json\/wp\/v2\/comments?post=270"}],"version-history":[{"count":0,"href":"https:\/\/orthodoxkovilje.rs\/ru\/wp-json\/wp\/v2\/pages\/270\/revisions"}],"wp:featuredmedia":[{"embeddable":true,"href":"https:\/\/orthodoxkovilje.rs\/ru\/wp-json\/wp\/v2\/media\/600"}],"wp:attachment":[{"href":"https:\/\/orthodoxkovilje.rs\/ru\/wp-json\/wp\/v2\/media?parent=270"}],"curies":[{"name":"wp","href":"https:\/\/api.w.org\/{rel}","templated":true}]}}