{"id":948,"date":"2018-09-03T08:17:48","date_gmt":"2018-09-03T08:17:48","guid":{"rendered":"http:\/\/orthodoxkovilje.rs\/?post_type=product&#038;p=948"},"modified":"2024-10-30T18:05:09","modified_gmt":"2024-10-30T18:05:09","slug":"%d0%bc%d0%b5%d0%bb%d0%b5%d0%bc-%d0%be%d0%b4-%d0%bd%d0%b5%d0%b2%d0%b5%d0%bd%d0%b0","status":"publish","type":"product","link":"https:\/\/orthodoxkovilje.rs\/fr\/\u043f\u0440\u043e\u0438\u0437\u0432\u043e\u0434\/%d0%bc%d0%b5%d0%bb%d0%b5%d0%bc-%d0%be%d0%b4-%d0%bd%d0%b5%d0%b2%d0%b5%d0%bd%d0%b0\/","title":{"rendered":"(Srpski) \u041c\u0415\u041b\u0415\u041c \u041e\u0414 \u041d\u0415\u0412\u0415\u041d\u0410"},"content":{"rendered":"<p class=\"qtranxs-available-languages-message qtranxs-available-languages-message-fr\">D\u00e9sol\u00e9, cet article est seulement disponible en <a href=\"https:\/\/orthodoxkovilje.rs\/sr\/wp-json\/wp\/v2\/product\/948\" class=\"qtranxs-available-language-link qtranxs-available-language-link-sr\" title=\"Srpski\">Serbe<\/a> et <a href=\"https:\/\/orthodoxkovilje.rs\/en\/wp-json\/wp\/v2\/product\/948\" class=\"qtranxs-available-language-link qtranxs-available-language-link-en\" title=\"English\">Anglais Am\u00e9ricain<\/a>.<\/p>","protected":false},"excerpt":{"rendered":"<p>D\u00e9sol\u00e9, cet article est seulement disponible en Serbe et Anglais Am\u00e9ricain.<\/p>\n","protected":false},"featured_media":986,"template":"","meta":[],"product_cat":[34],"product_tag":[],"featured_image_urls":{"full":["https:\/\/orthodoxkovilje.rs\/wp-content\/uploads\/2018\/09\/melemi-od-nevena-manastir-Kovilje-1.jpg",767,767,false],"thumbnail":["https:\/\/orthodoxkovilje.rs\/wp-content\/uploads\/2018\/09\/melemi-od-nevena-manastir-Kovilje-1-150x150.jpg",150,150,true],"medium":["https:\/\/orthodoxkovilje.rs\/wp-content\/uploads\/2018\/09\/melemi-od-nevena-manastir-Kovilje-1-300x300.jpg",300,300,true],"medium_large":["https:\/\/orthodoxkovilje.rs\/wp-content\/uploads\/2018\/09\/melemi-od-nevena-manastir-Kovilje-1.jpg",767,767,false],"large":["https:\/\/orthodoxkovilje.rs\/wp-content\/uploads\/2018\/09\/melemi-od-nevena-manastir-Kovilje-1.jpg",767,767,false],"1536x1536":["https:\/\/orthodoxkovilje.rs\/wp-content\/uploads\/2018\/09\/melemi-od-nevena-manastir-Kovilje-1.jpg",767,767,false],"2048x2048":["https:\/\/orthodoxkovilje.rs\/wp-content\/uploads\/2018\/09\/melemi-od-nevena-manastir-Kovilje-1.jpg",767,767,false],"woocommerce_thumbnail":["https:\/\/orthodoxkovilje.rs\/wp-content\/uploads\/2018\/09\/melemi-od-nevena-manastir-Kovilje-1-300x300.jpg",300,300,true],"woocommerce_single":["https:\/\/orthodoxkovilje.rs\/wp-content\/uploads\/2018\/09\/melemi-od-nevena-manastir-Kovilje-1-600x600.jpg",600,600,true],"woocommerce_gallery_thumbnail":["https:\/\/orthodoxkovilje.rs\/wp-content\/uploads\/2018\/09\/melemi-od-nevena-manastir-Kovilje-1-100x100.jpg",100,100,true]},"post_excerpt_stackable":"<p>D\u00e9sol\u00e9, cet article est seulement disponible en Serbe et Anglais Am\u00e9ricain.<\/p>\n","category_list":"","author_info":{"name":"","url":""},"comments_num":"0 commentaire","yoast_head":"<!-- This site is optimized with the Yoast SEO plugin v22.6 - https:\/\/yoast.com\/wordpress\/plugins\/seo\/ -->\n<title>Melem od nevena Marigold balm - Pravoslavni Manastir Kovilje<\/title>\n<meta name=\"description\" content=\"Melem od nevena Marigold balm-Lekovito bilje Golije i Javora Poma\u017ee kod zarastanja rana,dekubitisa i opekotina. Koristiti za spoljnu upotrebu\" \/>\n<meta name=\"robots\" content=\"index, follow, max-snippet:-1, max-image-preview:large, max-video-preview:-1\" \/>\n<link rel=\"canonical\" href=\"https:\/\/orthodoxkovilje.rs\/\u043f\u0440\u043e\u0438\u0437\u0432\u043e\u0434\/\u043c\u0435\u043b\u0435\u043c-\u043e\u0434-\u043d\u0435\u0432\u0435\u043d\u0430\/\" \/>\n<meta property=\"og:locale\" content=\"fr_FR\" \/>\n<meta property=\"og:type\" content=\"article\" \/>\n<meta property=\"og:title\" content=\"Melem od nevena Marigold balm - Pravoslavni Manastir Kovilje\" \/>\n<meta property=\"og:description\" content=\"Melem od nevena Marigold balm-Lekovito bilje Golije i Javora Poma\u017ee kod zarastanja rana,dekubitisa i opekotina. Koristiti za spoljnu upotrebu\" \/>\n<meta property=\"og:url\" content=\"https:\/\/orthodoxkovilje.rs\/\u043f\u0440\u043e\u0438\u0437\u0432\u043e\u0434\/\u043c\u0435\u043b\u0435\u043c-\u043e\u0434-\u043d\u0435\u0432\u0435\u043d\u0430\/\" \/>\n<meta property=\"og:site_name\" content=\"Pravoslavni Manastir Kovilje\" \/>\n<meta property=\"article:modified_time\" content=\"2024-10-30T18:05:09+00:00\" \/>\n<meta property=\"og:image\" content=\"https:\/\/orthodoxkovilje.rs\/wp-content\/uploads\/2018\/09\/melemi-od-nevena-manastir-Kovilje-1.jpg\" \/>\n\t<meta property=\"og:image:width\" content=\"767\" \/>\n\t<meta property=\"og:image:height\" content=\"767\" \/>\n\t<meta property=\"og:image:type\" content=\"image\/jpeg\" \/>\n<meta name=\"twitter:card\" content=\"summary_large_image\" \/>\n<script type=\"application\/ld+json\" class=\"yoast-schema-graph\">{\"@context\":\"https:\/\/schema.org\",\"@graph\":[{\"@type\":\"WebPage\",\"@id\":\"https:\/\/orthodoxkovilje.rs\/\u043f\u0440\u043e\u0438\u0437\u0432\u043e\u0434\/%d0%bc%d0%b5%d0%bb%d0%b5%d0%bc-%d0%be%d0%b4-%d0%bd%d0%b5%d0%b2%d0%b5%d0%bd%d0%b0\/\",\"url\":\"https:\/\/orthodoxkovilje.rs\/\u043f\u0440\u043e\u0438\u0437\u0432\u043e\u0434\/%d0%bc%d0%b5%d0%bb%d0%b5%d0%bc-%d0%be%d0%b4-%d0%bd%d0%b5%d0%b2%d0%b5%d0%bd%d0%b0\/\",\"name\":\"Melem od nevena Marigold balm - Pravoslavni Manastir Kovilje\",\"isPartOf\":{\"@id\":\"https:\/\/orthodoxkovilje.rs\/#website\"},\"primaryImageOfPage\":{\"@id\":\"https:\/\/orthodoxkovilje.rs\/\u043f\u0440\u043e\u0438\u0437\u0432\u043e\u0434\/%d0%bc%d0%b5%d0%bb%d0%b5%d0%bc-%d0%be%d0%b4-%d0%bd%d0%b5%d0%b2%d0%b5%d0%bd%d0%b0\/#primaryimage\"},\"image\":{\"@id\":\"https:\/\/orthodoxkovilje.rs\/\u043f\u0440\u043e\u0438\u0437\u0432\u043e\u0434\/%d0%bc%d0%b5%d0%bb%d0%b5%d0%bc-%d0%be%d0%b4-%d0%bd%d0%b5%d0%b2%d0%b5%d0%bd%d0%b0\/#primaryimage\"},\"thumbnailUrl\":\"https:\/\/orthodoxkovilje.rs\/wp-content\/uploads\/2018\/09\/melemi-od-nevena-manastir-Kovilje-1.jpg\",\"datePublished\":\"2018-09-03T08:17:48+00:00\",\"dateModified\":\"2024-10-30T18:05:09+00:00\",\"description\":\"Melem od nevena Marigold balm-Lekovito bilje Golije i Javora Poma\u017ee kod zarastanja rana,dekubitisa i opekotina. Koristiti za spoljnu upotrebu\",\"breadcrumb\":{\"@id\":\"https:\/\/orthodoxkovilje.rs\/\u043f\u0440\u043e\u0438\u0437\u0432\u043e\u0434\/%d0%bc%d0%b5%d0%bb%d0%b5%d0%bc-%d0%be%d0%b4-%d0%bd%d0%b5%d0%b2%d0%b5%d0%bd%d0%b0\/#breadcrumb\"},\"inLanguage\":\"fr-FR\",\"potentialAction\":[{\"@type\":\"ReadAction\",\"target\":[\"https:\/\/orthodoxkovilje.rs\/\u043f\u0440\u043e\u0438\u0437\u0432\u043e\u0434\/%d0%bc%d0%b5%d0%bb%d0%b5%d0%bc-%d0%be%d0%b4-%d0%bd%d0%b5%d0%b2%d0%b5%d0%bd%d0%b0\/\"]}]},{\"@type\":\"ImageObject\",\"inLanguage\":\"fr-FR\",\"@id\":\"https:\/\/orthodoxkovilje.rs\/\u043f\u0440\u043e\u0438\u0437\u0432\u043e\u0434\/%d0%bc%d0%b5%d0%bb%d0%b5%d0%bc-%d0%be%d0%b4-%d0%bd%d0%b5%d0%b2%d0%b5%d0%bd%d0%b0\/#primaryimage\",\"url\":\"https:\/\/orthodoxkovilje.rs\/wp-content\/uploads\/2018\/09\/melemi-od-nevena-manastir-Kovilje-1.jpg\",\"contentUrl\":\"https:\/\/orthodoxkovilje.rs\/wp-content\/uploads\/2018\/09\/melemi-od-nevena-manastir-Kovilje-1.jpg\",\"width\":767,\"height\":767,\"caption\":\"Melem od nevena Marigold balm\"},{\"@type\":\"BreadcrumbList\",\"@id\":\"https:\/\/orthodoxkovilje.rs\/\u043f\u0440\u043e\u0438\u0437\u0432\u043e\u0434\/%d0%bc%d0%b5%d0%bb%d0%b5%d0%bc-%d0%be%d0%b4-%d0%bd%d0%b5%d0%b2%d0%b5%d0%bd%d0%b0\/#breadcrumb\",\"itemListElement\":[{\"@type\":\"ListItem\",\"position\":1,\"name\":\"\u041f\u043e\u0447\u0435\u0442\u043d\u0430\",\"item\":\"https:\/\/orthodoxkovilje.rs\/\"},{\"@type\":\"ListItem\",\"position\":2,\"name\":\"Shop\",\"item\":\"https:\/\/orthodoxkovilje.rs\/prodavnica-shop-manastir-kovilje\/\"},{\"@type\":\"ListItem\",\"position\":3,\"name\":\"[:sr]\u041c\u0415\u041b\u0415\u041c \u041e\u0414 \u041d\u0415\u0412\u0415\u041d\u0410[:en]MARIGOLD BALM[:]\"}]},{\"@type\":\"WebSite\",\"@id\":\"https:\/\/orthodoxkovilje.rs\/#website\",\"url\":\"https:\/\/orthodoxkovilje.rs\/\",\"name\":\"Pravoslavni Manastir Kovilje\",\"description\":\"Serbian Orthodox Monastery Kovllje\",\"publisher\":{\"@id\":\"https:\/\/orthodoxkovilje.rs\/#organization\"},\"potentialAction\":[{\"@type\":\"SearchAction\",\"target\":{\"@type\":\"EntryPoint\",\"urlTemplate\":\"https:\/\/orthodoxkovilje.rs\/?s={search_term_string}\"},\"query-input\":\"required name=search_term_string\"}],\"inLanguage\":\"fr-FR\"},{\"@type\":\"Organization\",\"@id\":\"https:\/\/orthodoxkovilje.rs\/#organization\",\"name\":\"Manastir Kovilje\",\"url\":\"https:\/\/orthodoxkovilje.rs\/\",\"logo\":{\"@type\":\"ImageObject\",\"inLanguage\":\"fr-FR\",\"@id\":\"https:\/\/orthodoxkovilje.rs\/#\/schema\/logo\/image\/\",\"url\":\"http:\/\/orthodoxkovilje.rs\/wp-content\/uploads\/2018\/01\/manastir-kovilje-logo-s.png\",\"contentUrl\":\"http:\/\/orthodoxkovilje.rs\/wp-content\/uploads\/2018\/01\/manastir-kovilje-logo-s.png\",\"width\":75,\"height\":75,\"caption\":\"Manastir Kovilje\"},\"image\":{\"@id\":\"https:\/\/orthodoxkovilje.rs\/#\/schema\/logo\/image\/\"}}]}<\/script>\n<!-- \/ Yoast SEO plugin. -->","yoast_head_json":{"title":"Melem od nevena Marigold balm - Pravoslavni Manastir Kovilje","description":"Melem od nevena Marigold balm-Lekovito bilje Golije i Javora Poma\u017ee kod zarastanja rana,dekubitisa i opekotina. Koristiti za spoljnu upotrebu","robots":{"index":"index","follow":"follow","max-snippet":"max-snippet:-1","max-image-preview":"max-image-preview:large","max-video-preview":"max-video-preview:-1"},"canonical":"https:\/\/orthodoxkovilje.rs\/\u043f\u0440\u043e\u0438\u0437\u0432\u043e\u0434\/\u043c\u0435\u043b\u0435\u043c-\u043e\u0434-\u043d\u0435\u0432\u0435\u043d\u0430\/","og_locale":"fr_FR","og_type":"article","og_title":"Melem od nevena Marigold balm - Pravoslavni Manastir Kovilje","og_description":"Melem od nevena Marigold balm-Lekovito bilje Golije i Javora Poma\u017ee kod zarastanja rana,dekubitisa i opekotina. Koristiti za spoljnu upotrebu","og_url":"https:\/\/orthodoxkovilje.rs\/\u043f\u0440\u043e\u0438\u0437\u0432\u043e\u0434\/\u043c\u0435\u043b\u0435\u043c-\u043e\u0434-\u043d\u0435\u0432\u0435\u043d\u0430\/","og_site_name":"Pravoslavni Manastir Kovilje","article_modified_time":"2024-10-30T18:05:09+00:00","og_image":[{"width":767,"height":767,"url":"https:\/\/orthodoxkovilje.rs\/wp-content\/uploads\/2018\/09\/melemi-od-nevena-manastir-Kovilje-1.jpg","type":"image\/jpeg"}],"twitter_card":"summary_large_image","schema":{"@context":"https:\/\/schema.org","@graph":[{"@type":"WebPage","@id":"https:\/\/orthodoxkovilje.rs\/\u043f\u0440\u043e\u0438\u0437\u0432\u043e\u0434\/%d0%bc%d0%b5%d0%bb%d0%b5%d0%bc-%d0%be%d0%b4-%d0%bd%d0%b5%d0%b2%d0%b5%d0%bd%d0%b0\/","url":"https:\/\/orthodoxkovilje.rs\/\u043f\u0440\u043e\u0438\u0437\u0432\u043e\u0434\/%d0%bc%d0%b5%d0%bb%d0%b5%d0%bc-%d0%be%d0%b4-%d0%bd%d0%b5%d0%b2%d0%b5%d0%bd%d0%b0\/","name":"Melem od nevena Marigold balm - Pravoslavni Manastir Kovilje","isPartOf":{"@id":"https:\/\/orthodoxkovilje.rs\/#website"},"primaryImageOfPage":{"@id":"https:\/\/orthodoxkovilje.rs\/\u043f\u0440\u043e\u0438\u0437\u0432\u043e\u0434\/%d0%bc%d0%b5%d0%bb%d0%b5%d0%bc-%d0%be%d0%b4-%d0%bd%d0%b5%d0%b2%d0%b5%d0%bd%d0%b0\/#primaryimage"},"image":{"@id":"https:\/\/orthodoxkovilje.rs\/\u043f\u0440\u043e\u0438\u0437\u0432\u043e\u0434\/%d0%bc%d0%b5%d0%bb%d0%b5%d0%bc-%d0%be%d0%b4-%d0%bd%d0%b5%d0%b2%d0%b5%d0%bd%d0%b0\/#primaryimage"},"thumbnailUrl":"https:\/\/orthodoxkovilje.rs\/wp-content\/uploads\/2018\/09\/melemi-od-nevena-manastir-Kovilje-1.jpg","datePublished":"2018-09-03T08:17:48+00:00","dateModified":"2024-10-30T18:05:09+00:00","description":"Melem od nevena Marigold balm-Lekovito bilje Golije i Javora Poma\u017ee kod zarastanja rana,dekubitisa i opekotina. Koristiti za spoljnu upotrebu","breadcrumb":{"@id":"https:\/\/orthodoxkovilje.rs\/\u043f\u0440\u043e\u0438\u0437\u0432\u043e\u0434\/%d0%bc%d0%b5%d0%bb%d0%b5%d0%bc-%d0%be%d0%b4-%d0%bd%d0%b5%d0%b2%d0%b5%d0%bd%d0%b0\/#breadcrumb"},"inLanguage":"fr-FR","potentialAction":[{"@type":"ReadAction","target":["https:\/\/orthodoxkovilje.rs\/\u043f\u0440\u043e\u0438\u0437\u0432\u043e\u0434\/%d0%bc%d0%b5%d0%bb%d0%b5%d0%bc-%d0%be%d0%b4-%d0%bd%d0%b5%d0%b2%d0%b5%d0%bd%d0%b0\/"]}]},{"@type":"ImageObject","inLanguage":"fr-FR","@id":"https:\/\/orthodoxkovilje.rs\/\u043f\u0440\u043e\u0438\u0437\u0432\u043e\u0434\/%d0%bc%d0%b5%d0%bb%d0%b5%d0%bc-%d0%be%d0%b4-%d0%bd%d0%b5%d0%b2%d0%b5%d0%bd%d0%b0\/#primaryimage","url":"https:\/\/orthodoxkovilje.rs\/wp-content\/uploads\/2018\/09\/melemi-od-nevena-manastir-Kovilje-1.jpg","contentUrl":"https:\/\/orthodoxkovilje.rs\/wp-content\/uploads\/2018\/09\/melemi-od-nevena-manastir-Kovilje-1.jpg","width":767,"height":767,"caption":"Melem od nevena Marigold balm"},{"@type":"BreadcrumbList","@id":"https:\/\/orthodoxkovilje.rs\/\u043f\u0440\u043e\u0438\u0437\u0432\u043e\u0434\/%d0%bc%d0%b5%d0%bb%d0%b5%d0%bc-%d0%be%d0%b4-%d0%bd%d0%b5%d0%b2%d0%b5%d0%bd%d0%b0\/#breadcrumb","itemListElement":[{"@type":"ListItem","position":1,"name":"\u041f\u043e\u0447\u0435\u0442\u043d\u0430","item":"https:\/\/orthodoxkovilje.rs\/"},{"@type":"ListItem","position":2,"name":"Shop","item":"https:\/\/orthodoxkovilje.rs\/prodavnica-shop-manastir-kovilje\/"},{"@type":"ListItem","position":3,"name":"[:sr]\u041c\u0415\u041b\u0415\u041c \u041e\u0414 \u041d\u0415\u0412\u0415\u041d\u0410[:en]MARIGOLD BALM[:]"}]},{"@type":"WebSite","@id":"https:\/\/orthodoxkovilje.rs\/#website","url":"https:\/\/orthodoxkovilje.rs\/","name":"Pravoslavni Manastir Kovilje","description":"Serbian Orthodox Monastery Kovllje","publisher":{"@id":"https:\/\/orthodoxkovilje.rs\/#organization"},"potentialAction":[{"@type":"SearchAction","target":{"@type":"EntryPoint","urlTemplate":"https:\/\/orthodoxkovilje.rs\/?s={search_term_string}"},"query-input":"required name=search_term_string"}],"inLanguage":"fr-FR"},{"@type":"Organization","@id":"https:\/\/orthodoxkovilje.rs\/#organization","name":"Manastir Kovilje","url":"https:\/\/orthodoxkovilje.rs\/","logo":{"@type":"ImageObject","inLanguage":"fr-FR","@id":"https:\/\/orthodoxkovilje.rs\/#\/schema\/logo\/image\/","url":"http:\/\/orthodoxkovilje.rs\/wp-content\/uploads\/2018\/01\/manastir-kovilje-logo-s.png","contentUrl":"http:\/\/orthodoxkovilje.rs\/wp-content\/uploads\/2018\/01\/manastir-kovilje-logo-s.png","width":75,"height":75,"caption":"Manastir Kovilje"},"image":{"@id":"https:\/\/orthodoxkovilje.rs\/#\/schema\/logo\/image\/"}}]}},"_links":{"self":[{"href":"https:\/\/orthodoxkovilje.rs\/fr\/wp-json\/wp\/v2\/product\/948"}],"collection":[{"href":"https:\/\/orthodoxkovilje.rs\/fr\/wp-json\/wp\/v2\/product"}],"about":[{"href":"https:\/\/orthodoxkovilje.rs\/fr\/wp-json\/wp\/v2\/types\/product"}],"wp:featuredmedia":[{"embeddable":true,"href":"https:\/\/orthodoxkovilje.rs\/fr\/wp-json\/wp\/v2\/media\/986"}],"wp:attachment":[{"href":"https:\/\/orthodoxkovilje.rs\/fr\/wp-json\/wp\/v2\/media?parent=948"}],"wp:term":[{"taxonomy":"product_cat","embeddable":true,"href":"https:\/\/orthodoxkovilje.rs\/fr\/wp-json\/wp\/v2\/product_cat?post=948"},{"taxonomy":"product_tag","embeddable":true,"href":"https:\/\/orthodoxkovilje.rs\/fr\/wp-json\/wp\/v2\/product_tag?post=948"}],"curies":[{"name":"wp","href":"https:\/\/api.w.org\/{rel}","templated":true}]}}