{"id":1805,"date":"2020-11-19T13:43:47","date_gmt":"2020-11-19T13:43:47","guid":{"rendered":"http:\/\/orthodoxkovilje.rs\/?post_type=product&#038;p=1805"},"modified":"2022-08-11T10:54:53","modified_gmt":"2022-08-11T10:54:53","slug":"%d1%80%d1%83%d1%81%d0%b0","status":"publish","type":"product","link":"https:\/\/orthodoxkovilje.rs\/fr\/\u043f\u0440\u043e\u0438\u0437\u0432\u043e\u0434\/%d1%80%d1%83%d1%81%d0%b0\/","title":{"rendered":"\u0420\u0423\u0421\u0410"},"content":{"rendered":"<p><b>Tinctura Chelidonii<\/b><\/p>\n<p><b>\u0417\u0430 \u0441\u043f\u043e\u0459\u043d\u0443 \u0443\u043f\u043e\u0442\u0440\u0435\u0431\u0443<\/b><\/p>\n<p><b>\u0421\u0430\u0441\u0442\u0430\u0432:<\/b><\/p>\n<p><span style=\"font-weight: 400;\">\u0410\u043b\u043a\u043e\u0445\u043e\u043b 96% \u0438 \u043d\u0430\u0434\u0437\u0435\u043c\u043d\u0438 \u0434\u0435\u043e \u0442\u0440\u0430\u0432\u0435 \u0440\u0443\u0441\u0435 (Chelidonii herba)\u00a0<\/span><\/p>\n<p><b>\u041e\u0441\u043e\u0431\u0438\u043d\u0435<\/b><span style=\"font-weight: 400;\">: \u0425\u0435\u0440\u0431\u0430 \u0441\u0430\u0434\u0440\u0436\u0438 \u0438\u0437\u043e\u0445\u0438\u043d\u043e\u043b\u0438\u043d\u0441\u043a\u0435 \u0430\u043b\u043a\u0430\u043b\u043e\u0438\u0434\u0435 , \u0444\u043b\u0430\u0432\u043e\u043d\u0438\u0434\u0435 , \u0441\u0430\u043f\u043e\u043d\u0438\u043d\u0435, \u0431\u0435\u0440\u0431\u0435\u0440\u0438\u043d , \u0445\u0435\u043b\u0438\u0434\u043e\u043d\u0441\u043a\u0443 , \u0458\u0430\u0431\u0443\u0447\u043d\u0443 \u0438 \u043b\u0438\u043c\u0443\u043d\u0441\u043a\u0443 \u043a\u0438\u0441\u0435\u043b\u0438\u043d\u0443 , \u0441\u043e\u043b\u0438 \u043a\u0430\u043b\u0446\u0438\u0458\u0443\u043c\u0430 \u0438 \u043c\u0430\u0433\u043d\u0435\u0437\u0438\u0458\u0443\u043c\u0430.<\/span><\/p>\n<p><b>\u041f\u0440\u0438\u043c\u0435\u043d\u0430<\/b><span style=\"font-weight: 400;\">:\u0422\u0438\u043d\u043a\u0442\u0443\u0440\u0430 \u0440\u043e\u0441\u043e\u043f\u0430\u0441\u0430 (\u0442\u0440\u0430\u0432\u0435 \u0440\u0443\u0441\u0435 ) \u0434\u0435\u043b\u0443\u0458\u0435 \u043d\u0430 \u0431\u0430\u043a\u0442\u0435\u0440\u0438\u0458\u0435 \u0438 \u0433\u0459\u0438\u0432\u0438\u0446\u0435.\u0412\u0435\u045b\u0438\u043d\u0430 \u0438\u0441\u0442\u0440\u0430\u0436\u0438\u0432\u0430\u045a\u0430 \u043f\u043e\u043a\u0430\u0437\u0443\u0458\u0435 \u0434\u0430 \u0458\u0435 \u043e\u0442\u0440\u043e\u0432\u043d\u0430, \u0430\u043b\u0438 \u043e\u0434 \u0434\u0430\u0432\u043d\u0438\u043d\u0430\u00a0 \u0441\u0435 \u0443\u0441\u043f\u0435\u0448\u043d\u043e \u043a\u043e\u0440\u0438\u0441\u0442\u0438 \u0438 \u0434\u0430\u0458\u0435 \u0434\u043e\u0431\u0440\u0435 \u0440\u0435\u0437\u0443\u043b\u0442\u0430\u0442\u0435 \u0443 \u0430\u043b\u0442\u0435\u0440\u043d\u0430\u0442\u0438\u0432\u043d\u043e\u0458 \u043c\u0435\u0434\u0438\u0446\u0438\u043d\u0438. \u040a\u0435\u043d\u0430 \u043b\u0435\u043a\u043e\u0432\u0438\u0442\u043e\u0441\u0442 \u0458\u0435 \u0432\u0435\u043e\u043c\u0430 \u0448\u0438\u0440\u043e\u043a\u043e\u0433 \u0441\u043f\u0435\u043a\u0442\u0440\u0430,. \u0417\u0431\u043e\u0433 \u0431\u0430\u043a\u0442\u0435\u0440\u0438\u043e\u0441\u0442\u0430\u0442\u0438\u0447\u043a\u043e\u0433 \u0434\u0435\u0458\u0441\u0442\u0432\u0430 \u043f\u0440\u0435\u043f\u043e\u0440\u0443\u0447\u0443\u0458\u0435 \u0441\u0435 \u0443\u043f\u043e\u0442\u0440\u0435\u0431\u0430 \u043a\u043e\u0434 \u043a\u043e\u0436\u043d\u0438\u0445 \u0438\u043d\u0444\u0435\u043a\u0446\u0438\u0458\u0430 : \u0431\u0440\u0430\u0434\u0430\u0432\u0438\u0446\u0430 ,\u0436\u0443\u0459\u0435\u0432\u0430,\u0435\u043a\u0446\u0435\u043c\u0430, \u0438 \u043f\u0441\u043e\u0440\u0438\u0458\u0430\u0437e.<\/span><\/p>\n<p><b>\u0423\u043f\u043e\u0442\u0440\u0435\u0431\u0430<\/b><span style=\"font-weight: 400;\">: 30 \u043a\u0430\u043f\u0438 \u0442\u0438\u043d\u043a\u0442\u0443\u0440\u0435 \u043e\u0434 \u0440\u0443\u0441\u0435 \u0440\u0430\u0441\u0442\u0432\u043e\u0440\u0438\u0442\u0438 \u0443 100 \u043c\u043b.\u043f\u0440\u043e\u043a\u0443\u0432\u0430\u043d\u0435 \u0438 \u043e\u0445\u043b\u0430\u0452\u0435\u043d\u0435 \u0432\u043e\u0434\u0435 \u0438 \u0434\u043e\u0431\u0438\u0458\u0435\u043d\u0443 \u0442\u0435\u0447\u043d\u043e\u0441\u0442 \u043a\u043e\u0440\u0438\u0441\u0442\u0438\u0442\u0438 \u0437\u0430 \u043f\u0440\u0438\u043f\u0440\u0435\u043c\u0430\u045a\u0435 \u043e\u0431\u043b\u043e\u0433\u0430 \u043a\u043e\u0434 \u0443\u043f\u0430\u043b\u043d\u0438\u0445 \u043f\u0440\u043e\u0446\u0435\u0441\u0430 \u043d\u0430 \u043a\u043e\u0436\u0438: \u043a\u043e\u0434 \u0435\u043a\u0446\u0435\u043c\u0430 \u0438 \u043f\u0441\u043e\u0440\u0438\u0458\u0430\u0437\u0435.\u0417\u0430 \u0442\u0440\u0435\u0442\u0438\u0440\u0430\u045a\u0435 \u0431\u0440\u0430\u0434\u0430\u0432\u0438\u0446\u0430 \u0438 \u0436\u0443\u0459\u0435\u0432\u0430 \u043a\u043e\u0440\u0438\u0441\u0442\u0438 \u0441\u0435\u00a0 \u043d\u0435\u0440\u0430\u0437\u0431\u043b\u0430\u0436\u0435\u043d\u0430 \u0442\u0438\u043d\u043a\u0442\u0443\u0440\u0430.<\/span><\/p>\n<p><b>\u0427\u0443\u0432\u0430\u045a\u0435<\/b><span style=\"font-weight: 400;\"> :\u041d\u0430 \u0445\u043b\u0430\u0434\u043d\u043e\u043c \u0438 \u0442\u0430\u043c\u043d\u043e\u043c \u043c\u0435\u0441\u0442\u0443.<\/span><\/p>\n<p><span style=\"font-weight: 400;\">\u041f\u0430\u043a\u043e\u0432\u0430\u045a\u0435<\/span> <span style=\"font-weight: 400;\">\u00a020 \u043c\u043b.\u00a0\u00a0\u00a0\u00a0\u00a0\u00a0\u00a0\u00a0\u00a0\u00a0<\/span><\/p>\n<p><span style=\"font-weight: 400;\">\u0420\u043e\u043a \u0443\u043f\u043e\u0442\u0440\u0435\u0431\u0435 18 \u043c\u0435\u0441\u0435\u0446\u0438<\/span><\/p>\n<p><b>\u041a\u043e\u0440\u0438\u0441\u0442\u0438 \u0441\u0435 \u0437\u0430 \u0441\u043f\u043e\u0459\u043d\u0443 \u0443\u043f\u043e\u0442\u0440\u0435\u0431\u0443!<\/b><\/p>\n<p><span style=\"font-weight: 400;\"><a href=\"http:\/\/orthodoxkovilje.rs\/melemi-manastir-kovilje\/\">\u041f\u0440\u043e\u0438\u0437\u0432\u0435\u0434\u0435\u043d\u043e<\/a> \u0443 <a href=\"http:\/\/eparhija-zicka.rs\/manastiri\/manastir-kovilje\/\">\u043c\u0430\u043d\u0430\u0441\u0442\u0438\u0440\u0443 \u041a\u043e\u0432\u0438\u0459\u0435<\/a><\/span><\/p>\n<p>&nbsp;<\/p>\n","protected":false},"excerpt":{"rendered":"<p>\u0422\u0438\u043d\u043a\u0442\u0443\u0440\u0430 \u0440\u043e\u0441\u043e\u043f\u0430\u0441\u0430 (\u0442\u0440\u0430\u0432\u0435 \u0440\u0443\u0441\u0435 ) \u0434\u0435\u043b\u0443\u0458\u0435 \u043d\u0430 \u0431\u0430\u043a\u0442\u0435\u0440\u0438\u0458\u0435 \u0438 \u0433\u0459\u0438\u0432\u0438\u0446\u0435.\u0412\u0435\u045b\u0438\u043d\u0430 \u0438\u0441\u0442\u0440\u0430\u0436\u0438\u0432\u0430\u045a\u0430 \u043f\u043e\u043a\u0430\u0437\u0443\u0458\u0435 \u0434\u0430 \u0458\u0435 \u043e\u0442\u0440\u043e\u0432\u043d\u0430, \u0430\u043b\u0438 \u043e\u0434 \u0434\u0430\u0432\u043d\u0438\u043d\u0430\u00a0 \u0441\u0435 \u0443\u0441\u043f\u0435\u0448\u043d\u043e \u043a\u043e\u0440\u0438\u0441\u0442\u0438 \u0438 \u0434\u0430\u0458\u0435 \u0434\u043e\u0431\u0440\u0435 \u0440\u0435\u0437\u0443\u043b\u0442\u0430\u0442\u0435 \u0443 \u0430\u043b\u0442\u0435\u0440\u043d\u0430\u0442\u0438\u0432\u043d\u043e\u0458 \u043c\u0435\u0434\u0438\u0446\u0438\u043d\u0438. \u040a\u0435\u043d\u0430 \u043b\u0435\u043a\u043e\u0432\u0438\u0442\u043e\u0441\u0442 \u0458\u0435 \u0432\u0435\u043e\u043c\u0430 \u0448\u0438\u0440\u043e\u043a\u043e\u0433 \u0441\u043f\u0435\u043a\u0442\u0440\u0430,. \u0417\u0431\u043e\u0433 \u0431\u0430\u043a\u0442\u0435\u0440\u0438\u043e\u0441\u0442\u0430\u0442\u0438\u0447\u043a\u043e\u0433 \u0434\u0435\u0458\u0441\u0442\u0432\u0430 \u043f\u0440\u0435\u043f\u043e\u0440\u0443\u0447\u0443\u0458\u0435 \u0441\u0435 \u0443\u043f\u043e\u0442\u0440\u0435\u0431\u0430 \u043a\u043e\u0434 \u043a\u043e\u0436\u043d\u0438\u0445 \u0438\u043d\u0444\u0435\u043a\u0446\u0438\u0458\u0430 : \u0431\u0440\u0430\u0434\u0430\u0432\u0438\u0446\u0430 ,\u0436\u0443\u0459\u0435\u0432\u0430,\u0435\u043a\u0446\u0435\u043c\u0430, \u0438 \u043f\u0441\u043e\u0440\u0438\u0458\u0430\u0437e.<\/p>\n","protected":false},"featured_media":1808,"template":"","meta":[],"product_cat":[34],"product_tag":[],"featured_image_urls":{"full":["https:\/\/orthodoxkovilje.rs\/wp-content\/uploads\/2020\/11\/Melene-Rusa-3.jpg",1200,1252,false],"thumbnail":["https:\/\/orthodoxkovilje.rs\/wp-content\/uploads\/2020\/11\/Melene-Rusa-3-150x150.jpg",150,150,true],"medium":["https:\/\/orthodoxkovilje.rs\/wp-content\/uploads\/2020\/11\/Melene-Rusa-3-288x300.jpg",288,300,true],"medium_large":["https:\/\/orthodoxkovilje.rs\/wp-content\/uploads\/2020\/11\/Melene-Rusa-3-768x801.jpg",768,801,true],"large":["https:\/\/orthodoxkovilje.rs\/wp-content\/uploads\/2020\/11\/Melene-Rusa-3-981x1024.jpg",981,1024,true],"1536x1536":["https:\/\/orthodoxkovilje.rs\/wp-content\/uploads\/2020\/11\/Melene-Rusa-3.jpg",1200,1252,false],"2048x2048":["https:\/\/orthodoxkovilje.rs\/wp-content\/uploads\/2020\/11\/Melene-Rusa-3.jpg",1200,1252,false],"woocommerce_thumbnail":["https:\/\/orthodoxkovilje.rs\/wp-content\/uploads\/2020\/11\/Melene-Rusa-3-300x300.jpg",300,300,true],"woocommerce_single":["https:\/\/orthodoxkovilje.rs\/wp-content\/uploads\/2020\/11\/Melene-Rusa-3-600x626.jpg",600,626,true],"woocommerce_gallery_thumbnail":["https:\/\/orthodoxkovilje.rs\/wp-content\/uploads\/2020\/11\/Melene-Rusa-3-100x100.jpg",100,100,true]},"post_excerpt_stackable":"<p>\u0422\u0438\u043d\u043a\u0442\u0443\u0440\u0430 \u0440\u043e\u0441\u043e\u043f\u0430\u0441\u0430 (\u0442\u0440\u0430\u0432\u0435 \u0440\u0443\u0441\u0435 ) \u0434\u0435\u043b\u0443\u0458\u0435 \u043d\u0430 \u0431\u0430\u043a\u0442\u0435\u0440\u0438\u0458\u0435 \u0438 \u0433\u0459\u0438\u0432\u0438\u0446\u0435.\u0412\u0435\u045b\u0438\u043d\u0430 \u0438\u0441\u0442\u0440\u0430\u0436\u0438\u0432\u0430\u045a\u0430 \u043f\u043e\u043a\u0430\u0437\u0443\u0458\u0435 \u0434\u0430 \u0458\u0435 \u043e\u0442\u0440\u043e\u0432\u043d\u0430, \u0430\u043b\u0438 \u043e\u0434 \u0434\u0430\u0432\u043d\u0438\u043d\u0430\u00a0 \u0441\u0435 \u0443\u0441\u043f\u0435\u0448\u043d\u043e \u043a\u043e\u0440\u0438\u0441\u0442\u0438 \u0438 \u0434\u0430\u0458\u0435 \u0434\u043e\u0431\u0440\u0435 \u0440\u0435\u0437\u0443\u043b\u0442\u0430\u0442\u0435 \u0443 \u0430\u043b\u0442\u0435\u0440\u043d\u0430\u0442\u0438\u0432\u043d\u043e\u0458 \u043c\u0435\u0434\u0438\u0446\u0438\u043d\u0438. \u040a\u0435\u043d\u0430 \u043b\u0435\u043a\u043e\u0432\u0438\u0442\u043e\u0441\u0442 \u0458\u0435 \u0432\u0435\u043e\u043c\u0430 \u0448\u0438\u0440\u043e\u043a\u043e\u0433 \u0441\u043f\u0435\u043a\u0442\u0440\u0430,. \u0417\u0431\u043e\u0433 \u0431\u0430\u043a\u0442\u0435\u0440\u0438\u043e\u0441\u0442\u0430\u0442\u0438\u0447\u043a\u043e\u0433 \u0434\u0435\u0458\u0441\u0442\u0432\u0430 \u043f\u0440\u0435\u043f\u043e\u0440\u0443\u0447\u0443\u0458\u0435 \u0441\u0435 \u0443\u043f\u043e\u0442\u0440\u0435\u0431\u0430 \u043a\u043e\u0434 \u043a\u043e\u0436\u043d\u0438\u0445 \u0438\u043d\u0444\u0435\u043a\u0446\u0438\u0458\u0430 : \u0431\u0440\u0430\u0434\u0430\u0432\u0438\u0446\u0430 ,\u0436\u0443\u0459\u0435\u0432\u0430,\u0435\u043a\u0446\u0435\u043c\u0430, \u0438 \u043f\u0441\u043e\u0440\u0438\u0458\u0430\u0437e.<\/p>\n","category_list":"","author_info":{"name":"","url":""},"comments_num":"0 commentaire","yoast_head":"<!-- This site is optimized with the Yoast SEO plugin v22.6 - https:\/\/yoast.com\/wordpress\/plugins\/seo\/ -->\n<title>Rusa trava Tinctura Chelidonii. - Pravoslavni Manastir Kovilje<\/title>\n<meta name=\"description\" content=\"Rusa trava Tinctura Chelidonii. Preporu\u010duje se upotreba protiv bakterije i gljivica, ko\u017enih infekcija bradavica,\u017euljeva,ekcema i psorijaze.\" \/>\n<meta name=\"robots\" content=\"index, follow, max-snippet:-1, max-image-preview:large, max-video-preview:-1\" \/>\n<link rel=\"canonical\" href=\"https:\/\/orthodoxkovilje.rs\/\u043f\u0440\u043e\u0438\u0437\u0432\u043e\u0434\/\u0440\u0443\u0441\u0430\/\" \/>\n<meta property=\"og:locale\" content=\"fr_FR\" \/>\n<meta property=\"og:type\" content=\"article\" \/>\n<meta property=\"og:title\" content=\"Rusa trava Tinctura Chelidonii. - Pravoslavni Manastir Kovilje\" \/>\n<meta property=\"og:description\" content=\"Rusa trava Tinctura Chelidonii. Preporu\u010duje se upotreba protiv bakterije i gljivica, ko\u017enih infekcija bradavica,\u017euljeva,ekcema i psorijaze.\" \/>\n<meta property=\"og:url\" content=\"https:\/\/orthodoxkovilje.rs\/\u043f\u0440\u043e\u0438\u0437\u0432\u043e\u0434\/\u0440\u0443\u0441\u0430\/\" \/>\n<meta property=\"og:site_name\" content=\"Pravoslavni Manastir Kovilje\" \/>\n<meta property=\"article:modified_time\" content=\"2022-08-11T10:54:53+00:00\" \/>\n<meta property=\"og:image\" content=\"https:\/\/orthodoxkovilje.rs\/wp-content\/uploads\/2020\/11\/Melene-Rusa-3.jpg\" \/>\n\t<meta property=\"og:image:width\" content=\"1200\" \/>\n\t<meta property=\"og:image:height\" content=\"1252\" \/>\n\t<meta property=\"og:image:type\" content=\"image\/jpeg\" \/>\n<meta name=\"twitter:card\" content=\"summary_large_image\" \/>\n<script type=\"application\/ld+json\" class=\"yoast-schema-graph\">{\"@context\":\"https:\/\/schema.org\",\"@graph\":[{\"@type\":\"WebPage\",\"@id\":\"https:\/\/orthodoxkovilje.rs\/\u043f\u0440\u043e\u0438\u0437\u0432\u043e\u0434\/%d1%80%d1%83%d1%81%d0%b0\/\",\"url\":\"https:\/\/orthodoxkovilje.rs\/\u043f\u0440\u043e\u0438\u0437\u0432\u043e\u0434\/%d1%80%d1%83%d1%81%d0%b0\/\",\"name\":\"Rusa trava Tinctura Chelidonii. - Pravoslavni Manastir Kovilje\",\"isPartOf\":{\"@id\":\"https:\/\/orthodoxkovilje.rs\/#website\"},\"primaryImageOfPage\":{\"@id\":\"https:\/\/orthodoxkovilje.rs\/\u043f\u0440\u043e\u0438\u0437\u0432\u043e\u0434\/%d1%80%d1%83%d1%81%d0%b0\/#primaryimage\"},\"image\":{\"@id\":\"https:\/\/orthodoxkovilje.rs\/\u043f\u0440\u043e\u0438\u0437\u0432\u043e\u0434\/%d1%80%d1%83%d1%81%d0%b0\/#primaryimage\"},\"thumbnailUrl\":\"https:\/\/orthodoxkovilje.rs\/wp-content\/uploads\/2020\/11\/Melene-Rusa-3.jpg\",\"datePublished\":\"2020-11-19T13:43:47+00:00\",\"dateModified\":\"2022-08-11T10:54:53+00:00\",\"description\":\"Rusa trava Tinctura Chelidonii. Preporu\u010duje se upotreba protiv bakterije i gljivica, ko\u017enih infekcija bradavica,\u017euljeva,ekcema i psorijaze.\",\"breadcrumb\":{\"@id\":\"https:\/\/orthodoxkovilje.rs\/\u043f\u0440\u043e\u0438\u0437\u0432\u043e\u0434\/%d1%80%d1%83%d1%81%d0%b0\/#breadcrumb\"},\"inLanguage\":\"fr-FR\",\"potentialAction\":[{\"@type\":\"ReadAction\",\"target\":[\"https:\/\/orthodoxkovilje.rs\/\u043f\u0440\u043e\u0438\u0437\u0432\u043e\u0434\/%d1%80%d1%83%d1%81%d0%b0\/\"]}]},{\"@type\":\"ImageObject\",\"inLanguage\":\"fr-FR\",\"@id\":\"https:\/\/orthodoxkovilje.rs\/\u043f\u0440\u043e\u0438\u0437\u0432\u043e\u0434\/%d1%80%d1%83%d1%81%d0%b0\/#primaryimage\",\"url\":\"https:\/\/orthodoxkovilje.rs\/wp-content\/uploads\/2020\/11\/Melene-Rusa-3.jpg\",\"contentUrl\":\"https:\/\/orthodoxkovilje.rs\/wp-content\/uploads\/2020\/11\/Melene-Rusa-3.jpg\",\"width\":1200,\"height\":1252,\"caption\":\"Rusa trava Tinctura Chelidonii\"},{\"@type\":\"BreadcrumbList\",\"@id\":\"https:\/\/orthodoxkovilje.rs\/\u043f\u0440\u043e\u0438\u0437\u0432\u043e\u0434\/%d1%80%d1%83%d1%81%d0%b0\/#breadcrumb\",\"itemListElement\":[{\"@type\":\"ListItem\",\"position\":1,\"name\":\"\u041f\u043e\u0447\u0435\u0442\u043d\u0430\",\"item\":\"https:\/\/orthodoxkovilje.rs\/\"},{\"@type\":\"ListItem\",\"position\":2,\"name\":\"Shop\",\"item\":\"https:\/\/orthodoxkovilje.rs\/prodavnica-shop-manastir-kovilje\/\"},{\"@type\":\"ListItem\",\"position\":3,\"name\":\"\u0420\u0423\u0421\u0410\"}]},{\"@type\":\"WebSite\",\"@id\":\"https:\/\/orthodoxkovilje.rs\/#website\",\"url\":\"https:\/\/orthodoxkovilje.rs\/\",\"name\":\"Pravoslavni Manastir Kovilje\",\"description\":\"Serbian Orthodox Monastery Kovllje\",\"publisher\":{\"@id\":\"https:\/\/orthodoxkovilje.rs\/#organization\"},\"potentialAction\":[{\"@type\":\"SearchAction\",\"target\":{\"@type\":\"EntryPoint\",\"urlTemplate\":\"https:\/\/orthodoxkovilje.rs\/?s={search_term_string}\"},\"query-input\":\"required name=search_term_string\"}],\"inLanguage\":\"fr-FR\"},{\"@type\":\"Organization\",\"@id\":\"https:\/\/orthodoxkovilje.rs\/#organization\",\"name\":\"Manastir Kovilje\",\"url\":\"https:\/\/orthodoxkovilje.rs\/\",\"logo\":{\"@type\":\"ImageObject\",\"inLanguage\":\"fr-FR\",\"@id\":\"https:\/\/orthodoxkovilje.rs\/#\/schema\/logo\/image\/\",\"url\":\"http:\/\/orthodoxkovilje.rs\/wp-content\/uploads\/2018\/01\/manastir-kovilje-logo-s.png\",\"contentUrl\":\"http:\/\/orthodoxkovilje.rs\/wp-content\/uploads\/2018\/01\/manastir-kovilje-logo-s.png\",\"width\":75,\"height\":75,\"caption\":\"Manastir Kovilje\"},\"image\":{\"@id\":\"https:\/\/orthodoxkovilje.rs\/#\/schema\/logo\/image\/\"}}]}<\/script>\n<!-- \/ Yoast SEO plugin. -->","yoast_head_json":{"title":"Rusa trava Tinctura Chelidonii. - Pravoslavni Manastir Kovilje","description":"Rusa trava Tinctura Chelidonii. Preporu\u010duje se upotreba protiv bakterije i gljivica, ko\u017enih infekcija bradavica,\u017euljeva,ekcema i psorijaze.","robots":{"index":"index","follow":"follow","max-snippet":"max-snippet:-1","max-image-preview":"max-image-preview:large","max-video-preview":"max-video-preview:-1"},"canonical":"https:\/\/orthodoxkovilje.rs\/\u043f\u0440\u043e\u0438\u0437\u0432\u043e\u0434\/\u0440\u0443\u0441\u0430\/","og_locale":"fr_FR","og_type":"article","og_title":"Rusa trava Tinctura Chelidonii. - Pravoslavni Manastir Kovilje","og_description":"Rusa trava Tinctura Chelidonii. Preporu\u010duje se upotreba protiv bakterije i gljivica, ko\u017enih infekcija bradavica,\u017euljeva,ekcema i psorijaze.","og_url":"https:\/\/orthodoxkovilje.rs\/\u043f\u0440\u043e\u0438\u0437\u0432\u043e\u0434\/\u0440\u0443\u0441\u0430\/","og_site_name":"Pravoslavni Manastir Kovilje","article_modified_time":"2022-08-11T10:54:53+00:00","og_image":[{"width":1200,"height":1252,"url":"https:\/\/orthodoxkovilje.rs\/wp-content\/uploads\/2020\/11\/Melene-Rusa-3.jpg","type":"image\/jpeg"}],"twitter_card":"summary_large_image","schema":{"@context":"https:\/\/schema.org","@graph":[{"@type":"WebPage","@id":"https:\/\/orthodoxkovilje.rs\/\u043f\u0440\u043e\u0438\u0437\u0432\u043e\u0434\/%d1%80%d1%83%d1%81%d0%b0\/","url":"https:\/\/orthodoxkovilje.rs\/\u043f\u0440\u043e\u0438\u0437\u0432\u043e\u0434\/%d1%80%d1%83%d1%81%d0%b0\/","name":"Rusa trava Tinctura Chelidonii. - Pravoslavni Manastir Kovilje","isPartOf":{"@id":"https:\/\/orthodoxkovilje.rs\/#website"},"primaryImageOfPage":{"@id":"https:\/\/orthodoxkovilje.rs\/\u043f\u0440\u043e\u0438\u0437\u0432\u043e\u0434\/%d1%80%d1%83%d1%81%d0%b0\/#primaryimage"},"image":{"@id":"https:\/\/orthodoxkovilje.rs\/\u043f\u0440\u043e\u0438\u0437\u0432\u043e\u0434\/%d1%80%d1%83%d1%81%d0%b0\/#primaryimage"},"thumbnailUrl":"https:\/\/orthodoxkovilje.rs\/wp-content\/uploads\/2020\/11\/Melene-Rusa-3.jpg","datePublished":"2020-11-19T13:43:47+00:00","dateModified":"2022-08-11T10:54:53+00:00","description":"Rusa trava Tinctura Chelidonii. Preporu\u010duje se upotreba protiv bakterije i gljivica, ko\u017enih infekcija bradavica,\u017euljeva,ekcema i psorijaze.","breadcrumb":{"@id":"https:\/\/orthodoxkovilje.rs\/\u043f\u0440\u043e\u0438\u0437\u0432\u043e\u0434\/%d1%80%d1%83%d1%81%d0%b0\/#breadcrumb"},"inLanguage":"fr-FR","potentialAction":[{"@type":"ReadAction","target":["https:\/\/orthodoxkovilje.rs\/\u043f\u0440\u043e\u0438\u0437\u0432\u043e\u0434\/%d1%80%d1%83%d1%81%d0%b0\/"]}]},{"@type":"ImageObject","inLanguage":"fr-FR","@id":"https:\/\/orthodoxkovilje.rs\/\u043f\u0440\u043e\u0438\u0437\u0432\u043e\u0434\/%d1%80%d1%83%d1%81%d0%b0\/#primaryimage","url":"https:\/\/orthodoxkovilje.rs\/wp-content\/uploads\/2020\/11\/Melene-Rusa-3.jpg","contentUrl":"https:\/\/orthodoxkovilje.rs\/wp-content\/uploads\/2020\/11\/Melene-Rusa-3.jpg","width":1200,"height":1252,"caption":"Rusa trava Tinctura Chelidonii"},{"@type":"BreadcrumbList","@id":"https:\/\/orthodoxkovilje.rs\/\u043f\u0440\u043e\u0438\u0437\u0432\u043e\u0434\/%d1%80%d1%83%d1%81%d0%b0\/#breadcrumb","itemListElement":[{"@type":"ListItem","position":1,"name":"\u041f\u043e\u0447\u0435\u0442\u043d\u0430","item":"https:\/\/orthodoxkovilje.rs\/"},{"@type":"ListItem","position":2,"name":"Shop","item":"https:\/\/orthodoxkovilje.rs\/prodavnica-shop-manastir-kovilje\/"},{"@type":"ListItem","position":3,"name":"\u0420\u0423\u0421\u0410"}]},{"@type":"WebSite","@id":"https:\/\/orthodoxkovilje.rs\/#website","url":"https:\/\/orthodoxkovilje.rs\/","name":"Pravoslavni Manastir Kovilje","description":"Serbian Orthodox Monastery Kovllje","publisher":{"@id":"https:\/\/orthodoxkovilje.rs\/#organization"},"potentialAction":[{"@type":"SearchAction","target":{"@type":"EntryPoint","urlTemplate":"https:\/\/orthodoxkovilje.rs\/?s={search_term_string}"},"query-input":"required name=search_term_string"}],"inLanguage":"fr-FR"},{"@type":"Organization","@id":"https:\/\/orthodoxkovilje.rs\/#organization","name":"Manastir Kovilje","url":"https:\/\/orthodoxkovilje.rs\/","logo":{"@type":"ImageObject","inLanguage":"fr-FR","@id":"https:\/\/orthodoxkovilje.rs\/#\/schema\/logo\/image\/","url":"http:\/\/orthodoxkovilje.rs\/wp-content\/uploads\/2018\/01\/manastir-kovilje-logo-s.png","contentUrl":"http:\/\/orthodoxkovilje.rs\/wp-content\/uploads\/2018\/01\/manastir-kovilje-logo-s.png","width":75,"height":75,"caption":"Manastir Kovilje"},"image":{"@id":"https:\/\/orthodoxkovilje.rs\/#\/schema\/logo\/image\/"}}]}},"_links":{"self":[{"href":"https:\/\/orthodoxkovilje.rs\/fr\/wp-json\/wp\/v2\/product\/1805"}],"collection":[{"href":"https:\/\/orthodoxkovilje.rs\/fr\/wp-json\/wp\/v2\/product"}],"about":[{"href":"https:\/\/orthodoxkovilje.rs\/fr\/wp-json\/wp\/v2\/types\/product"}],"wp:featuredmedia":[{"embeddable":true,"href":"https:\/\/orthodoxkovilje.rs\/fr\/wp-json\/wp\/v2\/media\/1808"}],"wp:attachment":[{"href":"https:\/\/orthodoxkovilje.rs\/fr\/wp-json\/wp\/v2\/media?parent=1805"}],"wp:term":[{"taxonomy":"product_cat","embeddable":true,"href":"https:\/\/orthodoxkovilje.rs\/fr\/wp-json\/wp\/v2\/product_cat?post=1805"},{"taxonomy":"product_tag","embeddable":true,"href":"https:\/\/orthodoxkovilje.rs\/fr\/wp-json\/wp\/v2\/product_tag?post=1805"}],"curies":[{"name":"wp","href":"https:\/\/api.w.org\/{rel}","templated":true}]}}