{"id":1268,"date":"2019-02-27T23:12:03","date_gmt":"2019-02-27T23:12:03","guid":{"rendered":"http:\/\/orthodoxkovilje.rs\/?post_type=product&#038;p=1268"},"modified":"2022-08-11T10:54:01","modified_gmt":"2022-08-11T10:54:01","slug":"%d0%ba%d0%b0%d0%bf%d0%b8-%d1%80%d1%83%d1%81%d0%b5-tinctura-chelidonii","status":"publish","type":"product","link":"https:\/\/orthodoxkovilje.rs\/fr\/\u043f\u0440\u043e\u0438\u0437\u0432\u043e\u0434\/%d0%ba%d0%b0%d0%bf%d0%b8-%d1%80%d1%83%d1%81%d0%b5-tinctura-chelidonii\/","title":{"rendered":"(Srpski) \u041a\u0430\u043f\u0438 \u0440\u0443\u0441\u0435 &#8211; Tinctura Chelidonii"},"content":{"rendered":"<p class=\"qtranxs-available-languages-message qtranxs-available-languages-message-fr\">D\u00e9sol\u00e9, cet article est seulement disponible en <a href=\"https:\/\/orthodoxkovilje.rs\/sr\/wp-json\/wp\/v2\/product\/1268\" class=\"qtranxs-available-language-link qtranxs-available-language-link-sr\" title=\"Srpski\">Serbe<\/a>.<\/p>","protected":false},"excerpt":{"rendered":"<p class=\"qtranxs-available-languages-message qtranxs-available-languages-message-fr\">D\u00e9sol\u00e9, cet article est seulement disponible en <a href=\"https:\/\/orthodoxkovilje.rs\/sr\/wp-json\/wp\/v2\/product\/1268\" class=\"qtranxs-available-language-link qtranxs-available-language-link-sr\" title=\"Srpski\">Serbe<\/a>.<\/p>\n","protected":false},"featured_media":1269,"template":"","meta":[],"product_cat":[34],"product_tag":[],"featured_image_urls":{"full":["https:\/\/orthodoxkovilje.rs\/wp-content\/uploads\/2019\/02\/tinktura-od-ruse.jpg",1333,1000,false],"thumbnail":["https:\/\/orthodoxkovilje.rs\/wp-content\/uploads\/2019\/02\/tinktura-od-ruse-150x150.jpg",150,150,true],"medium":["https:\/\/orthodoxkovilje.rs\/wp-content\/uploads\/2019\/02\/tinktura-od-ruse-300x225.jpg",300,225,true],"medium_large":["https:\/\/orthodoxkovilje.rs\/wp-content\/uploads\/2019\/02\/tinktura-od-ruse-768x576.jpg",768,576,true],"large":["https:\/\/orthodoxkovilje.rs\/wp-content\/uploads\/2019\/02\/tinktura-od-ruse-1024x768.jpg",1024,768,true],"1536x1536":["https:\/\/orthodoxkovilje.rs\/wp-content\/uploads\/2019\/02\/tinktura-od-ruse.jpg",1333,1000,false],"2048x2048":["https:\/\/orthodoxkovilje.rs\/wp-content\/uploads\/2019\/02\/tinktura-od-ruse.jpg",1333,1000,false],"woocommerce_thumbnail":["https:\/\/orthodoxkovilje.rs\/wp-content\/uploads\/2019\/02\/tinktura-od-ruse-300x300.jpg",300,300,true],"woocommerce_single":["https:\/\/orthodoxkovilje.rs\/wp-content\/uploads\/2019\/02\/tinktura-od-ruse-600x450.jpg",600,450,true],"woocommerce_gallery_thumbnail":["https:\/\/orthodoxkovilje.rs\/wp-content\/uploads\/2019\/02\/tinktura-od-ruse-100x100.jpg",100,100,true]},"post_excerpt_stackable":"<p class=\"qtranxs-available-languages-message qtranxs-available-languages-message-fr\">D\u00e9sol\u00e9, cet article est seulement disponible en <a href=\"https:\/\/orthodoxkovilje.rs\/sr\/wp-json\/wp\/v2\/product\/1268\" class=\"qtranxs-available-language-link qtranxs-available-language-link-sr\" title=\"Srpski\">Serbe<\/a>.<\/p>\n","category_list":"","author_info":{"name":"","url":""},"comments_num":"0 commentaire","yoast_head":"<!-- This site is optimized with the Yoast SEO plugin v22.6 - https:\/\/yoast.com\/wordpress\/plugins\/seo\/ -->\n<title>Kapi ruse trave - Tinctura Chelidonii - Pravoslavni Manastir Kovilje<\/title>\n<meta name=\"description\" content=\"Kapi ruse trave - Tinctura Chelidonii se koristi kod bradavica, \u017euljeva, ekcema, psorijaze. Ima svojstvo da le\u010di i olak\u0161ava tegobe kod tumora\" \/>\n<meta name=\"robots\" content=\"index, follow, max-snippet:-1, max-image-preview:large, max-video-preview:-1\" \/>\n<link rel=\"canonical\" href=\"https:\/\/orthodoxkovilje.rs\/\u043f\u0440\u043e\u0438\u0437\u0432\u043e\u0434\/\u043a\u0430\u043f\u0438-\u0440\u0443\u0441\u0435-tinctura-chelidonii\/\" \/>\n<meta property=\"og:locale\" content=\"fr_FR\" \/>\n<meta property=\"og:type\" content=\"article\" \/>\n<meta property=\"og:title\" content=\"Kapi ruse trave - Tinctura Chelidonii - Pravoslavni Manastir Kovilje\" \/>\n<meta property=\"og:description\" content=\"Kapi ruse trave - Tinctura Chelidonii se koristi kod bradavica, \u017euljeva, ekcema, psorijaze. Ima svojstvo da le\u010di i olak\u0161ava tegobe kod tumora\" \/>\n<meta property=\"og:url\" content=\"https:\/\/orthodoxkovilje.rs\/\u043f\u0440\u043e\u0438\u0437\u0432\u043e\u0434\/\u043a\u0430\u043f\u0438-\u0440\u0443\u0441\u0435-tinctura-chelidonii\/\" \/>\n<meta property=\"og:site_name\" content=\"Pravoslavni Manastir Kovilje\" \/>\n<meta property=\"article:modified_time\" content=\"2022-08-11T10:54:01+00:00\" \/>\n<meta property=\"og:image\" content=\"https:\/\/orthodoxkovilje.rs\/wp-content\/uploads\/2019\/02\/tinktura-od-ruse.jpg\" \/>\n\t<meta property=\"og:image:width\" content=\"1333\" \/>\n\t<meta property=\"og:image:height\" content=\"1000\" \/>\n\t<meta property=\"og:image:type\" content=\"image\/jpeg\" \/>\n<meta name=\"twitter:card\" content=\"summary_large_image\" \/>\n<meta name=\"twitter:label1\" content=\"Dur\u00e9e de lecture estim\u00e9e\" \/>\n\t<meta name=\"twitter:data1\" content=\"1 minute\" \/>\n<script type=\"application\/ld+json\" class=\"yoast-schema-graph\">{\"@context\":\"https:\/\/schema.org\",\"@graph\":[{\"@type\":\"WebPage\",\"@id\":\"https:\/\/orthodoxkovilje.rs\/\u043f\u0440\u043e\u0438\u0437\u0432\u043e\u0434\/%d0%ba%d0%b0%d0%bf%d0%b8-%d1%80%d1%83%d1%81%d0%b5-tinctura-chelidonii\/\",\"url\":\"https:\/\/orthodoxkovilje.rs\/\u043f\u0440\u043e\u0438\u0437\u0432\u043e\u0434\/%d0%ba%d0%b0%d0%bf%d0%b8-%d1%80%d1%83%d1%81%d0%b5-tinctura-chelidonii\/\",\"name\":\"Kapi ruse trave - Tinctura Chelidonii - Pravoslavni Manastir Kovilje\",\"isPartOf\":{\"@id\":\"https:\/\/orthodoxkovilje.rs\/#website\"},\"primaryImageOfPage\":{\"@id\":\"https:\/\/orthodoxkovilje.rs\/\u043f\u0440\u043e\u0438\u0437\u0432\u043e\u0434\/%d0%ba%d0%b0%d0%bf%d0%b8-%d1%80%d1%83%d1%81%d0%b5-tinctura-chelidonii\/#primaryimage\"},\"image\":{\"@id\":\"https:\/\/orthodoxkovilje.rs\/\u043f\u0440\u043e\u0438\u0437\u0432\u043e\u0434\/%d0%ba%d0%b0%d0%bf%d0%b8-%d1%80%d1%83%d1%81%d0%b5-tinctura-chelidonii\/#primaryimage\"},\"thumbnailUrl\":\"https:\/\/orthodoxkovilje.rs\/wp-content\/uploads\/2019\/02\/tinktura-od-ruse.jpg\",\"datePublished\":\"2019-02-27T23:12:03+00:00\",\"dateModified\":\"2022-08-11T10:54:01+00:00\",\"description\":\"Kapi ruse trave - Tinctura Chelidonii se koristi kod bradavica, \u017euljeva, ekcema, psorijaze. Ima svojstvo da le\u010di i olak\u0161ava tegobe kod tumora\",\"breadcrumb\":{\"@id\":\"https:\/\/orthodoxkovilje.rs\/\u043f\u0440\u043e\u0438\u0437\u0432\u043e\u0434\/%d0%ba%d0%b0%d0%bf%d0%b8-%d1%80%d1%83%d1%81%d0%b5-tinctura-chelidonii\/#breadcrumb\"},\"inLanguage\":\"fr-FR\",\"potentialAction\":[{\"@type\":\"ReadAction\",\"target\":[\"https:\/\/orthodoxkovilje.rs\/\u043f\u0440\u043e\u0438\u0437\u0432\u043e\u0434\/%d0%ba%d0%b0%d0%bf%d0%b8-%d1%80%d1%83%d1%81%d0%b5-tinctura-chelidonii\/\"]}]},{\"@type\":\"ImageObject\",\"inLanguage\":\"fr-FR\",\"@id\":\"https:\/\/orthodoxkovilje.rs\/\u043f\u0440\u043e\u0438\u0437\u0432\u043e\u0434\/%d0%ba%d0%b0%d0%bf%d0%b8-%d1%80%d1%83%d1%81%d0%b5-tinctura-chelidonii\/#primaryimage\",\"url\":\"https:\/\/orthodoxkovilje.rs\/wp-content\/uploads\/2019\/02\/tinktura-od-ruse.jpg\",\"contentUrl\":\"https:\/\/orthodoxkovilje.rs\/wp-content\/uploads\/2019\/02\/tinktura-od-ruse.jpg\",\"width\":1333,\"height\":1000,\"caption\":\"Kapi ruse trave - Tinctura Chelidonii\"},{\"@type\":\"BreadcrumbList\",\"@id\":\"https:\/\/orthodoxkovilje.rs\/\u043f\u0440\u043e\u0438\u0437\u0432\u043e\u0434\/%d0%ba%d0%b0%d0%bf%d0%b8-%d1%80%d1%83%d1%81%d0%b5-tinctura-chelidonii\/#breadcrumb\",\"itemListElement\":[{\"@type\":\"ListItem\",\"position\":1,\"name\":\"\u041f\u043e\u0447\u0435\u0442\u043d\u0430\",\"item\":\"https:\/\/orthodoxkovilje.rs\/\"},{\"@type\":\"ListItem\",\"position\":2,\"name\":\"Shop\",\"item\":\"https:\/\/orthodoxkovilje.rs\/prodavnica-shop-manastir-kovilje\/\"},{\"@type\":\"ListItem\",\"position\":3,\"name\":\"\u041a\u0430\u043f\u0438 \u0440\u0443\u0441\u0435 &#8211; Tinctura Chelidonii\"}]},{\"@type\":\"WebSite\",\"@id\":\"https:\/\/orthodoxkovilje.rs\/#website\",\"url\":\"https:\/\/orthodoxkovilje.rs\/\",\"name\":\"Pravoslavni Manastir Kovilje\",\"description\":\"Serbian Orthodox Monastery Kovllje\",\"publisher\":{\"@id\":\"https:\/\/orthodoxkovilje.rs\/#organization\"},\"potentialAction\":[{\"@type\":\"SearchAction\",\"target\":{\"@type\":\"EntryPoint\",\"urlTemplate\":\"https:\/\/orthodoxkovilje.rs\/?s={search_term_string}\"},\"query-input\":\"required name=search_term_string\"}],\"inLanguage\":\"fr-FR\"},{\"@type\":\"Organization\",\"@id\":\"https:\/\/orthodoxkovilje.rs\/#organization\",\"name\":\"Manastir Kovilje\",\"url\":\"https:\/\/orthodoxkovilje.rs\/\",\"logo\":{\"@type\":\"ImageObject\",\"inLanguage\":\"fr-FR\",\"@id\":\"https:\/\/orthodoxkovilje.rs\/#\/schema\/logo\/image\/\",\"url\":\"http:\/\/orthodoxkovilje.rs\/wp-content\/uploads\/2018\/01\/manastir-kovilje-logo-s.png\",\"contentUrl\":\"http:\/\/orthodoxkovilje.rs\/wp-content\/uploads\/2018\/01\/manastir-kovilje-logo-s.png\",\"width\":75,\"height\":75,\"caption\":\"Manastir Kovilje\"},\"image\":{\"@id\":\"https:\/\/orthodoxkovilje.rs\/#\/schema\/logo\/image\/\"}}]}<\/script>\n<!-- \/ Yoast SEO plugin. -->","yoast_head_json":{"title":"Kapi ruse trave - Tinctura Chelidonii - Pravoslavni Manastir Kovilje","description":"Kapi ruse trave - Tinctura Chelidonii se koristi kod bradavica, \u017euljeva, ekcema, psorijaze. Ima svojstvo da le\u010di i olak\u0161ava tegobe kod tumora","robots":{"index":"index","follow":"follow","max-snippet":"max-snippet:-1","max-image-preview":"max-image-preview:large","max-video-preview":"max-video-preview:-1"},"canonical":"https:\/\/orthodoxkovilje.rs\/\u043f\u0440\u043e\u0438\u0437\u0432\u043e\u0434\/\u043a\u0430\u043f\u0438-\u0440\u0443\u0441\u0435-tinctura-chelidonii\/","og_locale":"fr_FR","og_type":"article","og_title":"Kapi ruse trave - Tinctura Chelidonii - Pravoslavni Manastir Kovilje","og_description":"Kapi ruse trave - Tinctura Chelidonii se koristi kod bradavica, \u017euljeva, ekcema, psorijaze. Ima svojstvo da le\u010di i olak\u0161ava tegobe kod tumora","og_url":"https:\/\/orthodoxkovilje.rs\/\u043f\u0440\u043e\u0438\u0437\u0432\u043e\u0434\/\u043a\u0430\u043f\u0438-\u0440\u0443\u0441\u0435-tinctura-chelidonii\/","og_site_name":"Pravoslavni Manastir Kovilje","article_modified_time":"2022-08-11T10:54:01+00:00","og_image":[{"width":1333,"height":1000,"url":"https:\/\/orthodoxkovilje.rs\/wp-content\/uploads\/2019\/02\/tinktura-od-ruse.jpg","type":"image\/jpeg"}],"twitter_card":"summary_large_image","twitter_misc":{"Dur\u00e9e de lecture estim\u00e9e":"1 minute"},"schema":{"@context":"https:\/\/schema.org","@graph":[{"@type":"WebPage","@id":"https:\/\/orthodoxkovilje.rs\/\u043f\u0440\u043e\u0438\u0437\u0432\u043e\u0434\/%d0%ba%d0%b0%d0%bf%d0%b8-%d1%80%d1%83%d1%81%d0%b5-tinctura-chelidonii\/","url":"https:\/\/orthodoxkovilje.rs\/\u043f\u0440\u043e\u0438\u0437\u0432\u043e\u0434\/%d0%ba%d0%b0%d0%bf%d0%b8-%d1%80%d1%83%d1%81%d0%b5-tinctura-chelidonii\/","name":"Kapi ruse trave - Tinctura Chelidonii - Pravoslavni Manastir Kovilje","isPartOf":{"@id":"https:\/\/orthodoxkovilje.rs\/#website"},"primaryImageOfPage":{"@id":"https:\/\/orthodoxkovilje.rs\/\u043f\u0440\u043e\u0438\u0437\u0432\u043e\u0434\/%d0%ba%d0%b0%d0%bf%d0%b8-%d1%80%d1%83%d1%81%d0%b5-tinctura-chelidonii\/#primaryimage"},"image":{"@id":"https:\/\/orthodoxkovilje.rs\/\u043f\u0440\u043e\u0438\u0437\u0432\u043e\u0434\/%d0%ba%d0%b0%d0%bf%d0%b8-%d1%80%d1%83%d1%81%d0%b5-tinctura-chelidonii\/#primaryimage"},"thumbnailUrl":"https:\/\/orthodoxkovilje.rs\/wp-content\/uploads\/2019\/02\/tinktura-od-ruse.jpg","datePublished":"2019-02-27T23:12:03+00:00","dateModified":"2022-08-11T10:54:01+00:00","description":"Kapi ruse trave - Tinctura Chelidonii se koristi kod bradavica, \u017euljeva, ekcema, psorijaze. Ima svojstvo da le\u010di i olak\u0161ava tegobe kod tumora","breadcrumb":{"@id":"https:\/\/orthodoxkovilje.rs\/\u043f\u0440\u043e\u0438\u0437\u0432\u043e\u0434\/%d0%ba%d0%b0%d0%bf%d0%b8-%d1%80%d1%83%d1%81%d0%b5-tinctura-chelidonii\/#breadcrumb"},"inLanguage":"fr-FR","potentialAction":[{"@type":"ReadAction","target":["https:\/\/orthodoxkovilje.rs\/\u043f\u0440\u043e\u0438\u0437\u0432\u043e\u0434\/%d0%ba%d0%b0%d0%bf%d0%b8-%d1%80%d1%83%d1%81%d0%b5-tinctura-chelidonii\/"]}]},{"@type":"ImageObject","inLanguage":"fr-FR","@id":"https:\/\/orthodoxkovilje.rs\/\u043f\u0440\u043e\u0438\u0437\u0432\u043e\u0434\/%d0%ba%d0%b0%d0%bf%d0%b8-%d1%80%d1%83%d1%81%d0%b5-tinctura-chelidonii\/#primaryimage","url":"https:\/\/orthodoxkovilje.rs\/wp-content\/uploads\/2019\/02\/tinktura-od-ruse.jpg","contentUrl":"https:\/\/orthodoxkovilje.rs\/wp-content\/uploads\/2019\/02\/tinktura-od-ruse.jpg","width":1333,"height":1000,"caption":"Kapi ruse trave - Tinctura Chelidonii"},{"@type":"BreadcrumbList","@id":"https:\/\/orthodoxkovilje.rs\/\u043f\u0440\u043e\u0438\u0437\u0432\u043e\u0434\/%d0%ba%d0%b0%d0%bf%d0%b8-%d1%80%d1%83%d1%81%d0%b5-tinctura-chelidonii\/#breadcrumb","itemListElement":[{"@type":"ListItem","position":1,"name":"\u041f\u043e\u0447\u0435\u0442\u043d\u0430","item":"https:\/\/orthodoxkovilje.rs\/"},{"@type":"ListItem","position":2,"name":"Shop","item":"https:\/\/orthodoxkovilje.rs\/prodavnica-shop-manastir-kovilje\/"},{"@type":"ListItem","position":3,"name":"\u041a\u0430\u043f\u0438 \u0440\u0443\u0441\u0435 &#8211; Tinctura Chelidonii"}]},{"@type":"WebSite","@id":"https:\/\/orthodoxkovilje.rs\/#website","url":"https:\/\/orthodoxkovilje.rs\/","name":"Pravoslavni Manastir Kovilje","description":"Serbian Orthodox Monastery Kovllje","publisher":{"@id":"https:\/\/orthodoxkovilje.rs\/#organization"},"potentialAction":[{"@type":"SearchAction","target":{"@type":"EntryPoint","urlTemplate":"https:\/\/orthodoxkovilje.rs\/?s={search_term_string}"},"query-input":"required name=search_term_string"}],"inLanguage":"fr-FR"},{"@type":"Organization","@id":"https:\/\/orthodoxkovilje.rs\/#organization","name":"Manastir Kovilje","url":"https:\/\/orthodoxkovilje.rs\/","logo":{"@type":"ImageObject","inLanguage":"fr-FR","@id":"https:\/\/orthodoxkovilje.rs\/#\/schema\/logo\/image\/","url":"http:\/\/orthodoxkovilje.rs\/wp-content\/uploads\/2018\/01\/manastir-kovilje-logo-s.png","contentUrl":"http:\/\/orthodoxkovilje.rs\/wp-content\/uploads\/2018\/01\/manastir-kovilje-logo-s.png","width":75,"height":75,"caption":"Manastir Kovilje"},"image":{"@id":"https:\/\/orthodoxkovilje.rs\/#\/schema\/logo\/image\/"}}]}},"_links":{"self":[{"href":"https:\/\/orthodoxkovilje.rs\/fr\/wp-json\/wp\/v2\/product\/1268"}],"collection":[{"href":"https:\/\/orthodoxkovilje.rs\/fr\/wp-json\/wp\/v2\/product"}],"about":[{"href":"https:\/\/orthodoxkovilje.rs\/fr\/wp-json\/wp\/v2\/types\/product"}],"wp:featuredmedia":[{"embeddable":true,"href":"https:\/\/orthodoxkovilje.rs\/fr\/wp-json\/wp\/v2\/media\/1269"}],"wp:attachment":[{"href":"https:\/\/orthodoxkovilje.rs\/fr\/wp-json\/wp\/v2\/media?parent=1268"}],"wp:term":[{"taxonomy":"product_cat","embeddable":true,"href":"https:\/\/orthodoxkovilje.rs\/fr\/wp-json\/wp\/v2\/product_cat?post=1268"},{"taxonomy":"product_tag","embeddable":true,"href":"https:\/\/orthodoxkovilje.rs\/fr\/wp-json\/wp\/v2\/product_tag?post=1268"}],"curies":[{"name":"wp","href":"https:\/\/api.w.org\/{rel}","templated":true}]}}