{"id":1262,"date":"2019-02-27T22:54:32","date_gmt":"2019-02-27T22:54:32","guid":{"rendered":"http:\/\/orthodoxkovilje.rs\/?post_type=product&#038;p=1262"},"modified":"2022-08-11T11:02:56","modified_gmt":"2022-08-11T11:02:56","slug":"%ce%b5%ce%bb%ce%bb%ce%b7%ce%bd%ce%b9%ce%ba%ce%ac-%d0%b2%d0%b5%d0%bd%d0%b4%d0%be%d0%ba%d1%81%d0%b8%d0%bd-%d0%b1%d0%b8%d1%99%d0%bd%d0%b5-%d0%ba%d0%b0%d0%bf%d0%b8","status":"publish","type":"product","link":"https:\/\/orthodoxkovilje.rs\/fr\/\u043f\u0440\u043e\u0438\u0437\u0432\u043e\u0434\/%ce%b5%ce%bb%ce%bb%ce%b7%ce%bd%ce%b9%ce%ba%ce%ac-%d0%b2%d0%b5%d0%bd%d0%b4%d0%be%d0%ba%d1%81%d0%b8%d0%bd-%d0%b1%d0%b8%d1%99%d0%bd%d0%b5-%d0%ba%d0%b0%d0%bf%d0%b8\/","title":{"rendered":"(Srpski) \u0412\u0415\u041d\u0414\u041e\u041a\u0421\u0418\u041d &#8211; \u0411\u0418\u0409\u041d\u0415 \u041a\u0410\u041f\u0418"},"content":{"rendered":"<p class=\"qtranxs-available-languages-message qtranxs-available-languages-message-fr\">D\u00e9sol\u00e9, cet article est seulement disponible en <a href=\"https:\/\/orthodoxkovilje.rs\/sr\/wp-json\/wp\/v2\/product\/1262\" class=\"qtranxs-available-language-link qtranxs-available-language-link-sr\" title=\"Srpski\">Serbe<\/a>.<\/p>","protected":false},"excerpt":{"rendered":"<p class=\"qtranxs-available-languages-message qtranxs-available-languages-message-fr\">D\u00e9sol\u00e9, cet article est seulement disponible en <a href=\"https:\/\/orthodoxkovilje.rs\/sr\/wp-json\/wp\/v2\/product\/1262\" class=\"qtranxs-available-language-link qtranxs-available-language-link-sr\" title=\"Srpski\">Serbe<\/a>.<\/p>\n","protected":false},"featured_media":1263,"template":"","meta":[],"product_cat":[34],"product_tag":[],"featured_image_urls":{"full":["https:\/\/orthodoxkovilje.rs\/wp-content\/uploads\/2019\/02\/DSCN0584.jpg",1139,900,false],"thumbnail":["https:\/\/orthodoxkovilje.rs\/wp-content\/uploads\/2019\/02\/DSCN0584-150x150.jpg",150,150,true],"medium":["https:\/\/orthodoxkovilje.rs\/wp-content\/uploads\/2019\/02\/DSCN0584-300x237.jpg",300,237,true],"medium_large":["https:\/\/orthodoxkovilje.rs\/wp-content\/uploads\/2019\/02\/DSCN0584-768x607.jpg",768,607,true],"large":["https:\/\/orthodoxkovilje.rs\/wp-content\/uploads\/2019\/02\/DSCN0584-1024x809.jpg",1024,809,true],"1536x1536":["https:\/\/orthodoxkovilje.rs\/wp-content\/uploads\/2019\/02\/DSCN0584.jpg",1139,900,false],"2048x2048":["https:\/\/orthodoxkovilje.rs\/wp-content\/uploads\/2019\/02\/DSCN0584.jpg",1139,900,false],"woocommerce_thumbnail":["https:\/\/orthodoxkovilje.rs\/wp-content\/uploads\/2019\/02\/DSCN0584-300x300.jpg",300,300,true],"woocommerce_single":["https:\/\/orthodoxkovilje.rs\/wp-content\/uploads\/2019\/02\/DSCN0584-600x474.jpg",600,474,true],"woocommerce_gallery_thumbnail":["https:\/\/orthodoxkovilje.rs\/wp-content\/uploads\/2019\/02\/DSCN0584-100x100.jpg",100,100,true]},"post_excerpt_stackable":"<p class=\"qtranxs-available-languages-message qtranxs-available-languages-message-fr\">D\u00e9sol\u00e9, cet article est seulement disponible en <a href=\"https:\/\/orthodoxkovilje.rs\/sr\/wp-json\/wp\/v2\/product\/1262\" class=\"qtranxs-available-language-link qtranxs-available-language-link-sr\" title=\"Srpski\">Serbe<\/a>.<\/p>\n","category_list":"","author_info":{"name":"","url":""},"comments_num":"0 commentaire","yoast_head":"<!-- This site is optimized with the Yoast SEO plugin v22.6 - https:\/\/yoast.com\/wordpress\/plugins\/seo\/ -->\n<title>Vendoksin - biljne kapi - Pravoslavni Manastir Kovilje<\/title>\n<meta name=\"description\" content=\"vendoksin - biljne kapi kod problema pro\u0161irenih vena, kao pomo\u0107 za ubla\u017eavanje ili otklanjanje tegoba kod hroni\u010dne venske insuficijencije\" \/>\n<meta name=\"robots\" content=\"index, follow, max-snippet:-1, max-image-preview:large, max-video-preview:-1\" \/>\n<link rel=\"canonical\" href=\"https:\/\/orthodoxkovilje.rs\/\u043f\u0440\u043e\u0438\u0437\u0432\u043e\u0434\/\u03b5\u03bb\u03bb\u03b7\u03bd\u03b9\u03ba\u03ac-\u0432\u0435\u043d\u0434\u043e\u043a\u0441\u0438\u043d-\u0431\u0438\u0459\u043d\u0435-\u043a\u0430\u043f\u0438\/\" \/>\n<meta property=\"og:locale\" content=\"fr_FR\" \/>\n<meta property=\"og:type\" content=\"article\" \/>\n<meta property=\"og:title\" content=\"Vendoksin - biljne kapi - Pravoslavni Manastir Kovilje\" \/>\n<meta property=\"og:description\" content=\"vendoksin - biljne kapi kod problema pro\u0161irenih vena, kao pomo\u0107 za ubla\u017eavanje ili otklanjanje tegoba kod hroni\u010dne venske insuficijencije\" \/>\n<meta property=\"og:url\" content=\"https:\/\/orthodoxkovilje.rs\/\u043f\u0440\u043e\u0438\u0437\u0432\u043e\u0434\/\u03b5\u03bb\u03bb\u03b7\u03bd\u03b9\u03ba\u03ac-\u0432\u0435\u043d\u0434\u043e\u043a\u0441\u0438\u043d-\u0431\u0438\u0459\u043d\u0435-\u043a\u0430\u043f\u0438\/\" \/>\n<meta property=\"og:site_name\" content=\"Pravoslavni Manastir Kovilje\" \/>\n<meta property=\"article:modified_time\" content=\"2022-08-11T11:02:56+00:00\" \/>\n<meta property=\"og:image\" content=\"https:\/\/orthodoxkovilje.rs\/wp-content\/uploads\/2019\/02\/DSCN0584.jpg\" \/>\n\t<meta property=\"og:image:width\" content=\"1139\" \/>\n\t<meta property=\"og:image:height\" content=\"900\" \/>\n\t<meta property=\"og:image:type\" content=\"image\/jpeg\" \/>\n<meta name=\"twitter:card\" content=\"summary_large_image\" \/>\n<meta name=\"twitter:label1\" content=\"Dur\u00e9e de lecture estim\u00e9e\" \/>\n\t<meta name=\"twitter:data1\" content=\"2 minutes\" \/>\n<script type=\"application\/ld+json\" class=\"yoast-schema-graph\">{\"@context\":\"https:\/\/schema.org\",\"@graph\":[{\"@type\":\"WebPage\",\"@id\":\"https:\/\/orthodoxkovilje.rs\/\u043f\u0440\u043e\u0438\u0437\u0432\u043e\u0434\/%ce%b5%ce%bb%ce%bb%ce%b7%ce%bd%ce%b9%ce%ba%ce%ac-%d0%b2%d0%b5%d0%bd%d0%b4%d0%be%d0%ba%d1%81%d0%b8%d0%bd-%d0%b1%d0%b8%d1%99%d0%bd%d0%b5-%d0%ba%d0%b0%d0%bf%d0%b8\/\",\"url\":\"https:\/\/orthodoxkovilje.rs\/\u043f\u0440\u043e\u0438\u0437\u0432\u043e\u0434\/%ce%b5%ce%bb%ce%bb%ce%b7%ce%bd%ce%b9%ce%ba%ce%ac-%d0%b2%d0%b5%d0%bd%d0%b4%d0%be%d0%ba%d1%81%d0%b8%d0%bd-%d0%b1%d0%b8%d1%99%d0%bd%d0%b5-%d0%ba%d0%b0%d0%bf%d0%b8\/\",\"name\":\"Vendoksin - biljne kapi - Pravoslavni Manastir Kovilje\",\"isPartOf\":{\"@id\":\"https:\/\/orthodoxkovilje.rs\/#website\"},\"primaryImageOfPage\":{\"@id\":\"https:\/\/orthodoxkovilje.rs\/\u043f\u0440\u043e\u0438\u0437\u0432\u043e\u0434\/%ce%b5%ce%bb%ce%bb%ce%b7%ce%bd%ce%b9%ce%ba%ce%ac-%d0%b2%d0%b5%d0%bd%d0%b4%d0%be%d0%ba%d1%81%d0%b8%d0%bd-%d0%b1%d0%b8%d1%99%d0%bd%d0%b5-%d0%ba%d0%b0%d0%bf%d0%b8\/#primaryimage\"},\"image\":{\"@id\":\"https:\/\/orthodoxkovilje.rs\/\u043f\u0440\u043e\u0438\u0437\u0432\u043e\u0434\/%ce%b5%ce%bb%ce%bb%ce%b7%ce%bd%ce%b9%ce%ba%ce%ac-%d0%b2%d0%b5%d0%bd%d0%b4%d0%be%d0%ba%d1%81%d0%b8%d0%bd-%d0%b1%d0%b8%d1%99%d0%bd%d0%b5-%d0%ba%d0%b0%d0%bf%d0%b8\/#primaryimage\"},\"thumbnailUrl\":\"https:\/\/orthodoxkovilje.rs\/wp-content\/uploads\/2019\/02\/DSCN0584.jpg\",\"datePublished\":\"2019-02-27T22:54:32+00:00\",\"dateModified\":\"2022-08-11T11:02:56+00:00\",\"description\":\"vendoksin - biljne kapi kod problema pro\u0161irenih vena, kao pomo\u0107 za ubla\u017eavanje ili otklanjanje tegoba kod hroni\u010dne venske insuficijencije\",\"breadcrumb\":{\"@id\":\"https:\/\/orthodoxkovilje.rs\/\u043f\u0440\u043e\u0438\u0437\u0432\u043e\u0434\/%ce%b5%ce%bb%ce%bb%ce%b7%ce%bd%ce%b9%ce%ba%ce%ac-%d0%b2%d0%b5%d0%bd%d0%b4%d0%be%d0%ba%d1%81%d0%b8%d0%bd-%d0%b1%d0%b8%d1%99%d0%bd%d0%b5-%d0%ba%d0%b0%d0%bf%d0%b8\/#breadcrumb\"},\"inLanguage\":\"fr-FR\",\"potentialAction\":[{\"@type\":\"ReadAction\",\"target\":[\"https:\/\/orthodoxkovilje.rs\/\u043f\u0440\u043e\u0438\u0437\u0432\u043e\u0434\/%ce%b5%ce%bb%ce%bb%ce%b7%ce%bd%ce%b9%ce%ba%ce%ac-%d0%b2%d0%b5%d0%bd%d0%b4%d0%be%d0%ba%d1%81%d0%b8%d0%bd-%d0%b1%d0%b8%d1%99%d0%bd%d0%b5-%d0%ba%d0%b0%d0%bf%d0%b8\/\"]}]},{\"@type\":\"ImageObject\",\"inLanguage\":\"fr-FR\",\"@id\":\"https:\/\/orthodoxkovilje.rs\/\u043f\u0440\u043e\u0438\u0437\u0432\u043e\u0434\/%ce%b5%ce%bb%ce%bb%ce%b7%ce%bd%ce%b9%ce%ba%ce%ac-%d0%b2%d0%b5%d0%bd%d0%b4%d0%be%d0%ba%d1%81%d0%b8%d0%bd-%d0%b1%d0%b8%d1%99%d0%bd%d0%b5-%d0%ba%d0%b0%d0%bf%d0%b8\/#primaryimage\",\"url\":\"https:\/\/orthodoxkovilje.rs\/wp-content\/uploads\/2019\/02\/DSCN0584.jpg\",\"contentUrl\":\"https:\/\/orthodoxkovilje.rs\/wp-content\/uploads\/2019\/02\/DSCN0584.jpg\",\"width\":1139,\"height\":900,\"caption\":\"VENDOKSIN - BILjNE KAPI\"},{\"@type\":\"BreadcrumbList\",\"@id\":\"https:\/\/orthodoxkovilje.rs\/\u043f\u0440\u043e\u0438\u0437\u0432\u043e\u0434\/%ce%b5%ce%bb%ce%bb%ce%b7%ce%bd%ce%b9%ce%ba%ce%ac-%d0%b2%d0%b5%d0%bd%d0%b4%d0%be%d0%ba%d1%81%d0%b8%d0%bd-%d0%b1%d0%b8%d1%99%d0%bd%d0%b5-%d0%ba%d0%b0%d0%bf%d0%b8\/#breadcrumb\",\"itemListElement\":[{\"@type\":\"ListItem\",\"position\":1,\"name\":\"\u041f\u043e\u0447\u0435\u0442\u043d\u0430\",\"item\":\"https:\/\/orthodoxkovilje.rs\/\"},{\"@type\":\"ListItem\",\"position\":2,\"name\":\"Shop\",\"item\":\"https:\/\/orthodoxkovilje.rs\/prodavnica-shop-manastir-kovilje\/\"},{\"@type\":\"ListItem\",\"position\":3,\"name\":\"\u0412\u0415\u041d\u0414\u041e\u041a\u0421\u0418\u041d &#8211; \u0411\u0418\u0409\u041d\u0415 \u041a\u0410\u041f\u0418\"}]},{\"@type\":\"WebSite\",\"@id\":\"https:\/\/orthodoxkovilje.rs\/#website\",\"url\":\"https:\/\/orthodoxkovilje.rs\/\",\"name\":\"Pravoslavni Manastir Kovilje\",\"description\":\"Serbian Orthodox Monastery Kovllje\",\"publisher\":{\"@id\":\"https:\/\/orthodoxkovilje.rs\/#organization\"},\"potentialAction\":[{\"@type\":\"SearchAction\",\"target\":{\"@type\":\"EntryPoint\",\"urlTemplate\":\"https:\/\/orthodoxkovilje.rs\/?s={search_term_string}\"},\"query-input\":\"required name=search_term_string\"}],\"inLanguage\":\"fr-FR\"},{\"@type\":\"Organization\",\"@id\":\"https:\/\/orthodoxkovilje.rs\/#organization\",\"name\":\"Manastir Kovilje\",\"url\":\"https:\/\/orthodoxkovilje.rs\/\",\"logo\":{\"@type\":\"ImageObject\",\"inLanguage\":\"fr-FR\",\"@id\":\"https:\/\/orthodoxkovilje.rs\/#\/schema\/logo\/image\/\",\"url\":\"http:\/\/orthodoxkovilje.rs\/wp-content\/uploads\/2018\/01\/manastir-kovilje-logo-s.png\",\"contentUrl\":\"http:\/\/orthodoxkovilje.rs\/wp-content\/uploads\/2018\/01\/manastir-kovilje-logo-s.png\",\"width\":75,\"height\":75,\"caption\":\"Manastir Kovilje\"},\"image\":{\"@id\":\"https:\/\/orthodoxkovilje.rs\/#\/schema\/logo\/image\/\"}}]}<\/script>\n<!-- \/ Yoast SEO plugin. -->","yoast_head_json":{"title":"Vendoksin - biljne kapi - Pravoslavni Manastir Kovilje","description":"vendoksin - biljne kapi kod problema pro\u0161irenih vena, kao pomo\u0107 za ubla\u017eavanje ili otklanjanje tegoba kod hroni\u010dne venske insuficijencije","robots":{"index":"index","follow":"follow","max-snippet":"max-snippet:-1","max-image-preview":"max-image-preview:large","max-video-preview":"max-video-preview:-1"},"canonical":"https:\/\/orthodoxkovilje.rs\/\u043f\u0440\u043e\u0438\u0437\u0432\u043e\u0434\/\u03b5\u03bb\u03bb\u03b7\u03bd\u03b9\u03ba\u03ac-\u0432\u0435\u043d\u0434\u043e\u043a\u0441\u0438\u043d-\u0431\u0438\u0459\u043d\u0435-\u043a\u0430\u043f\u0438\/","og_locale":"fr_FR","og_type":"article","og_title":"Vendoksin - biljne kapi - Pravoslavni Manastir Kovilje","og_description":"vendoksin - biljne kapi kod problema pro\u0161irenih vena, kao pomo\u0107 za ubla\u017eavanje ili otklanjanje tegoba kod hroni\u010dne venske insuficijencije","og_url":"https:\/\/orthodoxkovilje.rs\/\u043f\u0440\u043e\u0438\u0437\u0432\u043e\u0434\/\u03b5\u03bb\u03bb\u03b7\u03bd\u03b9\u03ba\u03ac-\u0432\u0435\u043d\u0434\u043e\u043a\u0441\u0438\u043d-\u0431\u0438\u0459\u043d\u0435-\u043a\u0430\u043f\u0438\/","og_site_name":"Pravoslavni Manastir Kovilje","article_modified_time":"2022-08-11T11:02:56+00:00","og_image":[{"width":1139,"height":900,"url":"https:\/\/orthodoxkovilje.rs\/wp-content\/uploads\/2019\/02\/DSCN0584.jpg","type":"image\/jpeg"}],"twitter_card":"summary_large_image","twitter_misc":{"Dur\u00e9e de lecture estim\u00e9e":"2 minutes"},"schema":{"@context":"https:\/\/schema.org","@graph":[{"@type":"WebPage","@id":"https:\/\/orthodoxkovilje.rs\/\u043f\u0440\u043e\u0438\u0437\u0432\u043e\u0434\/%ce%b5%ce%bb%ce%bb%ce%b7%ce%bd%ce%b9%ce%ba%ce%ac-%d0%b2%d0%b5%d0%bd%d0%b4%d0%be%d0%ba%d1%81%d0%b8%d0%bd-%d0%b1%d0%b8%d1%99%d0%bd%d0%b5-%d0%ba%d0%b0%d0%bf%d0%b8\/","url":"https:\/\/orthodoxkovilje.rs\/\u043f\u0440\u043e\u0438\u0437\u0432\u043e\u0434\/%ce%b5%ce%bb%ce%bb%ce%b7%ce%bd%ce%b9%ce%ba%ce%ac-%d0%b2%d0%b5%d0%bd%d0%b4%d0%be%d0%ba%d1%81%d0%b8%d0%bd-%d0%b1%d0%b8%d1%99%d0%bd%d0%b5-%d0%ba%d0%b0%d0%bf%d0%b8\/","name":"Vendoksin - biljne kapi - Pravoslavni Manastir Kovilje","isPartOf":{"@id":"https:\/\/orthodoxkovilje.rs\/#website"},"primaryImageOfPage":{"@id":"https:\/\/orthodoxkovilje.rs\/\u043f\u0440\u043e\u0438\u0437\u0432\u043e\u0434\/%ce%b5%ce%bb%ce%bb%ce%b7%ce%bd%ce%b9%ce%ba%ce%ac-%d0%b2%d0%b5%d0%bd%d0%b4%d0%be%d0%ba%d1%81%d0%b8%d0%bd-%d0%b1%d0%b8%d1%99%d0%bd%d0%b5-%d0%ba%d0%b0%d0%bf%d0%b8\/#primaryimage"},"image":{"@id":"https:\/\/orthodoxkovilje.rs\/\u043f\u0440\u043e\u0438\u0437\u0432\u043e\u0434\/%ce%b5%ce%bb%ce%bb%ce%b7%ce%bd%ce%b9%ce%ba%ce%ac-%d0%b2%d0%b5%d0%bd%d0%b4%d0%be%d0%ba%d1%81%d0%b8%d0%bd-%d0%b1%d0%b8%d1%99%d0%bd%d0%b5-%d0%ba%d0%b0%d0%bf%d0%b8\/#primaryimage"},"thumbnailUrl":"https:\/\/orthodoxkovilje.rs\/wp-content\/uploads\/2019\/02\/DSCN0584.jpg","datePublished":"2019-02-27T22:54:32+00:00","dateModified":"2022-08-11T11:02:56+00:00","description":"vendoksin - biljne kapi kod problema pro\u0161irenih vena, kao pomo\u0107 za ubla\u017eavanje ili otklanjanje tegoba kod hroni\u010dne venske insuficijencije","breadcrumb":{"@id":"https:\/\/orthodoxkovilje.rs\/\u043f\u0440\u043e\u0438\u0437\u0432\u043e\u0434\/%ce%b5%ce%bb%ce%bb%ce%b7%ce%bd%ce%b9%ce%ba%ce%ac-%d0%b2%d0%b5%d0%bd%d0%b4%d0%be%d0%ba%d1%81%d0%b8%d0%bd-%d0%b1%d0%b8%d1%99%d0%bd%d0%b5-%d0%ba%d0%b0%d0%bf%d0%b8\/#breadcrumb"},"inLanguage":"fr-FR","potentialAction":[{"@type":"ReadAction","target":["https:\/\/orthodoxkovilje.rs\/\u043f\u0440\u043e\u0438\u0437\u0432\u043e\u0434\/%ce%b5%ce%bb%ce%bb%ce%b7%ce%bd%ce%b9%ce%ba%ce%ac-%d0%b2%d0%b5%d0%bd%d0%b4%d0%be%d0%ba%d1%81%d0%b8%d0%bd-%d0%b1%d0%b8%d1%99%d0%bd%d0%b5-%d0%ba%d0%b0%d0%bf%d0%b8\/"]}]},{"@type":"ImageObject","inLanguage":"fr-FR","@id":"https:\/\/orthodoxkovilje.rs\/\u043f\u0440\u043e\u0438\u0437\u0432\u043e\u0434\/%ce%b5%ce%bb%ce%bb%ce%b7%ce%bd%ce%b9%ce%ba%ce%ac-%d0%b2%d0%b5%d0%bd%d0%b4%d0%be%d0%ba%d1%81%d0%b8%d0%bd-%d0%b1%d0%b8%d1%99%d0%bd%d0%b5-%d0%ba%d0%b0%d0%bf%d0%b8\/#primaryimage","url":"https:\/\/orthodoxkovilje.rs\/wp-content\/uploads\/2019\/02\/DSCN0584.jpg","contentUrl":"https:\/\/orthodoxkovilje.rs\/wp-content\/uploads\/2019\/02\/DSCN0584.jpg","width":1139,"height":900,"caption":"VENDOKSIN - BILjNE KAPI"},{"@type":"BreadcrumbList","@id":"https:\/\/orthodoxkovilje.rs\/\u043f\u0440\u043e\u0438\u0437\u0432\u043e\u0434\/%ce%b5%ce%bb%ce%bb%ce%b7%ce%bd%ce%b9%ce%ba%ce%ac-%d0%b2%d0%b5%d0%bd%d0%b4%d0%be%d0%ba%d1%81%d0%b8%d0%bd-%d0%b1%d0%b8%d1%99%d0%bd%d0%b5-%d0%ba%d0%b0%d0%bf%d0%b8\/#breadcrumb","itemListElement":[{"@type":"ListItem","position":1,"name":"\u041f\u043e\u0447\u0435\u0442\u043d\u0430","item":"https:\/\/orthodoxkovilje.rs\/"},{"@type":"ListItem","position":2,"name":"Shop","item":"https:\/\/orthodoxkovilje.rs\/prodavnica-shop-manastir-kovilje\/"},{"@type":"ListItem","position":3,"name":"\u0412\u0415\u041d\u0414\u041e\u041a\u0421\u0418\u041d &#8211; \u0411\u0418\u0409\u041d\u0415 \u041a\u0410\u041f\u0418"}]},{"@type":"WebSite","@id":"https:\/\/orthodoxkovilje.rs\/#website","url":"https:\/\/orthodoxkovilje.rs\/","name":"Pravoslavni Manastir Kovilje","description":"Serbian Orthodox Monastery Kovllje","publisher":{"@id":"https:\/\/orthodoxkovilje.rs\/#organization"},"potentialAction":[{"@type":"SearchAction","target":{"@type":"EntryPoint","urlTemplate":"https:\/\/orthodoxkovilje.rs\/?s={search_term_string}"},"query-input":"required name=search_term_string"}],"inLanguage":"fr-FR"},{"@type":"Organization","@id":"https:\/\/orthodoxkovilje.rs\/#organization","name":"Manastir Kovilje","url":"https:\/\/orthodoxkovilje.rs\/","logo":{"@type":"ImageObject","inLanguage":"fr-FR","@id":"https:\/\/orthodoxkovilje.rs\/#\/schema\/logo\/image\/","url":"http:\/\/orthodoxkovilje.rs\/wp-content\/uploads\/2018\/01\/manastir-kovilje-logo-s.png","contentUrl":"http:\/\/orthodoxkovilje.rs\/wp-content\/uploads\/2018\/01\/manastir-kovilje-logo-s.png","width":75,"height":75,"caption":"Manastir Kovilje"},"image":{"@id":"https:\/\/orthodoxkovilje.rs\/#\/schema\/logo\/image\/"}}]}},"_links":{"self":[{"href":"https:\/\/orthodoxkovilje.rs\/fr\/wp-json\/wp\/v2\/product\/1262"}],"collection":[{"href":"https:\/\/orthodoxkovilje.rs\/fr\/wp-json\/wp\/v2\/product"}],"about":[{"href":"https:\/\/orthodoxkovilje.rs\/fr\/wp-json\/wp\/v2\/types\/product"}],"wp:featuredmedia":[{"embeddable":true,"href":"https:\/\/orthodoxkovilje.rs\/fr\/wp-json\/wp\/v2\/media\/1263"}],"wp:attachment":[{"href":"https:\/\/orthodoxkovilje.rs\/fr\/wp-json\/wp\/v2\/media?parent=1262"}],"wp:term":[{"taxonomy":"product_cat","embeddable":true,"href":"https:\/\/orthodoxkovilje.rs\/fr\/wp-json\/wp\/v2\/product_cat?post=1262"},{"taxonomy":"product_tag","embeddable":true,"href":"https:\/\/orthodoxkovilje.rs\/fr\/wp-json\/wp\/v2\/product_tag?post=1262"}],"curies":[{"name":"wp","href":"https:\/\/api.w.org\/{rel}","templated":true}]}}