{"id":38,"date":"2018-01-05T00:57:54","date_gmt":"2018-01-05T00:57:54","guid":{"rendered":"http:\/\/orthodoxkovilje.rs\/?page_id=38"},"modified":"2020-11-21T23:47:16","modified_gmt":"2020-11-21T23:47:16","slug":"dobrotvorni-prilozi-obnova-manastira","status":"publish","type":"page","link":"https:\/\/orthodoxkovilje.rs\/fr\/dobrotvorni-prilozi-obnova-manastira\/","title":{"rendered":"CONTRIBUTIONS CARITATIVES \/ R\u00c9NOVATION DU MONASTERE"},"content":{"rendered":"<p>Le monast\u00e8re de <em>Kovilje<\/em> se trouve \u00e0 environ 30 km de la ville d&rsquo;Ivanjica, dans la montagne <em>Golija<\/em>. Le d\u00e9veloppement de la communion monastique doit beaucoup \u00e0 la position du monast\u00e8re, en raison de son \u00e9loignement de la ville, mais il est \u00e9galement assez proche pour les touristes et les p\u00e8lerins qui souhaitent faire une courte visite. La fraternit\u00e9 gagne sa vie en brodant, en peignant des ic\u00f4nes et en fabriquant des baumes. Cependant, il est difficile de terminer la reconstruction des \u00e9glises et de construire les habitations monastiques. Nos plans ont d\u00e9j\u00e0 \u00e9t\u00e9 r\u00e9alis\u00e9s et c&rsquo;est quelque chose que vous pouvez suivre sur la page \u00ab&nbsp;Reconstruction du monast\u00e8re&nbsp;\u00bb&nbsp;; n\u00e9anmoins, nous avons besoin d&rsquo;aide pour terminer notre travail et tous les dons sont les bienvenus. Si vous le souhaitez, vous pouvez \u00e9galement envoyer les noms de vos proches vivants et d\u00e9c\u00e9d\u00e9s afin que nous puissions prier pour eux.<\/p>\n<p>Que la b\u00e9n\u00e9diction de notre bon Dieu et de sa Sainte M\u00e8re soit avec vous.<\/p>\n<p><strong>\u0411\u043b\u0430\u0433\u043e\u0441\u043b\u043e\u0432 \u0411\u043e\u0436\u0438\u0458\u0438 \u0438 \u043c\u043e\u043b\u0438\u0442\u0432\u0435 \u0441\u0432\u0438\u0445 \u0441\u0432\u0435\u0442\u0438\u0445 \u043a\u043e\u0458\u0438 \u0441\u0443 \u0436\u0438\u0432\u0435\u043b\u0438 \u043e\u0432\u0434\u0435 \u043d\u0435\u043a\u0430 \u0431\u0443\u0434\u0443 \u0441\u0430 \u0432\u0430\u043c\u0430.<\/strong><\/p>\n<p><a href=\"http:\/\/paypal.me\/manastirkovilje\"><img decoding=\"async\" loading=\"lazy\" class=\"alignleft wp-image-811 size-medium\" src=\"http:\/\/orthodoxkovilje.rs\/wp-content\/uploads\/2018\/05\/Artboard-5-300x107.png\" alt=\"\" width=\"300\" height=\"107\" srcset=\"https:\/\/orthodoxkovilje.rs\/wp-content\/uploads\/2018\/05\/Artboard-5-300x107.png 300w, https:\/\/orthodoxkovilje.rs\/wp-content\/uploads\/2018\/05\/Artboard-5-600x214.png 600w, https:\/\/orthodoxkovilje.rs\/wp-content\/uploads\/2018\/05\/Artboard-5-768x274.png 768w, https:\/\/orthodoxkovilje.rs\/wp-content\/uploads\/2018\/05\/Artboard-5-1024x365.png 1024w, https:\/\/orthodoxkovilje.rs\/wp-content\/uploads\/2018\/05\/Artboard-5.png 1367w\" sizes=\"(max-width: 300px) 100vw, 300px\" \/><\/a><\/p>\n<p>\u0414\u0438\u043d\u0430\u0440\u0441\u043a\u0438 \u0440\u0430\u0447\u0443\u043d \u0443 \u0425\u0410\u041b\u041a \u0431\u0430\u043d\u043a\u0438 (\u0431\u0438\u0432\u0448\u0430 \u0427\u0430\u0447\u0430\u043d\u0441\u043a\u0430 \u0431\u0430\u043d\u043a\u0430): : 155-28740-23<\/p>\n<p>\u0414\u0438\u043d\u0430\u0440\u0441\u043a\u0438 \u0440\u0430\u0447\u0443\u043d \u0443 \u0412\u043e\u0458\u0432\u043e\u0452\u0430\u043d\u0441\u043a\u043e\u0458 \u0431\u0430\u043d\u0446\u0438:&nbsp;<b>&nbsp;<span style=\"font-family: Times New Roman, serif;\"><span style=\"font-size: medium;\">32590060003215115<\/span><\/span><\/b><\/p>\n<figure id=\"attachment_638\" aria-describedby=\"caption-attachment-638\" style=\"width: 145px\" class=\"wp-caption alignleft\"><a href=\"http:\/\/orthodoxkovilje.rs\/wp-content\/uploads\/2018\/02\/Instructions-for-Payment.pdf\"><img decoding=\"async\" loading=\"lazy\" class=\"wp-image-638\" src=\"http:\/\/orthodoxkovilje.rs\/wp-content\/uploads\/2018\/02\/instrukcije-za-placanje2.jpg\" alt=\"\" width=\"145\" height=\"200\" srcset=\"https:\/\/orthodoxkovilje.rs\/wp-content\/uploads\/2018\/02\/instrukcije-za-placanje2.jpg 401w, https:\/\/orthodoxkovilje.rs\/wp-content\/uploads\/2018\/02\/instrukcije-za-placanje2-217x300.jpg 217w\" sizes=\"(max-width: 145px) 100vw, 145px\" \/><\/a><figcaption id=\"caption-attachment-638\" class=\"wp-caption-text\">\u0418\u043d\u0441\u0442\u0440\u0443\u043a\u0446\u0438\u0458\u0435 \u0437\u0430 \u043f\u043b\u0430\u045b\u0430\u045a\u0435<\/figcaption><\/figure>\n<p><\/p>","protected":false},"excerpt":{"rendered":"<p>Le monast\u00e8re de Kovilje se trouve \u00e0 environ 30 km de la ville d&rsquo;Ivanjica, dans la montagne Golija. Le d\u00e9veloppement de la communion monastique doit beaucoup \u00e0 la position du monast\u00e8re, en raison de son \u00e9loignement de la ville, mais il est \u00e9galement assez proche pour les touristes et les p\u00e8lerins qui souhaitent faire une courte visite.<\/p>\n","protected":false},"author":1,"featured_media":644,"parent":0,"menu_order":0,"comment_status":"closed","ping_status":"closed","template":"","meta":{"footnotes":""},"featured_image_urls":{"full":["https:\/\/orthodoxkovilje.rs\/wp-content\/uploads\/2018\/02\/06-obnova-manastira-kovilje-82.jpg",631,768,false],"thumbnail":["https:\/\/orthodoxkovilje.rs\/wp-content\/uploads\/2018\/02\/06-obnova-manastira-kovilje-82-150x150.jpg",150,150,true],"medium":["https:\/\/orthodoxkovilje.rs\/wp-content\/uploads\/2018\/02\/06-obnova-manastira-kovilje-82-246x300.jpg",246,300,true],"medium_large":["https:\/\/orthodoxkovilje.rs\/wp-content\/uploads\/2018\/02\/06-obnova-manastira-kovilje-82.jpg",631,768,false],"large":["https:\/\/orthodoxkovilje.rs\/wp-content\/uploads\/2018\/02\/06-obnova-manastira-kovilje-82.jpg",631,768,false],"1536x1536":["https:\/\/orthodoxkovilje.rs\/wp-content\/uploads\/2018\/02\/06-obnova-manastira-kovilje-82.jpg",631,768,false],"2048x2048":["https:\/\/orthodoxkovilje.rs\/wp-content\/uploads\/2018\/02\/06-obnova-manastira-kovilje-82.jpg",631,768,false],"woocommerce_thumbnail":["https:\/\/orthodoxkovilje.rs\/wp-content\/uploads\/2018\/02\/06-obnova-manastira-kovilje-82-300x300.jpg",300,300,true],"woocommerce_single":["https:\/\/orthodoxkovilje.rs\/wp-content\/uploads\/2018\/02\/06-obnova-manastira-kovilje-82-600x730.jpg",600,730,true],"woocommerce_gallery_thumbnail":["https:\/\/orthodoxkovilje.rs\/wp-content\/uploads\/2018\/02\/06-obnova-manastira-kovilje-82-100x100.jpg",100,100,true]},"post_excerpt_stackable":"<p>Le monast\u00e8re de Kovilje se trouve \u00e0 environ 30 km de la ville d&rsquo;Ivanjica, dans la montagne Golija. Le d\u00e9veloppement de la communion monastique doit beaucoup \u00e0 la position du monast\u00e8re, en raison de son \u00e9loignement de la ville, mais il est \u00e9galement assez proche pour les touristes et les p\u00e8lerins qui souhaitent faire une courte visite.<\/p>\n","category_list":"","author_info":{"name":"belbendo","url":"https:\/\/orthodoxkovilje.rs\/fr\/author\/belbendo\/"},"comments_num":"0 commentaire","yoast_head":"<!-- This site is optimized with the Yoast SEO plugin v22.6 - https:\/\/yoast.com\/wordpress\/plugins\/seo\/ -->\n<title>Manastir Kovilje dobrotvorni prilozi - Pravoslavni Manastir Kovilje<\/title>\n<meta name=\"description\" content=\"Manastir Kovilje dobrotvorni prilozi za dovr\u0161avanje zapo\u010detih radova na rekonstrukciji samih hramova i podizanju konaka za \u017eivot\" \/>\n<meta name=\"robots\" content=\"index, follow, max-snippet:-1, max-image-preview:large, max-video-preview:-1\" \/>\n<link rel=\"canonical\" href=\"https:\/\/orthodoxkovilje.rs\/dobrotvorni-prilozi-obnova-manastira\/\" \/>\n<meta property=\"og:locale\" content=\"fr_FR\" \/>\n<meta property=\"og:type\" content=\"article\" \/>\n<meta property=\"og:title\" content=\"Manastir Kovilje dobrotvorni prilozi - Pravoslavni Manastir Kovilje\" \/>\n<meta property=\"og:description\" content=\"Manastir Kovilje dobrotvorni prilozi za dovr\u0161avanje zapo\u010detih radova na rekonstrukciji samih hramova i podizanju konaka za \u017eivot\" \/>\n<meta property=\"og:url\" content=\"https:\/\/orthodoxkovilje.rs\/dobrotvorni-prilozi-obnova-manastira\/\" \/>\n<meta property=\"og:site_name\" content=\"Pravoslavni Manastir Kovilje\" \/>\n<meta property=\"article:modified_time\" content=\"2020-11-21T23:47:16+00:00\" \/>\n<meta property=\"og:image\" content=\"https:\/\/orthodoxkovilje.rs\/wp-content\/uploads\/2018\/02\/06-obnova-manastira-kovilje-82.jpg\" \/>\n\t<meta property=\"og:image:width\" content=\"631\" \/>\n\t<meta property=\"og:image:height\" content=\"768\" \/>\n\t<meta property=\"og:image:type\" content=\"image\/jpeg\" \/>\n<meta name=\"twitter:card\" content=\"summary_large_image\" \/>\n<meta name=\"twitter:label1\" content=\"Dur\u00e9e de lecture estim\u00e9e\" \/>\n\t<meta name=\"twitter:data1\" content=\"4 minutes\" \/>\n<script type=\"application\/ld+json\" class=\"yoast-schema-graph\">{\"@context\":\"https:\/\/schema.org\",\"@graph\":[{\"@type\":\"WebPage\",\"@id\":\"https:\/\/orthodoxkovilje.rs\/dobrotvorni-prilozi-obnova-manastira\/\",\"url\":\"https:\/\/orthodoxkovilje.rs\/dobrotvorni-prilozi-obnova-manastira\/\",\"name\":\"Manastir Kovilje dobrotvorni prilozi - Pravoslavni Manastir Kovilje\",\"isPartOf\":{\"@id\":\"https:\/\/orthodoxkovilje.rs\/#website\"},\"primaryImageOfPage\":{\"@id\":\"https:\/\/orthodoxkovilje.rs\/dobrotvorni-prilozi-obnova-manastira\/#primaryimage\"},\"image\":{\"@id\":\"https:\/\/orthodoxkovilje.rs\/dobrotvorni-prilozi-obnova-manastira\/#primaryimage\"},\"thumbnailUrl\":\"https:\/\/orthodoxkovilje.rs\/wp-content\/uploads\/2018\/02\/06-obnova-manastira-kovilje-82.jpg\",\"datePublished\":\"2018-01-05T00:57:54+00:00\",\"dateModified\":\"2020-11-21T23:47:16+00:00\",\"description\":\"Manastir Kovilje dobrotvorni prilozi za dovr\u0161avanje zapo\u010detih radova na rekonstrukciji samih hramova i podizanju konaka za \u017eivot\",\"breadcrumb\":{\"@id\":\"https:\/\/orthodoxkovilje.rs\/dobrotvorni-prilozi-obnova-manastira\/#breadcrumb\"},\"inLanguage\":\"fr-FR\",\"potentialAction\":[{\"@type\":\"ReadAction\",\"target\":[\"https:\/\/orthodoxkovilje.rs\/dobrotvorni-prilozi-obnova-manastira\/\"]}]},{\"@type\":\"ImageObject\",\"inLanguage\":\"fr-FR\",\"@id\":\"https:\/\/orthodoxkovilje.rs\/dobrotvorni-prilozi-obnova-manastira\/#primaryimage\",\"url\":\"https:\/\/orthodoxkovilje.rs\/wp-content\/uploads\/2018\/02\/06-obnova-manastira-kovilje-82.jpg\",\"contentUrl\":\"https:\/\/orthodoxkovilje.rs\/wp-content\/uploads\/2018\/02\/06-obnova-manastira-kovilje-82.jpg\",\"width\":631,\"height\":768,\"caption\":\"\u041c\u0430\u043d\u0430\u0441\u0442\u0438\u0440 \u041a\u043e\u0432\u0438\u0459\u0435 \u0434\u043e\u0431\u0440\u043e\u0442\u0432\u043e\u0440\u043d\u0438 \u043f\u0440\u0438\u043b\u043e\u0437\u0438\"},{\"@type\":\"BreadcrumbList\",\"@id\":\"https:\/\/orthodoxkovilje.rs\/dobrotvorni-prilozi-obnova-manastira\/#breadcrumb\",\"itemListElement\":[{\"@type\":\"ListItem\",\"position\":1,\"name\":\"\u041f\u043e\u0447\u0435\u0442\u043d\u0430\",\"item\":\"https:\/\/orthodoxkovilje.rs\/\"},{\"@type\":\"ListItem\",\"position\":2,\"name\":\"\u0414\u043e\u0431\u0440\u043e\u0442\u0432\u043e\u0440\u043d\u0438 \u043f\u0440\u0438\u043b\u043e\u0437\u0438 \/ \u041e\u0431\u043d\u043e\u0432\u0430 \u043c\u0430\u043d\u0430\u0441\u0442\u0438\u0440\u0430\"}]},{\"@type\":\"WebSite\",\"@id\":\"https:\/\/orthodoxkovilje.rs\/#website\",\"url\":\"https:\/\/orthodoxkovilje.rs\/\",\"name\":\"Pravoslavni Manastir Kovilje\",\"description\":\"Serbian Orthodox Monastery Kovllje\",\"publisher\":{\"@id\":\"https:\/\/orthodoxkovilje.rs\/#organization\"},\"potentialAction\":[{\"@type\":\"SearchAction\",\"target\":{\"@type\":\"EntryPoint\",\"urlTemplate\":\"https:\/\/orthodoxkovilje.rs\/?s={search_term_string}\"},\"query-input\":\"required name=search_term_string\"}],\"inLanguage\":\"fr-FR\"},{\"@type\":\"Organization\",\"@id\":\"https:\/\/orthodoxkovilje.rs\/#organization\",\"name\":\"Manastir Kovilje\",\"url\":\"https:\/\/orthodoxkovilje.rs\/\",\"logo\":{\"@type\":\"ImageObject\",\"inLanguage\":\"fr-FR\",\"@id\":\"https:\/\/orthodoxkovilje.rs\/#\/schema\/logo\/image\/\",\"url\":\"http:\/\/orthodoxkovilje.rs\/wp-content\/uploads\/2018\/01\/manastir-kovilje-logo-s.png\",\"contentUrl\":\"http:\/\/orthodoxkovilje.rs\/wp-content\/uploads\/2018\/01\/manastir-kovilje-logo-s.png\",\"width\":75,\"height\":75,\"caption\":\"Manastir Kovilje\"},\"image\":{\"@id\":\"https:\/\/orthodoxkovilje.rs\/#\/schema\/logo\/image\/\"}}]}<\/script>\n<!-- \/ Yoast SEO plugin. -->","yoast_head_json":{"title":"Manastir Kovilje dobrotvorni prilozi - Pravoslavni Manastir Kovilje","description":"Manastir Kovilje dobrotvorni prilozi za dovr\u0161avanje zapo\u010detih radova na rekonstrukciji samih hramova i podizanju konaka za \u017eivot","robots":{"index":"index","follow":"follow","max-snippet":"max-snippet:-1","max-image-preview":"max-image-preview:large","max-video-preview":"max-video-preview:-1"},"canonical":"https:\/\/orthodoxkovilje.rs\/dobrotvorni-prilozi-obnova-manastira\/","og_locale":"fr_FR","og_type":"article","og_title":"Manastir Kovilje dobrotvorni prilozi - Pravoslavni Manastir Kovilje","og_description":"Manastir Kovilje dobrotvorni prilozi za dovr\u0161avanje zapo\u010detih radova na rekonstrukciji samih hramova i podizanju konaka za \u017eivot","og_url":"https:\/\/orthodoxkovilje.rs\/dobrotvorni-prilozi-obnova-manastira\/","og_site_name":"Pravoslavni Manastir Kovilje","article_modified_time":"2020-11-21T23:47:16+00:00","og_image":[{"width":631,"height":768,"url":"https:\/\/orthodoxkovilje.rs\/wp-content\/uploads\/2018\/02\/06-obnova-manastira-kovilje-82.jpg","type":"image\/jpeg"}],"twitter_card":"summary_large_image","twitter_misc":{"Dur\u00e9e de lecture estim\u00e9e":"4 minutes"},"schema":{"@context":"https:\/\/schema.org","@graph":[{"@type":"WebPage","@id":"https:\/\/orthodoxkovilje.rs\/dobrotvorni-prilozi-obnova-manastira\/","url":"https:\/\/orthodoxkovilje.rs\/dobrotvorni-prilozi-obnova-manastira\/","name":"Manastir Kovilje dobrotvorni prilozi - Pravoslavni Manastir Kovilje","isPartOf":{"@id":"https:\/\/orthodoxkovilje.rs\/#website"},"primaryImageOfPage":{"@id":"https:\/\/orthodoxkovilje.rs\/dobrotvorni-prilozi-obnova-manastira\/#primaryimage"},"image":{"@id":"https:\/\/orthodoxkovilje.rs\/dobrotvorni-prilozi-obnova-manastira\/#primaryimage"},"thumbnailUrl":"https:\/\/orthodoxkovilje.rs\/wp-content\/uploads\/2018\/02\/06-obnova-manastira-kovilje-82.jpg","datePublished":"2018-01-05T00:57:54+00:00","dateModified":"2020-11-21T23:47:16+00:00","description":"Manastir Kovilje dobrotvorni prilozi za dovr\u0161avanje zapo\u010detih radova na rekonstrukciji samih hramova i podizanju konaka za \u017eivot","breadcrumb":{"@id":"https:\/\/orthodoxkovilje.rs\/dobrotvorni-prilozi-obnova-manastira\/#breadcrumb"},"inLanguage":"fr-FR","potentialAction":[{"@type":"ReadAction","target":["https:\/\/orthodoxkovilje.rs\/dobrotvorni-prilozi-obnova-manastira\/"]}]},{"@type":"ImageObject","inLanguage":"fr-FR","@id":"https:\/\/orthodoxkovilje.rs\/dobrotvorni-prilozi-obnova-manastira\/#primaryimage","url":"https:\/\/orthodoxkovilje.rs\/wp-content\/uploads\/2018\/02\/06-obnova-manastira-kovilje-82.jpg","contentUrl":"https:\/\/orthodoxkovilje.rs\/wp-content\/uploads\/2018\/02\/06-obnova-manastira-kovilje-82.jpg","width":631,"height":768,"caption":"\u041c\u0430\u043d\u0430\u0441\u0442\u0438\u0440 \u041a\u043e\u0432\u0438\u0459\u0435 \u0434\u043e\u0431\u0440\u043e\u0442\u0432\u043e\u0440\u043d\u0438 \u043f\u0440\u0438\u043b\u043e\u0437\u0438"},{"@type":"BreadcrumbList","@id":"https:\/\/orthodoxkovilje.rs\/dobrotvorni-prilozi-obnova-manastira\/#breadcrumb","itemListElement":[{"@type":"ListItem","position":1,"name":"\u041f\u043e\u0447\u0435\u0442\u043d\u0430","item":"https:\/\/orthodoxkovilje.rs\/"},{"@type":"ListItem","position":2,"name":"\u0414\u043e\u0431\u0440\u043e\u0442\u0432\u043e\u0440\u043d\u0438 \u043f\u0440\u0438\u043b\u043e\u0437\u0438 \/ \u041e\u0431\u043d\u043e\u0432\u0430 \u043c\u0430\u043d\u0430\u0441\u0442\u0438\u0440\u0430"}]},{"@type":"WebSite","@id":"https:\/\/orthodoxkovilje.rs\/#website","url":"https:\/\/orthodoxkovilje.rs\/","name":"Pravoslavni Manastir Kovilje","description":"Serbian Orthodox Monastery Kovllje","publisher":{"@id":"https:\/\/orthodoxkovilje.rs\/#organization"},"potentialAction":[{"@type":"SearchAction","target":{"@type":"EntryPoint","urlTemplate":"https:\/\/orthodoxkovilje.rs\/?s={search_term_string}"},"query-input":"required name=search_term_string"}],"inLanguage":"fr-FR"},{"@type":"Organization","@id":"https:\/\/orthodoxkovilje.rs\/#organization","name":"Manastir Kovilje","url":"https:\/\/orthodoxkovilje.rs\/","logo":{"@type":"ImageObject","inLanguage":"fr-FR","@id":"https:\/\/orthodoxkovilje.rs\/#\/schema\/logo\/image\/","url":"http:\/\/orthodoxkovilje.rs\/wp-content\/uploads\/2018\/01\/manastir-kovilje-logo-s.png","contentUrl":"http:\/\/orthodoxkovilje.rs\/wp-content\/uploads\/2018\/01\/manastir-kovilje-logo-s.png","width":75,"height":75,"caption":"Manastir Kovilje"},"image":{"@id":"https:\/\/orthodoxkovilje.rs\/#\/schema\/logo\/image\/"}}]}},"_links":{"self":[{"href":"https:\/\/orthodoxkovilje.rs\/fr\/wp-json\/wp\/v2\/pages\/38"}],"collection":[{"href":"https:\/\/orthodoxkovilje.rs\/fr\/wp-json\/wp\/v2\/pages"}],"about":[{"href":"https:\/\/orthodoxkovilje.rs\/fr\/wp-json\/wp\/v2\/types\/page"}],"author":[{"embeddable":true,"href":"https:\/\/orthodoxkovilje.rs\/fr\/wp-json\/wp\/v2\/users\/1"}],"replies":[{"embeddable":true,"href":"https:\/\/orthodoxkovilje.rs\/fr\/wp-json\/wp\/v2\/comments?post=38"}],"version-history":[{"count":0,"href":"https:\/\/orthodoxkovilje.rs\/fr\/wp-json\/wp\/v2\/pages\/38\/revisions"}],"wp:featuredmedia":[{"embeddable":true,"href":"https:\/\/orthodoxkovilje.rs\/fr\/wp-json\/wp\/v2\/media\/644"}],"wp:attachment":[{"href":"https:\/\/orthodoxkovilje.rs\/fr\/wp-json\/wp\/v2\/media?parent=38"}],"curies":[{"name":"wp","href":"https:\/\/api.w.org\/{rel}","templated":true}]}}