{"id":978,"date":"2018-09-03T08:23:33","date_gmt":"2018-09-03T08:23:33","guid":{"rendered":"http:\/\/orthodoxkovilje.rs\/?post_type=product&#038;p=978"},"modified":"2024-10-30T18:06:32","modified_gmt":"2024-10-30T18:06:32","slug":"%d0%bc%d0%b5%d0%bb%d0%b5%d0%bc-%d0%be%d0%b4-%d0%b1%d1%80%d0%b5%d0%b7%d0%b5","status":"publish","type":"product","link":"https:\/\/orthodoxkovilje.rs\/en\/\u043f\u0440\u043e\u0438\u0437\u0432\u043e\u0434\/%d0%bc%d0%b5%d0%bb%d0%b5%d0%bc-%d0%be%d0%b4-%d0%b1%d1%80%d0%b5%d0%b7%d0%b5\/","title":{"rendered":"BIRCH BALM"},"content":{"rendered":"<p><strong>Ingredients:<\/strong><\/p>\n<p>Healing herbs from Javor and Golija mountains<strong>: <\/strong>Lady<strong>&#8216; <\/strong>s Bedsraw, Wild pansy, Red clover, Silver birch, Marigold, Wild Thyme, Walnut, Olive oil, Beeswax, Cinnamon essential oil, Extracts of A and D vitamins, Holly oils.<\/p>\n<p><strong>\u00a0Helps with:<\/strong><\/p>\n<p>Skin diseases, Eczemas, Lichens, Seborrhea,Psoriasis and Rash.<\/p>\n<p><strong>Manufactured in Kovilje Monastery 2018<\/strong><\/p>\n<p><strong>Expiry date: 2022<\/strong><\/p>\n<p><strong>For external use only <\/strong><\/p>","protected":false},"excerpt":{"rendered":"<p>Ingredients: Healing herbs from Javor and Golija mountains: Lady&#8216; s Bedsraw, Wild pansy, Red clover, Silver birch, Marigold, Wild Thyme, Walnut, Olive oil, Beeswax, Cinnamon essential oil, Extracts of A and D vitamins, Holly oils. \u00a0Helps with: Skin diseases, Eczemas, Lichens, Seborrhea,Psoriasis and Rash. Manufactured in Kovilje Monastery 2018 Expiry date: 2022 For external use [&hellip;]<\/p>\n","protected":false},"featured_media":982,"template":"","meta":[],"product_cat":[34],"product_tag":[],"featured_image_urls":{"full":["https:\/\/orthodoxkovilje.rs\/wp-content\/uploads\/2018\/09\/melem-od-breza-manastir-Kovilje-1-1.jpg",755,756,false],"thumbnail":["https:\/\/orthodoxkovilje.rs\/wp-content\/uploads\/2018\/09\/melem-od-breza-manastir-Kovilje-1-1-150x150.jpg",150,150,true],"medium":["https:\/\/orthodoxkovilje.rs\/wp-content\/uploads\/2018\/09\/melem-od-breza-manastir-Kovilje-1-1-300x300.jpg",300,300,true],"medium_large":["https:\/\/orthodoxkovilje.rs\/wp-content\/uploads\/2018\/09\/melem-od-breza-manastir-Kovilje-1-1.jpg",755,756,false],"large":["https:\/\/orthodoxkovilje.rs\/wp-content\/uploads\/2018\/09\/melem-od-breza-manastir-Kovilje-1-1.jpg",755,756,false],"1536x1536":["https:\/\/orthodoxkovilje.rs\/wp-content\/uploads\/2018\/09\/melem-od-breza-manastir-Kovilje-1-1.jpg",755,756,false],"2048x2048":["https:\/\/orthodoxkovilje.rs\/wp-content\/uploads\/2018\/09\/melem-od-breza-manastir-Kovilje-1-1.jpg",755,756,false],"woocommerce_thumbnail":["https:\/\/orthodoxkovilje.rs\/wp-content\/uploads\/2018\/09\/melem-od-breza-manastir-Kovilje-1-1-300x300.jpg",300,300,true],"woocommerce_single":["https:\/\/orthodoxkovilje.rs\/wp-content\/uploads\/2018\/09\/melem-od-breza-manastir-Kovilje-1-1-600x601.jpg",600,601,true],"woocommerce_gallery_thumbnail":["https:\/\/orthodoxkovilje.rs\/wp-content\/uploads\/2018\/09\/melem-od-breza-manastir-Kovilje-1-1-100x100.jpg",100,100,true]},"post_excerpt_stackable":"<p>Ingredients: Healing herbs from Javor and Golija mountains: Lady&#8216; s Bedsraw, Wild pansy, Red clover, Silver birch, Marigold, Wild Thyme, Walnut, Olive oil, Beeswax, Cinnamon essential oil, Extracts of A and D vitamins, Holly oils. \u00a0Helps with: Skin diseases, Eczemas, Lichens, Seborrhea,Psoriasis and Rash. Manufactured in Kovilje Monastery 2018 Expiry date: 2022 For external use only<\/p>\n","category_list":"","author_info":{"name":"","url":""},"comments_num":"0 comments","yoast_head":"<!-- This site is optimized with the Yoast SEO plugin v22.6 - https:\/\/yoast.com\/wordpress\/plugins\/seo\/ -->\n<title>Melem od breze Birch balm - Pravoslavni Manastir Kovilje<\/title>\n<meta name=\"description\" content=\"Melem od breze Birch balm Poma\u017ee kod:Oboljenja ko\u017ee, ekcema, li\u0161ajeva, seboreje, psorijaze i osipa na ko\u017ei. Koristiti za spoljnu upotrebu\" \/>\n<meta name=\"robots\" content=\"index, follow, max-snippet:-1, max-image-preview:large, max-video-preview:-1\" \/>\n<link rel=\"canonical\" href=\"https:\/\/orthodoxkovilje.rs\/\u043f\u0440\u043e\u0438\u0437\u0432\u043e\u0434\/\u043c\u0435\u043b\u0435\u043c-\u043e\u0434-\u0431\u0440\u0435\u0437\u0435\/\" \/>\n<meta property=\"og:locale\" content=\"en_US\" \/>\n<meta property=\"og:type\" content=\"article\" \/>\n<meta property=\"og:title\" content=\"Melem od breze Birch balm - Pravoslavni Manastir Kovilje\" \/>\n<meta property=\"og:description\" content=\"Melem od breze Birch balm Poma\u017ee kod:Oboljenja ko\u017ee, ekcema, li\u0161ajeva, seboreje, psorijaze i osipa na ko\u017ei. Koristiti za spoljnu upotrebu\" \/>\n<meta property=\"og:url\" content=\"https:\/\/orthodoxkovilje.rs\/\u043f\u0440\u043e\u0438\u0437\u0432\u043e\u0434\/\u043c\u0435\u043b\u0435\u043c-\u043e\u0434-\u0431\u0440\u0435\u0437\u0435\/\" \/>\n<meta property=\"og:site_name\" content=\"Pravoslavni Manastir Kovilje\" \/>\n<meta property=\"article:modified_time\" content=\"2024-10-30T18:06:32+00:00\" \/>\n<meta property=\"og:image\" content=\"https:\/\/orthodoxkovilje.rs\/wp-content\/uploads\/2018\/09\/melem-od-breza-manastir-Kovilje-1-1.jpg\" \/>\n\t<meta property=\"og:image:width\" content=\"755\" \/>\n\t<meta property=\"og:image:height\" content=\"756\" \/>\n\t<meta property=\"og:image:type\" content=\"image\/jpeg\" \/>\n<meta name=\"twitter:card\" content=\"summary_large_image\" \/>\n<meta name=\"twitter:label1\" content=\"Est. reading time\" \/>\n\t<meta name=\"twitter:data1\" content=\"1 minute\" \/>\n<script type=\"application\/ld+json\" class=\"yoast-schema-graph\">{\"@context\":\"https:\/\/schema.org\",\"@graph\":[{\"@type\":\"WebPage\",\"@id\":\"https:\/\/orthodoxkovilje.rs\/\u043f\u0440\u043e\u0438\u0437\u0432\u043e\u0434\/%d0%bc%d0%b5%d0%bb%d0%b5%d0%bc-%d0%be%d0%b4-%d0%b1%d1%80%d0%b5%d0%b7%d0%b5\/\",\"url\":\"https:\/\/orthodoxkovilje.rs\/\u043f\u0440\u043e\u0438\u0437\u0432\u043e\u0434\/%d0%bc%d0%b5%d0%bb%d0%b5%d0%bc-%d0%be%d0%b4-%d0%b1%d1%80%d0%b5%d0%b7%d0%b5\/\",\"name\":\"Melem od breze Birch balm - Pravoslavni Manastir Kovilje\",\"isPartOf\":{\"@id\":\"https:\/\/orthodoxkovilje.rs\/#website\"},\"primaryImageOfPage\":{\"@id\":\"https:\/\/orthodoxkovilje.rs\/\u043f\u0440\u043e\u0438\u0437\u0432\u043e\u0434\/%d0%bc%d0%b5%d0%bb%d0%b5%d0%bc-%d0%be%d0%b4-%d0%b1%d1%80%d0%b5%d0%b7%d0%b5\/#primaryimage\"},\"image\":{\"@id\":\"https:\/\/orthodoxkovilje.rs\/\u043f\u0440\u043e\u0438\u0437\u0432\u043e\u0434\/%d0%bc%d0%b5%d0%bb%d0%b5%d0%bc-%d0%be%d0%b4-%d0%b1%d1%80%d0%b5%d0%b7%d0%b5\/#primaryimage\"},\"thumbnailUrl\":\"https:\/\/orthodoxkovilje.rs\/wp-content\/uploads\/2018\/09\/melem-od-breza-manastir-Kovilje-1-1.jpg\",\"datePublished\":\"2018-09-03T08:23:33+00:00\",\"dateModified\":\"2024-10-30T18:06:32+00:00\",\"description\":\"Melem od breze Birch balm Poma\u017ee kod:Oboljenja ko\u017ee, ekcema, li\u0161ajeva, seboreje, psorijaze i osipa na ko\u017ei. Koristiti za spoljnu upotrebu\",\"breadcrumb\":{\"@id\":\"https:\/\/orthodoxkovilje.rs\/\u043f\u0440\u043e\u0438\u0437\u0432\u043e\u0434\/%d0%bc%d0%b5%d0%bb%d0%b5%d0%bc-%d0%be%d0%b4-%d0%b1%d1%80%d0%b5%d0%b7%d0%b5\/#breadcrumb\"},\"inLanguage\":\"en-US\",\"potentialAction\":[{\"@type\":\"ReadAction\",\"target\":[\"https:\/\/orthodoxkovilje.rs\/\u043f\u0440\u043e\u0438\u0437\u0432\u043e\u0434\/%d0%bc%d0%b5%d0%bb%d0%b5%d0%bc-%d0%be%d0%b4-%d0%b1%d1%80%d0%b5%d0%b7%d0%b5\/\"]}]},{\"@type\":\"ImageObject\",\"inLanguage\":\"en-US\",\"@id\":\"https:\/\/orthodoxkovilje.rs\/\u043f\u0440\u043e\u0438\u0437\u0432\u043e\u0434\/%d0%bc%d0%b5%d0%bb%d0%b5%d0%bc-%d0%be%d0%b4-%d0%b1%d1%80%d0%b5%d0%b7%d0%b5\/#primaryimage\",\"url\":\"https:\/\/orthodoxkovilje.rs\/wp-content\/uploads\/2018\/09\/melem-od-breza-manastir-Kovilje-1-1.jpg\",\"contentUrl\":\"https:\/\/orthodoxkovilje.rs\/wp-content\/uploads\/2018\/09\/melem-od-breza-manastir-Kovilje-1-1.jpg\",\"width\":755,\"height\":756,\"caption\":\"Melem od breze Birch balm\"},{\"@type\":\"BreadcrumbList\",\"@id\":\"https:\/\/orthodoxkovilje.rs\/\u043f\u0440\u043e\u0438\u0437\u0432\u043e\u0434\/%d0%bc%d0%b5%d0%bb%d0%b5%d0%bc-%d0%be%d0%b4-%d0%b1%d1%80%d0%b5%d0%b7%d0%b5\/#breadcrumb\",\"itemListElement\":[{\"@type\":\"ListItem\",\"position\":1,\"name\":\"\u041f\u043e\u0447\u0435\u0442\u043d\u0430\",\"item\":\"https:\/\/orthodoxkovilje.rs\/\"},{\"@type\":\"ListItem\",\"position\":2,\"name\":\"Shop\",\"item\":\"https:\/\/orthodoxkovilje.rs\/prodavnica-shop-manastir-kovilje\/\"},{\"@type\":\"ListItem\",\"position\":3,\"name\":\"[:sr]\u041c\u0415\u041b\u0415\u041c \u041e\u0414 \u0411\u0420\u0415\u0417\u0415 [:en]BIRCH BALM[:]\"}]},{\"@type\":\"WebSite\",\"@id\":\"https:\/\/orthodoxkovilje.rs\/#website\",\"url\":\"https:\/\/orthodoxkovilje.rs\/\",\"name\":\"Pravoslavni Manastir Kovilje\",\"description\":\"Serbian Orthodox Monastery Kovllje\",\"publisher\":{\"@id\":\"https:\/\/orthodoxkovilje.rs\/#organization\"},\"potentialAction\":[{\"@type\":\"SearchAction\",\"target\":{\"@type\":\"EntryPoint\",\"urlTemplate\":\"https:\/\/orthodoxkovilje.rs\/?s={search_term_string}\"},\"query-input\":\"required name=search_term_string\"}],\"inLanguage\":\"en-US\"},{\"@type\":\"Organization\",\"@id\":\"https:\/\/orthodoxkovilje.rs\/#organization\",\"name\":\"Manastir Kovilje\",\"url\":\"https:\/\/orthodoxkovilje.rs\/\",\"logo\":{\"@type\":\"ImageObject\",\"inLanguage\":\"en-US\",\"@id\":\"https:\/\/orthodoxkovilje.rs\/#\/schema\/logo\/image\/\",\"url\":\"http:\/\/orthodoxkovilje.rs\/wp-content\/uploads\/2018\/01\/manastir-kovilje-logo-s.png\",\"contentUrl\":\"http:\/\/orthodoxkovilje.rs\/wp-content\/uploads\/2018\/01\/manastir-kovilje-logo-s.png\",\"width\":75,\"height\":75,\"caption\":\"Manastir Kovilje\"},\"image\":{\"@id\":\"https:\/\/orthodoxkovilje.rs\/#\/schema\/logo\/image\/\"}}]}<\/script>\n<!-- \/ Yoast SEO plugin. -->","yoast_head_json":{"title":"Melem od breze Birch balm - Pravoslavni Manastir Kovilje","description":"Melem od breze Birch balm Poma\u017ee kod:Oboljenja ko\u017ee, ekcema, li\u0161ajeva, seboreje, psorijaze i osipa na ko\u017ei. Koristiti za spoljnu upotrebu","robots":{"index":"index","follow":"follow","max-snippet":"max-snippet:-1","max-image-preview":"max-image-preview:large","max-video-preview":"max-video-preview:-1"},"canonical":"https:\/\/orthodoxkovilje.rs\/\u043f\u0440\u043e\u0438\u0437\u0432\u043e\u0434\/\u043c\u0435\u043b\u0435\u043c-\u043e\u0434-\u0431\u0440\u0435\u0437\u0435\/","og_locale":"en_US","og_type":"article","og_title":"Melem od breze Birch balm - Pravoslavni Manastir Kovilje","og_description":"Melem od breze Birch balm Poma\u017ee kod:Oboljenja ko\u017ee, ekcema, li\u0161ajeva, seboreje, psorijaze i osipa na ko\u017ei. Koristiti za spoljnu upotrebu","og_url":"https:\/\/orthodoxkovilje.rs\/\u043f\u0440\u043e\u0438\u0437\u0432\u043e\u0434\/\u043c\u0435\u043b\u0435\u043c-\u043e\u0434-\u0431\u0440\u0435\u0437\u0435\/","og_site_name":"Pravoslavni Manastir Kovilje","article_modified_time":"2024-10-30T18:06:32+00:00","og_image":[{"width":755,"height":756,"url":"https:\/\/orthodoxkovilje.rs\/wp-content\/uploads\/2018\/09\/melem-od-breza-manastir-Kovilje-1-1.jpg","type":"image\/jpeg"}],"twitter_card":"summary_large_image","twitter_misc":{"Est. reading time":"1 minute"},"schema":{"@context":"https:\/\/schema.org","@graph":[{"@type":"WebPage","@id":"https:\/\/orthodoxkovilje.rs\/\u043f\u0440\u043e\u0438\u0437\u0432\u043e\u0434\/%d0%bc%d0%b5%d0%bb%d0%b5%d0%bc-%d0%be%d0%b4-%d0%b1%d1%80%d0%b5%d0%b7%d0%b5\/","url":"https:\/\/orthodoxkovilje.rs\/\u043f\u0440\u043e\u0438\u0437\u0432\u043e\u0434\/%d0%bc%d0%b5%d0%bb%d0%b5%d0%bc-%d0%be%d0%b4-%d0%b1%d1%80%d0%b5%d0%b7%d0%b5\/","name":"Melem od breze Birch balm - Pravoslavni Manastir Kovilje","isPartOf":{"@id":"https:\/\/orthodoxkovilje.rs\/#website"},"primaryImageOfPage":{"@id":"https:\/\/orthodoxkovilje.rs\/\u043f\u0440\u043e\u0438\u0437\u0432\u043e\u0434\/%d0%bc%d0%b5%d0%bb%d0%b5%d0%bc-%d0%be%d0%b4-%d0%b1%d1%80%d0%b5%d0%b7%d0%b5\/#primaryimage"},"image":{"@id":"https:\/\/orthodoxkovilje.rs\/\u043f\u0440\u043e\u0438\u0437\u0432\u043e\u0434\/%d0%bc%d0%b5%d0%bb%d0%b5%d0%bc-%d0%be%d0%b4-%d0%b1%d1%80%d0%b5%d0%b7%d0%b5\/#primaryimage"},"thumbnailUrl":"https:\/\/orthodoxkovilje.rs\/wp-content\/uploads\/2018\/09\/melem-od-breza-manastir-Kovilje-1-1.jpg","datePublished":"2018-09-03T08:23:33+00:00","dateModified":"2024-10-30T18:06:32+00:00","description":"Melem od breze Birch balm Poma\u017ee kod:Oboljenja ko\u017ee, ekcema, li\u0161ajeva, seboreje, psorijaze i osipa na ko\u017ei. Koristiti za spoljnu upotrebu","breadcrumb":{"@id":"https:\/\/orthodoxkovilje.rs\/\u043f\u0440\u043e\u0438\u0437\u0432\u043e\u0434\/%d0%bc%d0%b5%d0%bb%d0%b5%d0%bc-%d0%be%d0%b4-%d0%b1%d1%80%d0%b5%d0%b7%d0%b5\/#breadcrumb"},"inLanguage":"en-US","potentialAction":[{"@type":"ReadAction","target":["https:\/\/orthodoxkovilje.rs\/\u043f\u0440\u043e\u0438\u0437\u0432\u043e\u0434\/%d0%bc%d0%b5%d0%bb%d0%b5%d0%bc-%d0%be%d0%b4-%d0%b1%d1%80%d0%b5%d0%b7%d0%b5\/"]}]},{"@type":"ImageObject","inLanguage":"en-US","@id":"https:\/\/orthodoxkovilje.rs\/\u043f\u0440\u043e\u0438\u0437\u0432\u043e\u0434\/%d0%bc%d0%b5%d0%bb%d0%b5%d0%bc-%d0%be%d0%b4-%d0%b1%d1%80%d0%b5%d0%b7%d0%b5\/#primaryimage","url":"https:\/\/orthodoxkovilje.rs\/wp-content\/uploads\/2018\/09\/melem-od-breza-manastir-Kovilje-1-1.jpg","contentUrl":"https:\/\/orthodoxkovilje.rs\/wp-content\/uploads\/2018\/09\/melem-od-breza-manastir-Kovilje-1-1.jpg","width":755,"height":756,"caption":"Melem od breze Birch balm"},{"@type":"BreadcrumbList","@id":"https:\/\/orthodoxkovilje.rs\/\u043f\u0440\u043e\u0438\u0437\u0432\u043e\u0434\/%d0%bc%d0%b5%d0%bb%d0%b5%d0%bc-%d0%be%d0%b4-%d0%b1%d1%80%d0%b5%d0%b7%d0%b5\/#breadcrumb","itemListElement":[{"@type":"ListItem","position":1,"name":"\u041f\u043e\u0447\u0435\u0442\u043d\u0430","item":"https:\/\/orthodoxkovilje.rs\/"},{"@type":"ListItem","position":2,"name":"Shop","item":"https:\/\/orthodoxkovilje.rs\/prodavnica-shop-manastir-kovilje\/"},{"@type":"ListItem","position":3,"name":"[:sr]\u041c\u0415\u041b\u0415\u041c \u041e\u0414 \u0411\u0420\u0415\u0417\u0415 [:en]BIRCH BALM[:]"}]},{"@type":"WebSite","@id":"https:\/\/orthodoxkovilje.rs\/#website","url":"https:\/\/orthodoxkovilje.rs\/","name":"Pravoslavni Manastir Kovilje","description":"Serbian Orthodox Monastery Kovllje","publisher":{"@id":"https:\/\/orthodoxkovilje.rs\/#organization"},"potentialAction":[{"@type":"SearchAction","target":{"@type":"EntryPoint","urlTemplate":"https:\/\/orthodoxkovilje.rs\/?s={search_term_string}"},"query-input":"required name=search_term_string"}],"inLanguage":"en-US"},{"@type":"Organization","@id":"https:\/\/orthodoxkovilje.rs\/#organization","name":"Manastir Kovilje","url":"https:\/\/orthodoxkovilje.rs\/","logo":{"@type":"ImageObject","inLanguage":"en-US","@id":"https:\/\/orthodoxkovilje.rs\/#\/schema\/logo\/image\/","url":"http:\/\/orthodoxkovilje.rs\/wp-content\/uploads\/2018\/01\/manastir-kovilje-logo-s.png","contentUrl":"http:\/\/orthodoxkovilje.rs\/wp-content\/uploads\/2018\/01\/manastir-kovilje-logo-s.png","width":75,"height":75,"caption":"Manastir Kovilje"},"image":{"@id":"https:\/\/orthodoxkovilje.rs\/#\/schema\/logo\/image\/"}}]}},"_links":{"self":[{"href":"https:\/\/orthodoxkovilje.rs\/en\/wp-json\/wp\/v2\/product\/978"}],"collection":[{"href":"https:\/\/orthodoxkovilje.rs\/en\/wp-json\/wp\/v2\/product"}],"about":[{"href":"https:\/\/orthodoxkovilje.rs\/en\/wp-json\/wp\/v2\/types\/product"}],"wp:featuredmedia":[{"embeddable":true,"href":"https:\/\/orthodoxkovilje.rs\/en\/wp-json\/wp\/v2\/media\/982"}],"wp:attachment":[{"href":"https:\/\/orthodoxkovilje.rs\/en\/wp-json\/wp\/v2\/media?parent=978"}],"wp:term":[{"taxonomy":"product_cat","embeddable":true,"href":"https:\/\/orthodoxkovilje.rs\/en\/wp-json\/wp\/v2\/product_cat?post=978"},{"taxonomy":"product_tag","embeddable":true,"href":"https:\/\/orthodoxkovilje.rs\/en\/wp-json\/wp\/v2\/product_tag?post=978"}],"curies":[{"name":"wp","href":"https:\/\/api.w.org\/{rel}","templated":true}]}}