{"id":270,"date":"2018-02-03T22:35:44","date_gmt":"2018-02-03T22:35:44","guid":{"rendered":"http:\/\/orthodoxkovilje.rs\/?page_id=270"},"modified":"2020-11-22T17:18:42","modified_gmt":"2020-11-22T17:18:42","slug":"radionica-za-sivenje-manastira-kovilje","status":"publish","type":"page","link":"https:\/\/orthodoxkovilje.rs\/el\/radionica-za-sivenje-manastira-kovilje\/","title":{"rendered":"\u0395\u03c1\u03b3\u03b1\u03c3\u03c4\u03ae\u03c1\u03b9 \u03c1\u03b1\u03c0\u03c4\u03b9\u03ba\u03ae\u03c2"},"content":{"rendered":"<p><span style=\"font-family: Times New Roman, serif;\"><span style=\"font-size: medium;\">\u03a3\u03c4\u03bf \u03b5\u03c1\u03b3\u03b1\u03c3\u03c4\u03ae\u03c1\u03b9 \u03bc\u03b1\u03c2 \u03bc\u03c0\u03bf\u03c1\u03b5\u03af\u03c4\u03b5 \u03bd\u03b1 \u03c0\u03b1\u03c1\u03b1\u03b3\u03b3\u03b5\u03af\u03bb\u03b5\u03c4\u03b5 \u03c4\u03b1 \u03b9\u03b5\u03c1\u03b1\u03c4\u03b9\u03ba\u03ac \u03ae \u03bc\u03bf\u03bd\u03b1\u03c7\u03b9\u03ba\u03ac \u03c1\u03ac\u03c3\u03b1 \u03b1\u03c0\u03cc \u03c4\u03bf \u03b4\u03b9\u03ba\u03cc \u03c3\u03b1\u03c2 \u03cd\u03c6\u03b1\u03c3\u03bc\u03b1. \u0395\u03af\u03bd\u03b1\u03b9 \u03b8\u03ad\u03bc\u03b1 \u03c3\u03c5\u03bc\u03c6\u03c9\u03bd\u03af\u03b1\u03c2 \u03c0\u03bf\u03cd \u03ba\u03b1\u03b9 \u03c0\u03cc\u03c4\u03b5 \u03b8\u03b1 \u03c0\u03ac\u03c1\u03bf\u03c5\u03bc\u03b5 \u03c4\u03b1 \u03bc\u03ad\u03c4\u03c1\u03b1 \u03c3\u03b1\u03c2.<\/span><\/span><\/p>\n<p><span style=\"font-family: Times New Roman, serif;\"><span style=\"font-size: medium;\">\u038c\u03bb\u03b5\u03c2 \u03c4\u03b9\u03c2 \u03c0\u03b1\u03c1\u03b1\u03b3\u03b3\u03b5\u03bb\u03af\u03b5\u03c2 \u03bc\u03c0\u03bf\u03c1\u03b5\u03af\u03c4\u03b5 \u03bd\u03b1 \u03ba\u03ac\u03bd\u03b5\u03c4\u03b5 \u03bc\u03ad\u03c3\u03c9 email:<b><a href=\"mailto:manastirkovilje@gmail.com\"><span style=\"color: #0000ff;\"><u><br \/>\nmanastirkovilje@gmail.com<\/u><\/span><\/a><\/b>\u03ae \u03c3\u03c4\u03b1 \u03c4\u03b7\u03bb\u03ad\u03c6\u03c9\u03bd\u03b1:<b>065 504 68 80<\/b> \u0438 <b>032 760 020<\/b><\/span><\/span><\/p>\n\n\t\t<style type=\"text\/css\">\n\t\t\t#gallery-5 {\n\t\t\t\tmargin: auto;\n\t\t\t}\n\t\t\t#gallery-5 .gallery-item {\n\t\t\t\tfloat: left;\n\t\t\t\tmargin-top: 10px;\n\t\t\t\ttext-align: center;\n\t\t\t\twidth: 50%;\n\t\t\t}\n\t\t\t#gallery-5 img {\n\t\t\t\tborder: 2px solid #cfcfcf;\n\t\t\t}\n\t\t\t#gallery-5 .gallery-caption {\n\t\t\t\tmargin-left: 0;\n\t\t\t}\n\t\t\t\/* see gallery_shortcode() in wp-includes\/media.php *\/\n\t\t<\/style>\n\t\t<div id='gallery-5' class='gallery galleryid-270 gallery-columns-2 gallery-size-medium'><dl class='gallery-item'>\n\t\t\t<dt class='gallery-icon portrait'>\n\t\t\t\t<a href='https:\/\/orthodoxkovilje.rs\/wp-content\/uploads\/2018\/02\/sivenje2.jpg'><img width=\"218\" height=\"300\" src=\"https:\/\/orthodoxkovilje.rs\/wp-content\/uploads\/2018\/02\/sivenje2-218x300.jpg\" class=\"attachment-medium size-medium\" alt=\"\u0420\u0430\u0434\u0438\u043e\u043d\u0438\u0446\u0430 \u0437\u0430 \u0448\u0438\u0432\u0435\u045a\u0435 \u043f\u0440\u0430\u0432\u043e\u0441\u043b\u0430\u0432\u043d\u043e\u0433 \u043c\u0430\u043d\u0430\u0441\u0442\u0438\u0440\u0430 \u041a\u043e\u0432\u0438\u0459\u0435 2\" decoding=\"async\" loading=\"lazy\" srcset=\"https:\/\/orthodoxkovilje.rs\/wp-content\/uploads\/2018\/02\/sivenje2-218x300.jpg 218w, https:\/\/orthodoxkovilje.rs\/wp-content\/uploads\/2018\/02\/sivenje2.jpg 509w\" sizes=\"(max-width: 218px) 100vw, 218px\" \/><\/a>\n\t\t\t<\/dt><\/dl><dl class='gallery-item'>\n\t\t\t<dt class='gallery-icon portrait'>\n\t\t\t\t<a href='https:\/\/orthodoxkovilje.rs\/wp-content\/uploads\/2018\/02\/sivenje.jpg'><img width=\"248\" height=\"300\" src=\"https:\/\/orthodoxkovilje.rs\/wp-content\/uploads\/2018\/02\/sivenje-248x300.jpg\" class=\"attachment-medium size-medium\" alt=\"\u0420\u0430\u0434\u0438\u043e\u043d\u0438\u0446\u0430 \u0437\u0430 \u0448\u0438\u0432\u0435\u045a\u0435 \u043f\u0440\u0430\u0432\u043e\u0441\u043b\u0430\u0432\u043d\u043e\u0433 \u043c\u0430\u043d\u0430\u0441\u0442\u0438\u0440\u0430 \u041a\u043e\u0432\u0438\u0459\u0435\" decoding=\"async\" loading=\"lazy\" srcset=\"https:\/\/orthodoxkovilje.rs\/wp-content\/uploads\/2018\/02\/sivenje-248x300.jpg 248w, https:\/\/orthodoxkovilje.rs\/wp-content\/uploads\/2018\/02\/sivenje.jpg 578w\" sizes=\"(max-width: 248px) 100vw, 248px\" \/><\/a>\n\t\t\t<\/dt><\/dl><br style=\"clear: both\" \/>\n\t\t<\/div>\n\n<p><\/p>","protected":false},"excerpt":{"rendered":"<p>\u03a3\u03c4\u03bf \u03b5\u03c1\u03b3\u03b1\u03c3\u03c4\u03ae\u03c1\u03b9 \u03bc\u03b1\u03c2 \u03bc\u03c0\u03bf\u03c1\u03b5\u03af\u03c4\u03b5 \u03bd\u03b1 \u03c0\u03b1\u03c1\u03b1\u03b3\u03b3\u03b5\u03af\u03bb\u03b5\u03c4\u03b5 \u03c4\u03b1 \u03b9\u03b5\u03c1\u03b1\u03c4\u03b9\u03ba\u03ac \u03ae \u03bc\u03bf\u03bd\u03b1\u03c7\u03b9\u03ba\u03ac \u03c1\u03ac\u03c3\u03b1 \u03b1\u03c0\u03cc \u03c4\u03bf \u03b4\u03b9\u03ba\u03cc \u03c3\u03b1\u03c2 \u03cd\u03c6\u03b1\u03c3\u03bc\u03b1. \u0395\u03af\u03bd\u03b1\u03b9 \u03b8\u03ad\u03bc\u03b1 \u03c3\u03c5\u03bc\u03c6\u03c9\u03bd\u03af\u03b1\u03c2 \u03c0\u03bf\u03cd \u03ba\u03b1\u03b9 \u03c0\u03cc\u03c4\u03b5 \u03b8\u03b1 \u03c0\u03ac\u03c1\u03bf\u03c5\u03bc\u03b5 \u03c4\u03b1 \u03bc\u03ad\u03c4\u03c1\u03b1 \u03c3\u03b1\u03c2. \u038c\u03bb\u03b5\u03c2 \u03c4\u03b9\u03c2 \u03c0\u03b1\u03c1\u03b1\u03b3\u03b3\u03b5\u03bb\u03af\u03b5\u03c2 \u03bc\u03c0\u03bf\u03c1\u03b5\u03af\u03c4\u03b5 \u03bd\u03b1 \u03ba\u03ac\u03bd\u03b5\u03c4\u03b5 \u03bc\u03ad\u03c3\u03c9 email: manastirkovilje@gmail.com\u03ae \u03c3\u03c4\u03b1 \u03c4\u03b7\u03bb\u03ad\u03c6\u03c9\u03bd\u03b1:065 504 68 80 \u0438 032 760 020<\/p>\n","protected":false},"author":1,"featured_media":600,"parent":0,"menu_order":0,"comment_status":"closed","ping_status":"closed","template":"","meta":{"footnotes":""},"featured_image_urls":{"full":["https:\/\/orthodoxkovilje.rs\/wp-content\/uploads\/2018\/02\/sivenje.jpg",578,700,false],"thumbnail":["https:\/\/orthodoxkovilje.rs\/wp-content\/uploads\/2018\/02\/sivenje-150x150.jpg",150,150,true],"medium":["https:\/\/orthodoxkovilje.rs\/wp-content\/uploads\/2018\/02\/sivenje-248x300.jpg",248,300,true],"medium_large":["https:\/\/orthodoxkovilje.rs\/wp-content\/uploads\/2018\/02\/sivenje.jpg",578,700,false],"large":["https:\/\/orthodoxkovilje.rs\/wp-content\/uploads\/2018\/02\/sivenje.jpg",578,700,false],"1536x1536":["https:\/\/orthodoxkovilje.rs\/wp-content\/uploads\/2018\/02\/sivenje.jpg",578,700,false],"2048x2048":["https:\/\/orthodoxkovilje.rs\/wp-content\/uploads\/2018\/02\/sivenje.jpg",578,700,false],"woocommerce_thumbnail":["https:\/\/orthodoxkovilje.rs\/wp-content\/uploads\/2018\/02\/sivenje-300x300.jpg",300,300,true],"woocommerce_single":["https:\/\/orthodoxkovilje.rs\/wp-content\/uploads\/2018\/02\/sivenje.jpg",578,700,false],"woocommerce_gallery_thumbnail":["https:\/\/orthodoxkovilje.rs\/wp-content\/uploads\/2018\/02\/sivenje-100x100.jpg",100,100,true]},"post_excerpt_stackable":"<p>\u03a3\u03c4\u03bf \u03b5\u03c1\u03b3\u03b1\u03c3\u03c4\u03ae\u03c1\u03b9 \u03bc\u03b1\u03c2 \u03bc\u03c0\u03bf\u03c1\u03b5\u03af\u03c4\u03b5 \u03bd\u03b1 \u03c0\u03b1\u03c1\u03b1\u03b3\u03b3\u03b5\u03af\u03bb\u03b5\u03c4\u03b5 \u03c4\u03b1 \u03b9\u03b5\u03c1\u03b1\u03c4\u03b9\u03ba\u03ac \u03ae \u03bc\u03bf\u03bd\u03b1\u03c7\u03b9\u03ba\u03ac \u03c1\u03ac\u03c3\u03b1 \u03b1\u03c0\u03cc \u03c4\u03bf \u03b4\u03b9\u03ba\u03cc \u03c3\u03b1\u03c2 \u03cd\u03c6\u03b1\u03c3\u03bc\u03b1. \u0395\u03af\u03bd\u03b1\u03b9 \u03b8\u03ad\u03bc\u03b1 \u03c3\u03c5\u03bc\u03c6\u03c9\u03bd\u03af\u03b1\u03c2 \u03c0\u03bf\u03cd \u03ba\u03b1\u03b9 \u03c0\u03cc\u03c4\u03b5 \u03b8\u03b1 \u03c0\u03ac\u03c1\u03bf\u03c5\u03bc\u03b5 \u03c4\u03b1 \u03bc\u03ad\u03c4\u03c1\u03b1 \u03c3\u03b1\u03c2. \u038c\u03bb\u03b5\u03c2 \u03c4\u03b9\u03c2 \u03c0\u03b1\u03c1\u03b1\u03b3\u03b3\u03b5\u03bb\u03af\u03b5\u03c2 \u03bc\u03c0\u03bf\u03c1\u03b5\u03af\u03c4\u03b5 \u03bd\u03b1 \u03ba\u03ac\u03bd\u03b5\u03c4\u03b5 \u03bc\u03ad\u03c3\u03c9 email: manastirkovilje@gmail.com\u03ae \u03c3\u03c4\u03b1 \u03c4\u03b7\u03bb\u03ad\u03c6\u03c9\u03bd\u03b1:065 504 68 80 \u0438 032 760 020<\/p>\n","category_list":"","author_info":{"name":"belbendo","url":"https:\/\/orthodoxkovilje.rs\/el\/author\/belbendo\/"},"comments_num":"0 comments","yoast_head":"<!-- This site is optimized with the Yoast SEO plugin v22.6 - https:\/\/yoast.com\/wordpress\/plugins\/seo\/ -->\n<title>Radionica za \u0161ivenje - Pravoslavni Manastir Kovilje<\/title>\n<meta name=\"description\" content=\"Radionica za \u0161ivenje pravoslavnog manastira Kovilje. Kod nas mo\u017eete poru\u010diti \u0161ivenje sve\u0161teni\u010dke ili mona\u0161ke ode\u0107e od va\u0161eg materijala.\" \/>\n<meta name=\"robots\" content=\"index, follow, max-snippet:-1, max-image-preview:large, max-video-preview:-1\" \/>\n<link rel=\"canonical\" href=\"https:\/\/orthodoxkovilje.rs\/radionica-za-sivenje-manastira-kovilje\/\" \/>\n<meta property=\"og:locale\" content=\"el_GR\" \/>\n<meta property=\"og:type\" content=\"article\" \/>\n<meta property=\"og:title\" content=\"Radionica za \u0161ivenje - Pravoslavni Manastir Kovilje\" \/>\n<meta property=\"og:description\" content=\"Radionica za \u0161ivenje pravoslavnog manastira Kovilje. Kod nas mo\u017eete poru\u010diti \u0161ivenje sve\u0161teni\u010dke ili mona\u0161ke ode\u0107e od va\u0161eg materijala.\" \/>\n<meta property=\"og:url\" content=\"https:\/\/orthodoxkovilje.rs\/radionica-za-sivenje-manastira-kovilje\/\" \/>\n<meta property=\"og:site_name\" content=\"Pravoslavni Manastir Kovilje\" \/>\n<meta property=\"article:modified_time\" content=\"2020-11-22T17:18:42+00:00\" \/>\n<meta property=\"og:image\" content=\"https:\/\/orthodoxkovilje.rs\/wp-content\/uploads\/2018\/02\/sivenje.jpg\" \/>\n\t<meta property=\"og:image:width\" content=\"578\" \/>\n\t<meta property=\"og:image:height\" content=\"700\" \/>\n\t<meta property=\"og:image:type\" content=\"image\/jpeg\" \/>\n<meta name=\"twitter:card\" content=\"summary_large_image\" \/>\n<meta name=\"twitter:label1\" content=\"\u0395\u03ba\u03c4\u03b9\u03bc\u03ce\u03bc\u03b5\u03bd\u03bf\u03c2 \u03c7\u03c1\u03cc\u03bd\u03bf\u03c2 \u03b1\u03bd\u03ac\u03b3\u03bd\u03c9\u03c3\u03b7\u03c2\" \/>\n\t<meta name=\"twitter:data1\" content=\"1 \u03bb\u03b5\u03c0\u03c4\u03cc\" \/>\n<script type=\"application\/ld+json\" class=\"yoast-schema-graph\">{\"@context\":\"https:\/\/schema.org\",\"@graph\":[{\"@type\":\"WebPage\",\"@id\":\"https:\/\/orthodoxkovilje.rs\/radionica-za-sivenje-manastira-kovilje\/\",\"url\":\"https:\/\/orthodoxkovilje.rs\/radionica-za-sivenje-manastira-kovilje\/\",\"name\":\"Radionica za \u0161ivenje - Pravoslavni Manastir Kovilje\",\"isPartOf\":{\"@id\":\"https:\/\/orthodoxkovilje.rs\/#website\"},\"primaryImageOfPage\":{\"@id\":\"https:\/\/orthodoxkovilje.rs\/radionica-za-sivenje-manastira-kovilje\/#primaryimage\"},\"image\":{\"@id\":\"https:\/\/orthodoxkovilje.rs\/radionica-za-sivenje-manastira-kovilje\/#primaryimage\"},\"thumbnailUrl\":\"https:\/\/orthodoxkovilje.rs\/wp-content\/uploads\/2018\/02\/sivenje.jpg\",\"datePublished\":\"2018-02-03T22:35:44+00:00\",\"dateModified\":\"2020-11-22T17:18:42+00:00\",\"description\":\"Radionica za \u0161ivenje pravoslavnog manastira Kovilje. Kod nas mo\u017eete poru\u010diti \u0161ivenje sve\u0161teni\u010dke ili mona\u0161ke ode\u0107e od va\u0161eg materijala.\",\"breadcrumb\":{\"@id\":\"https:\/\/orthodoxkovilje.rs\/radionica-za-sivenje-manastira-kovilje\/#breadcrumb\"},\"inLanguage\":\"el\",\"potentialAction\":[{\"@type\":\"ReadAction\",\"target\":[\"https:\/\/orthodoxkovilje.rs\/radionica-za-sivenje-manastira-kovilje\/\"]}]},{\"@type\":\"ImageObject\",\"inLanguage\":\"el\",\"@id\":\"https:\/\/orthodoxkovilje.rs\/radionica-za-sivenje-manastira-kovilje\/#primaryimage\",\"url\":\"https:\/\/orthodoxkovilje.rs\/wp-content\/uploads\/2018\/02\/sivenje.jpg\",\"contentUrl\":\"https:\/\/orthodoxkovilje.rs\/wp-content\/uploads\/2018\/02\/sivenje.jpg\",\"width\":578,\"height\":700,\"caption\":\"\u0420\u0430\u0434\u0438\u043e\u043d\u0438\u0446\u0430 \u0437\u0430 \u0448\u0438\u0432\u0435\u045a\u0435 \u043f\u0440\u0430\u0432\u043e\u0441\u043b\u0430\u0432\u043d\u043e\u0433 \u043c\u0430\u043d\u0430\u0441\u0442\u0438\u0440\u0430 \u041a\u043e\u0432\u0438\u0459\u0435\"},{\"@type\":\"BreadcrumbList\",\"@id\":\"https:\/\/orthodoxkovilje.rs\/radionica-za-sivenje-manastira-kovilje\/#breadcrumb\",\"itemListElement\":[{\"@type\":\"ListItem\",\"position\":1,\"name\":\"\u041f\u043e\u0447\u0435\u0442\u043d\u0430\",\"item\":\"https:\/\/orthodoxkovilje.rs\/\"},{\"@type\":\"ListItem\",\"position\":2,\"name\":\"\u0420\u0430\u0434\u0438\u043e\u043d\u0438\u0446\u0430 \u0437\u0430 \u0448\u0438\u0432\u0435\u045a\u0435\"}]},{\"@type\":\"WebSite\",\"@id\":\"https:\/\/orthodoxkovilje.rs\/#website\",\"url\":\"https:\/\/orthodoxkovilje.rs\/\",\"name\":\"Pravoslavni Manastir Kovilje\",\"description\":\"Serbian Orthodox Monastery Kovllje\",\"publisher\":{\"@id\":\"https:\/\/orthodoxkovilje.rs\/#organization\"},\"potentialAction\":[{\"@type\":\"SearchAction\",\"target\":{\"@type\":\"EntryPoint\",\"urlTemplate\":\"https:\/\/orthodoxkovilje.rs\/?s={search_term_string}\"},\"query-input\":\"required name=search_term_string\"}],\"inLanguage\":\"el\"},{\"@type\":\"Organization\",\"@id\":\"https:\/\/orthodoxkovilje.rs\/#organization\",\"name\":\"Manastir Kovilje\",\"url\":\"https:\/\/orthodoxkovilje.rs\/\",\"logo\":{\"@type\":\"ImageObject\",\"inLanguage\":\"el\",\"@id\":\"https:\/\/orthodoxkovilje.rs\/#\/schema\/logo\/image\/\",\"url\":\"http:\/\/orthodoxkovilje.rs\/wp-content\/uploads\/2018\/01\/manastir-kovilje-logo-s.png\",\"contentUrl\":\"http:\/\/orthodoxkovilje.rs\/wp-content\/uploads\/2018\/01\/manastir-kovilje-logo-s.png\",\"width\":75,\"height\":75,\"caption\":\"Manastir Kovilje\"},\"image\":{\"@id\":\"https:\/\/orthodoxkovilje.rs\/#\/schema\/logo\/image\/\"}}]}<\/script>\n<!-- \/ Yoast SEO plugin. -->","yoast_head_json":{"title":"Radionica za \u0161ivenje - Pravoslavni Manastir Kovilje","description":"Radionica za \u0161ivenje pravoslavnog manastira Kovilje. Kod nas mo\u017eete poru\u010diti \u0161ivenje sve\u0161teni\u010dke ili mona\u0161ke ode\u0107e od va\u0161eg materijala.","robots":{"index":"index","follow":"follow","max-snippet":"max-snippet:-1","max-image-preview":"max-image-preview:large","max-video-preview":"max-video-preview:-1"},"canonical":"https:\/\/orthodoxkovilje.rs\/radionica-za-sivenje-manastira-kovilje\/","og_locale":"el_GR","og_type":"article","og_title":"Radionica za \u0161ivenje - Pravoslavni Manastir Kovilje","og_description":"Radionica za \u0161ivenje pravoslavnog manastira Kovilje. Kod nas mo\u017eete poru\u010diti \u0161ivenje sve\u0161teni\u010dke ili mona\u0161ke ode\u0107e od va\u0161eg materijala.","og_url":"https:\/\/orthodoxkovilje.rs\/radionica-za-sivenje-manastira-kovilje\/","og_site_name":"Pravoslavni Manastir Kovilje","article_modified_time":"2020-11-22T17:18:42+00:00","og_image":[{"width":578,"height":700,"url":"https:\/\/orthodoxkovilje.rs\/wp-content\/uploads\/2018\/02\/sivenje.jpg","type":"image\/jpeg"}],"twitter_card":"summary_large_image","twitter_misc":{"\u0395\u03ba\u03c4\u03b9\u03bc\u03ce\u03bc\u03b5\u03bd\u03bf\u03c2 \u03c7\u03c1\u03cc\u03bd\u03bf\u03c2 \u03b1\u03bd\u03ac\u03b3\u03bd\u03c9\u03c3\u03b7\u03c2":"1 \u03bb\u03b5\u03c0\u03c4\u03cc"},"schema":{"@context":"https:\/\/schema.org","@graph":[{"@type":"WebPage","@id":"https:\/\/orthodoxkovilje.rs\/radionica-za-sivenje-manastira-kovilje\/","url":"https:\/\/orthodoxkovilje.rs\/radionica-za-sivenje-manastira-kovilje\/","name":"Radionica za \u0161ivenje - Pravoslavni Manastir Kovilje","isPartOf":{"@id":"https:\/\/orthodoxkovilje.rs\/#website"},"primaryImageOfPage":{"@id":"https:\/\/orthodoxkovilje.rs\/radionica-za-sivenje-manastira-kovilje\/#primaryimage"},"image":{"@id":"https:\/\/orthodoxkovilje.rs\/radionica-za-sivenje-manastira-kovilje\/#primaryimage"},"thumbnailUrl":"https:\/\/orthodoxkovilje.rs\/wp-content\/uploads\/2018\/02\/sivenje.jpg","datePublished":"2018-02-03T22:35:44+00:00","dateModified":"2020-11-22T17:18:42+00:00","description":"Radionica za \u0161ivenje pravoslavnog manastira Kovilje. Kod nas mo\u017eete poru\u010diti \u0161ivenje sve\u0161teni\u010dke ili mona\u0161ke ode\u0107e od va\u0161eg materijala.","breadcrumb":{"@id":"https:\/\/orthodoxkovilje.rs\/radionica-za-sivenje-manastira-kovilje\/#breadcrumb"},"inLanguage":"el","potentialAction":[{"@type":"ReadAction","target":["https:\/\/orthodoxkovilje.rs\/radionica-za-sivenje-manastira-kovilje\/"]}]},{"@type":"ImageObject","inLanguage":"el","@id":"https:\/\/orthodoxkovilje.rs\/radionica-za-sivenje-manastira-kovilje\/#primaryimage","url":"https:\/\/orthodoxkovilje.rs\/wp-content\/uploads\/2018\/02\/sivenje.jpg","contentUrl":"https:\/\/orthodoxkovilje.rs\/wp-content\/uploads\/2018\/02\/sivenje.jpg","width":578,"height":700,"caption":"\u0420\u0430\u0434\u0438\u043e\u043d\u0438\u0446\u0430 \u0437\u0430 \u0448\u0438\u0432\u0435\u045a\u0435 \u043f\u0440\u0430\u0432\u043e\u0441\u043b\u0430\u0432\u043d\u043e\u0433 \u043c\u0430\u043d\u0430\u0441\u0442\u0438\u0440\u0430 \u041a\u043e\u0432\u0438\u0459\u0435"},{"@type":"BreadcrumbList","@id":"https:\/\/orthodoxkovilje.rs\/radionica-za-sivenje-manastira-kovilje\/#breadcrumb","itemListElement":[{"@type":"ListItem","position":1,"name":"\u041f\u043e\u0447\u0435\u0442\u043d\u0430","item":"https:\/\/orthodoxkovilje.rs\/"},{"@type":"ListItem","position":2,"name":"\u0420\u0430\u0434\u0438\u043e\u043d\u0438\u0446\u0430 \u0437\u0430 \u0448\u0438\u0432\u0435\u045a\u0435"}]},{"@type":"WebSite","@id":"https:\/\/orthodoxkovilje.rs\/#website","url":"https:\/\/orthodoxkovilje.rs\/","name":"Pravoslavni Manastir Kovilje","description":"Serbian Orthodox Monastery Kovllje","publisher":{"@id":"https:\/\/orthodoxkovilje.rs\/#organization"},"potentialAction":[{"@type":"SearchAction","target":{"@type":"EntryPoint","urlTemplate":"https:\/\/orthodoxkovilje.rs\/?s={search_term_string}"},"query-input":"required name=search_term_string"}],"inLanguage":"el"},{"@type":"Organization","@id":"https:\/\/orthodoxkovilje.rs\/#organization","name":"Manastir Kovilje","url":"https:\/\/orthodoxkovilje.rs\/","logo":{"@type":"ImageObject","inLanguage":"el","@id":"https:\/\/orthodoxkovilje.rs\/#\/schema\/logo\/image\/","url":"http:\/\/orthodoxkovilje.rs\/wp-content\/uploads\/2018\/01\/manastir-kovilje-logo-s.png","contentUrl":"http:\/\/orthodoxkovilje.rs\/wp-content\/uploads\/2018\/01\/manastir-kovilje-logo-s.png","width":75,"height":75,"caption":"Manastir Kovilje"},"image":{"@id":"https:\/\/orthodoxkovilje.rs\/#\/schema\/logo\/image\/"}}]}},"_links":{"self":[{"href":"https:\/\/orthodoxkovilje.rs\/el\/wp-json\/wp\/v2\/pages\/270"}],"collection":[{"href":"https:\/\/orthodoxkovilje.rs\/el\/wp-json\/wp\/v2\/pages"}],"about":[{"href":"https:\/\/orthodoxkovilje.rs\/el\/wp-json\/wp\/v2\/types\/page"}],"author":[{"embeddable":true,"href":"https:\/\/orthodoxkovilje.rs\/el\/wp-json\/wp\/v2\/users\/1"}],"replies":[{"embeddable":true,"href":"https:\/\/orthodoxkovilje.rs\/el\/wp-json\/wp\/v2\/comments?post=270"}],"version-history":[{"count":0,"href":"https:\/\/orthodoxkovilje.rs\/el\/wp-json\/wp\/v2\/pages\/270\/revisions"}],"wp:featuredmedia":[{"embeddable":true,"href":"https:\/\/orthodoxkovilje.rs\/el\/wp-json\/wp\/v2\/media\/600"}],"wp:attachment":[{"href":"https:\/\/orthodoxkovilje.rs\/el\/wp-json\/wp\/v2\/media?parent=270"}],"curies":[{"name":"wp","href":"https:\/\/api.w.org\/{rel}","templated":true}]}}