{"id":1592,"date":"2020-03-03T04:56:50","date_gmt":"2020-03-03T04:56:50","guid":{"rendered":"http:\/\/orthodoxkovilje.rs\/?post_type=product&#038;p=1592"},"modified":"2022-08-11T10:43:42","modified_gmt":"2022-08-11T10:43:42","slug":"%d1%82%d0%b8%d0%bd%d0%ba%d1%82%d1%83%d1%80%d0%b0-%d0%b7%d0%b0-%d1%98%d0%b0%d1%87%d0%b0%d1%9a%d0%b5-%d0%b8%d0%bc%d1%83%d0%bd%d0%b8%d1%82%d0%b5%d1%82%d0%b0","status":"publish","type":"product","link":"https:\/\/orthodoxkovilje.rs\/de\/\u043f\u0440\u043e\u0438\u0437\u0432\u043e\u0434\/%d1%82%d0%b8%d0%bd%d0%ba%d1%82%d1%83%d1%80%d0%b0-%d0%b7%d0%b0-%d1%98%d0%b0%d1%87%d0%b0%d1%9a%d0%b5-%d0%b8%d0%bc%d1%83%d0%bd%d0%b8%d1%82%d0%b5%d1%82%d0%b0\/","title":{"rendered":"(Srpski) \u0422\u0438\u043d\u043a\u0442\u0443\u0440\u0430 \u0437\u0430 \u0458\u0430\u0447\u0430\u045a\u0435 \u0438\u043c\u0443\u043d\u0438\u0442\u0435\u0442\u0430"},"content":{"rendered":"<p class=\"qtranxs-available-languages-message qtranxs-available-languages-message-de\">Leider ist der Eintrag nur auf <a href=\"https:\/\/orthodoxkovilje.rs\/sr\/wp-json\/wp\/v2\/product\/1592\" class=\"qtranxs-available-language-link qtranxs-available-language-link-sr\" title=\"Srpski\">Serbisch<\/a> verf\u00fcgbar.<\/p>","protected":false},"excerpt":{"rendered":"<p class=\"qtranxs-available-languages-message qtranxs-available-languages-message-de\">Leider ist der Eintrag nur auf <a href=\"https:\/\/orthodoxkovilje.rs\/sr\/wp-json\/wp\/v2\/product\/1592\" class=\"qtranxs-available-language-link qtranxs-available-language-link-sr\" title=\"Srpski\">Serbisch<\/a> verf\u00fcgbar.<\/p>\n","protected":false},"featured_media":1593,"template":"","meta":[],"product_cat":[34],"product_tag":[],"featured_image_urls":{"full":["https:\/\/orthodoxkovilje.rs\/wp-content\/uploads\/2020\/03\/Tinktura-za-Imunitet.jpg",1000,750,false],"thumbnail":["https:\/\/orthodoxkovilje.rs\/wp-content\/uploads\/2020\/03\/Tinktura-za-Imunitet-150x150.jpg",150,150,true],"medium":["https:\/\/orthodoxkovilje.rs\/wp-content\/uploads\/2020\/03\/Tinktura-za-Imunitet-300x225.jpg",300,225,true],"medium_large":["https:\/\/orthodoxkovilje.rs\/wp-content\/uploads\/2020\/03\/Tinktura-za-Imunitet-768x576.jpg",768,576,true],"large":["https:\/\/orthodoxkovilje.rs\/wp-content\/uploads\/2020\/03\/Tinktura-za-Imunitet.jpg",1000,750,false],"1536x1536":["https:\/\/orthodoxkovilje.rs\/wp-content\/uploads\/2020\/03\/Tinktura-za-Imunitet.jpg",1000,750,false],"2048x2048":["https:\/\/orthodoxkovilje.rs\/wp-content\/uploads\/2020\/03\/Tinktura-za-Imunitet.jpg",1000,750,false],"woocommerce_thumbnail":["https:\/\/orthodoxkovilje.rs\/wp-content\/uploads\/2020\/03\/Tinktura-za-Imunitet-300x300.jpg",300,300,true],"woocommerce_single":["https:\/\/orthodoxkovilje.rs\/wp-content\/uploads\/2020\/03\/Tinktura-za-Imunitet-600x450.jpg",600,450,true],"woocommerce_gallery_thumbnail":["https:\/\/orthodoxkovilje.rs\/wp-content\/uploads\/2020\/03\/Tinktura-za-Imunitet-100x100.jpg",100,100,true]},"post_excerpt_stackable":"<p class=\"qtranxs-available-languages-message qtranxs-available-languages-message-de\">Leider ist der Eintrag nur auf <a href=\"https:\/\/orthodoxkovilje.rs\/sr\/wp-json\/wp\/v2\/product\/1592\" class=\"qtranxs-available-language-link qtranxs-available-language-link-sr\" title=\"Srpski\">Serbisch<\/a> verf\u00fcgbar.<\/p>\n","category_list":"","author_info":{"name":"","url":""},"comments_num":"0 comments","yoast_head":"<!-- This site is optimized with the Yoast SEO plugin v22.6 - https:\/\/yoast.com\/wordpress\/plugins\/seo\/ -->\n<title>Tinktura za ja\u010danje imuniteta - Pravoslavni Manastir Kovilje<\/title>\n<meta name=\"description\" content=\"Tinktura za ja\u010danje imuniteta se mo\u017ee piti kao preventiva protiv gripa, a posebno se preporu\u010duje osobama koje se \u010desto zamaraju\" \/>\n<meta name=\"robots\" content=\"index, follow, max-snippet:-1, max-image-preview:large, max-video-preview:-1\" \/>\n<link rel=\"canonical\" href=\"https:\/\/orthodoxkovilje.rs\/\u043f\u0440\u043e\u0438\u0437\u0432\u043e\u0434\/\u0442\u0438\u043d\u043a\u0442\u0443\u0440\u0430-\u0437\u0430-\u0458\u0430\u0447\u0430\u045a\u0435-\u0438\u043c\u0443\u043d\u0438\u0442\u0435\u0442\u0430\/\" \/>\n<meta property=\"og:locale\" content=\"de_DE\" \/>\n<meta property=\"og:type\" content=\"article\" \/>\n<meta property=\"og:title\" content=\"Tinktura za ja\u010danje imuniteta - Pravoslavni Manastir Kovilje\" \/>\n<meta property=\"og:description\" content=\"Tinktura za ja\u010danje imuniteta se mo\u017ee piti kao preventiva protiv gripa, a posebno se preporu\u010duje osobama koje se \u010desto zamaraju\" \/>\n<meta property=\"og:url\" content=\"https:\/\/orthodoxkovilje.rs\/\u043f\u0440\u043e\u0438\u0437\u0432\u043e\u0434\/\u0442\u0438\u043d\u043a\u0442\u0443\u0440\u0430-\u0437\u0430-\u0458\u0430\u0447\u0430\u045a\u0435-\u0438\u043c\u0443\u043d\u0438\u0442\u0435\u0442\u0430\/\" \/>\n<meta property=\"og:site_name\" content=\"Pravoslavni Manastir Kovilje\" \/>\n<meta property=\"article:modified_time\" content=\"2022-08-11T10:43:42+00:00\" \/>\n<meta property=\"og:image\" content=\"https:\/\/orthodoxkovilje.rs\/wp-content\/uploads\/2020\/03\/Tinktura-za-Imunitet.jpg\" \/>\n\t<meta property=\"og:image:width\" content=\"1000\" \/>\n\t<meta property=\"og:image:height\" content=\"750\" \/>\n\t<meta property=\"og:image:type\" content=\"image\/jpeg\" \/>\n<meta name=\"twitter:card\" content=\"summary_large_image\" \/>\n<script type=\"application\/ld+json\" class=\"yoast-schema-graph\">{\"@context\":\"https:\/\/schema.org\",\"@graph\":[{\"@type\":\"WebPage\",\"@id\":\"https:\/\/orthodoxkovilje.rs\/\u043f\u0440\u043e\u0438\u0437\u0432\u043e\u0434\/%d1%82%d0%b8%d0%bd%d0%ba%d1%82%d1%83%d1%80%d0%b0-%d0%b7%d0%b0-%d1%98%d0%b0%d1%87%d0%b0%d1%9a%d0%b5-%d0%b8%d0%bc%d1%83%d0%bd%d0%b8%d1%82%d0%b5%d1%82%d0%b0\/\",\"url\":\"https:\/\/orthodoxkovilje.rs\/\u043f\u0440\u043e\u0438\u0437\u0432\u043e\u0434\/%d1%82%d0%b8%d0%bd%d0%ba%d1%82%d1%83%d1%80%d0%b0-%d0%b7%d0%b0-%d1%98%d0%b0%d1%87%d0%b0%d1%9a%d0%b5-%d0%b8%d0%bc%d1%83%d0%bd%d0%b8%d1%82%d0%b5%d1%82%d0%b0\/\",\"name\":\"Tinktura za ja\u010danje imuniteta - Pravoslavni Manastir Kovilje\",\"isPartOf\":{\"@id\":\"https:\/\/orthodoxkovilje.rs\/#website\"},\"primaryImageOfPage\":{\"@id\":\"https:\/\/orthodoxkovilje.rs\/\u043f\u0440\u043e\u0438\u0437\u0432\u043e\u0434\/%d1%82%d0%b8%d0%bd%d0%ba%d1%82%d1%83%d1%80%d0%b0-%d0%b7%d0%b0-%d1%98%d0%b0%d1%87%d0%b0%d1%9a%d0%b5-%d0%b8%d0%bc%d1%83%d0%bd%d0%b8%d1%82%d0%b5%d1%82%d0%b0\/#primaryimage\"},\"image\":{\"@id\":\"https:\/\/orthodoxkovilje.rs\/\u043f\u0440\u043e\u0438\u0437\u0432\u043e\u0434\/%d1%82%d0%b8%d0%bd%d0%ba%d1%82%d1%83%d1%80%d0%b0-%d0%b7%d0%b0-%d1%98%d0%b0%d1%87%d0%b0%d1%9a%d0%b5-%d0%b8%d0%bc%d1%83%d0%bd%d0%b8%d1%82%d0%b5%d1%82%d0%b0\/#primaryimage\"},\"thumbnailUrl\":\"https:\/\/orthodoxkovilje.rs\/wp-content\/uploads\/2020\/03\/Tinktura-za-Imunitet.jpg\",\"datePublished\":\"2020-03-03T04:56:50+00:00\",\"dateModified\":\"2022-08-11T10:43:42+00:00\",\"description\":\"Tinktura za ja\u010danje imuniteta se mo\u017ee piti kao preventiva protiv gripa, a posebno se preporu\u010duje osobama koje se \u010desto zamaraju\",\"breadcrumb\":{\"@id\":\"https:\/\/orthodoxkovilje.rs\/\u043f\u0440\u043e\u0438\u0437\u0432\u043e\u0434\/%d1%82%d0%b8%d0%bd%d0%ba%d1%82%d1%83%d1%80%d0%b0-%d0%b7%d0%b0-%d1%98%d0%b0%d1%87%d0%b0%d1%9a%d0%b5-%d0%b8%d0%bc%d1%83%d0%bd%d0%b8%d1%82%d0%b5%d1%82%d0%b0\/#breadcrumb\"},\"inLanguage\":\"de\",\"potentialAction\":[{\"@type\":\"ReadAction\",\"target\":[\"https:\/\/orthodoxkovilje.rs\/\u043f\u0440\u043e\u0438\u0437\u0432\u043e\u0434\/%d1%82%d0%b8%d0%bd%d0%ba%d1%82%d1%83%d1%80%d0%b0-%d0%b7%d0%b0-%d1%98%d0%b0%d1%87%d0%b0%d1%9a%d0%b5-%d0%b8%d0%bc%d1%83%d0%bd%d0%b8%d1%82%d0%b5%d1%82%d0%b0\/\"]}]},{\"@type\":\"ImageObject\",\"inLanguage\":\"de\",\"@id\":\"https:\/\/orthodoxkovilje.rs\/\u043f\u0440\u043e\u0438\u0437\u0432\u043e\u0434\/%d1%82%d0%b8%d0%bd%d0%ba%d1%82%d1%83%d1%80%d0%b0-%d0%b7%d0%b0-%d1%98%d0%b0%d1%87%d0%b0%d1%9a%d0%b5-%d0%b8%d0%bc%d1%83%d0%bd%d0%b8%d1%82%d0%b5%d1%82%d0%b0\/#primaryimage\",\"url\":\"https:\/\/orthodoxkovilje.rs\/wp-content\/uploads\/2020\/03\/Tinktura-za-Imunitet.jpg\",\"contentUrl\":\"https:\/\/orthodoxkovilje.rs\/wp-content\/uploads\/2020\/03\/Tinktura-za-Imunitet.jpg\",\"width\":1000,\"height\":750,\"caption\":\"Tinktura za ja\u010danje imuniteta\"},{\"@type\":\"BreadcrumbList\",\"@id\":\"https:\/\/orthodoxkovilje.rs\/\u043f\u0440\u043e\u0438\u0437\u0432\u043e\u0434\/%d1%82%d0%b8%d0%bd%d0%ba%d1%82%d1%83%d1%80%d0%b0-%d0%b7%d0%b0-%d1%98%d0%b0%d1%87%d0%b0%d1%9a%d0%b5-%d0%b8%d0%bc%d1%83%d0%bd%d0%b8%d1%82%d0%b5%d1%82%d0%b0\/#breadcrumb\",\"itemListElement\":[{\"@type\":\"ListItem\",\"position\":1,\"name\":\"\u041f\u043e\u0447\u0435\u0442\u043d\u0430\",\"item\":\"https:\/\/orthodoxkovilje.rs\/\"},{\"@type\":\"ListItem\",\"position\":2,\"name\":\"Shop\",\"item\":\"https:\/\/orthodoxkovilje.rs\/prodavnica-shop-manastir-kovilje\/\"},{\"@type\":\"ListItem\",\"position\":3,\"name\":\"\u0422\u0438\u043d\u043a\u0442\u0443\u0440\u0430 \u0437\u0430 \u0458\u0430\u0447\u0430\u045a\u0435 \u0438\u043c\u0443\u043d\u0438\u0442\u0435\u0442\u0430\"}]},{\"@type\":\"WebSite\",\"@id\":\"https:\/\/orthodoxkovilje.rs\/#website\",\"url\":\"https:\/\/orthodoxkovilje.rs\/\",\"name\":\"Pravoslavni Manastir Kovilje\",\"description\":\"Serbian Orthodox Monastery Kovllje\",\"publisher\":{\"@id\":\"https:\/\/orthodoxkovilje.rs\/#organization\"},\"potentialAction\":[{\"@type\":\"SearchAction\",\"target\":{\"@type\":\"EntryPoint\",\"urlTemplate\":\"https:\/\/orthodoxkovilje.rs\/?s={search_term_string}\"},\"query-input\":\"required name=search_term_string\"}],\"inLanguage\":\"de\"},{\"@type\":\"Organization\",\"@id\":\"https:\/\/orthodoxkovilje.rs\/#organization\",\"name\":\"Manastir Kovilje\",\"url\":\"https:\/\/orthodoxkovilje.rs\/\",\"logo\":{\"@type\":\"ImageObject\",\"inLanguage\":\"de\",\"@id\":\"https:\/\/orthodoxkovilje.rs\/#\/schema\/logo\/image\/\",\"url\":\"http:\/\/orthodoxkovilje.rs\/wp-content\/uploads\/2018\/01\/manastir-kovilje-logo-s.png\",\"contentUrl\":\"http:\/\/orthodoxkovilje.rs\/wp-content\/uploads\/2018\/01\/manastir-kovilje-logo-s.png\",\"width\":75,\"height\":75,\"caption\":\"Manastir Kovilje\"},\"image\":{\"@id\":\"https:\/\/orthodoxkovilje.rs\/#\/schema\/logo\/image\/\"}}]}<\/script>\n<!-- \/ Yoast SEO plugin. -->","yoast_head_json":{"title":"Tinktura za ja\u010danje imuniteta - Pravoslavni Manastir Kovilje","description":"Tinktura za ja\u010danje imuniteta se mo\u017ee piti kao preventiva protiv gripa, a posebno se preporu\u010duje osobama koje se \u010desto zamaraju","robots":{"index":"index","follow":"follow","max-snippet":"max-snippet:-1","max-image-preview":"max-image-preview:large","max-video-preview":"max-video-preview:-1"},"canonical":"https:\/\/orthodoxkovilje.rs\/\u043f\u0440\u043e\u0438\u0437\u0432\u043e\u0434\/\u0442\u0438\u043d\u043a\u0442\u0443\u0440\u0430-\u0437\u0430-\u0458\u0430\u0447\u0430\u045a\u0435-\u0438\u043c\u0443\u043d\u0438\u0442\u0435\u0442\u0430\/","og_locale":"de_DE","og_type":"article","og_title":"Tinktura za ja\u010danje imuniteta - Pravoslavni Manastir Kovilje","og_description":"Tinktura za ja\u010danje imuniteta se mo\u017ee piti kao preventiva protiv gripa, a posebno se preporu\u010duje osobama koje se \u010desto zamaraju","og_url":"https:\/\/orthodoxkovilje.rs\/\u043f\u0440\u043e\u0438\u0437\u0432\u043e\u0434\/\u0442\u0438\u043d\u043a\u0442\u0443\u0440\u0430-\u0437\u0430-\u0458\u0430\u0447\u0430\u045a\u0435-\u0438\u043c\u0443\u043d\u0438\u0442\u0435\u0442\u0430\/","og_site_name":"Pravoslavni Manastir Kovilje","article_modified_time":"2022-08-11T10:43:42+00:00","og_image":[{"width":1000,"height":750,"url":"https:\/\/orthodoxkovilje.rs\/wp-content\/uploads\/2020\/03\/Tinktura-za-Imunitet.jpg","type":"image\/jpeg"}],"twitter_card":"summary_large_image","schema":{"@context":"https:\/\/schema.org","@graph":[{"@type":"WebPage","@id":"https:\/\/orthodoxkovilje.rs\/\u043f\u0440\u043e\u0438\u0437\u0432\u043e\u0434\/%d1%82%d0%b8%d0%bd%d0%ba%d1%82%d1%83%d1%80%d0%b0-%d0%b7%d0%b0-%d1%98%d0%b0%d1%87%d0%b0%d1%9a%d0%b5-%d0%b8%d0%bc%d1%83%d0%bd%d0%b8%d1%82%d0%b5%d1%82%d0%b0\/","url":"https:\/\/orthodoxkovilje.rs\/\u043f\u0440\u043e\u0438\u0437\u0432\u043e\u0434\/%d1%82%d0%b8%d0%bd%d0%ba%d1%82%d1%83%d1%80%d0%b0-%d0%b7%d0%b0-%d1%98%d0%b0%d1%87%d0%b0%d1%9a%d0%b5-%d0%b8%d0%bc%d1%83%d0%bd%d0%b8%d1%82%d0%b5%d1%82%d0%b0\/","name":"Tinktura za ja\u010danje imuniteta - Pravoslavni Manastir Kovilje","isPartOf":{"@id":"https:\/\/orthodoxkovilje.rs\/#website"},"primaryImageOfPage":{"@id":"https:\/\/orthodoxkovilje.rs\/\u043f\u0440\u043e\u0438\u0437\u0432\u043e\u0434\/%d1%82%d0%b8%d0%bd%d0%ba%d1%82%d1%83%d1%80%d0%b0-%d0%b7%d0%b0-%d1%98%d0%b0%d1%87%d0%b0%d1%9a%d0%b5-%d0%b8%d0%bc%d1%83%d0%bd%d0%b8%d1%82%d0%b5%d1%82%d0%b0\/#primaryimage"},"image":{"@id":"https:\/\/orthodoxkovilje.rs\/\u043f\u0440\u043e\u0438\u0437\u0432\u043e\u0434\/%d1%82%d0%b8%d0%bd%d0%ba%d1%82%d1%83%d1%80%d0%b0-%d0%b7%d0%b0-%d1%98%d0%b0%d1%87%d0%b0%d1%9a%d0%b5-%d0%b8%d0%bc%d1%83%d0%bd%d0%b8%d1%82%d0%b5%d1%82%d0%b0\/#primaryimage"},"thumbnailUrl":"https:\/\/orthodoxkovilje.rs\/wp-content\/uploads\/2020\/03\/Tinktura-za-Imunitet.jpg","datePublished":"2020-03-03T04:56:50+00:00","dateModified":"2022-08-11T10:43:42+00:00","description":"Tinktura za ja\u010danje imuniteta se mo\u017ee piti kao preventiva protiv gripa, a posebno se preporu\u010duje osobama koje se \u010desto zamaraju","breadcrumb":{"@id":"https:\/\/orthodoxkovilje.rs\/\u043f\u0440\u043e\u0438\u0437\u0432\u043e\u0434\/%d1%82%d0%b8%d0%bd%d0%ba%d1%82%d1%83%d1%80%d0%b0-%d0%b7%d0%b0-%d1%98%d0%b0%d1%87%d0%b0%d1%9a%d0%b5-%d0%b8%d0%bc%d1%83%d0%bd%d0%b8%d1%82%d0%b5%d1%82%d0%b0\/#breadcrumb"},"inLanguage":"de","potentialAction":[{"@type":"ReadAction","target":["https:\/\/orthodoxkovilje.rs\/\u043f\u0440\u043e\u0438\u0437\u0432\u043e\u0434\/%d1%82%d0%b8%d0%bd%d0%ba%d1%82%d1%83%d1%80%d0%b0-%d0%b7%d0%b0-%d1%98%d0%b0%d1%87%d0%b0%d1%9a%d0%b5-%d0%b8%d0%bc%d1%83%d0%bd%d0%b8%d1%82%d0%b5%d1%82%d0%b0\/"]}]},{"@type":"ImageObject","inLanguage":"de","@id":"https:\/\/orthodoxkovilje.rs\/\u043f\u0440\u043e\u0438\u0437\u0432\u043e\u0434\/%d1%82%d0%b8%d0%bd%d0%ba%d1%82%d1%83%d1%80%d0%b0-%d0%b7%d0%b0-%d1%98%d0%b0%d1%87%d0%b0%d1%9a%d0%b5-%d0%b8%d0%bc%d1%83%d0%bd%d0%b8%d1%82%d0%b5%d1%82%d0%b0\/#primaryimage","url":"https:\/\/orthodoxkovilje.rs\/wp-content\/uploads\/2020\/03\/Tinktura-za-Imunitet.jpg","contentUrl":"https:\/\/orthodoxkovilje.rs\/wp-content\/uploads\/2020\/03\/Tinktura-za-Imunitet.jpg","width":1000,"height":750,"caption":"Tinktura za ja\u010danje imuniteta"},{"@type":"BreadcrumbList","@id":"https:\/\/orthodoxkovilje.rs\/\u043f\u0440\u043e\u0438\u0437\u0432\u043e\u0434\/%d1%82%d0%b8%d0%bd%d0%ba%d1%82%d1%83%d1%80%d0%b0-%d0%b7%d0%b0-%d1%98%d0%b0%d1%87%d0%b0%d1%9a%d0%b5-%d0%b8%d0%bc%d1%83%d0%bd%d0%b8%d1%82%d0%b5%d1%82%d0%b0\/#breadcrumb","itemListElement":[{"@type":"ListItem","position":1,"name":"\u041f\u043e\u0447\u0435\u0442\u043d\u0430","item":"https:\/\/orthodoxkovilje.rs\/"},{"@type":"ListItem","position":2,"name":"Shop","item":"https:\/\/orthodoxkovilje.rs\/prodavnica-shop-manastir-kovilje\/"},{"@type":"ListItem","position":3,"name":"\u0422\u0438\u043d\u043a\u0442\u0443\u0440\u0430 \u0437\u0430 \u0458\u0430\u0447\u0430\u045a\u0435 \u0438\u043c\u0443\u043d\u0438\u0442\u0435\u0442\u0430"}]},{"@type":"WebSite","@id":"https:\/\/orthodoxkovilje.rs\/#website","url":"https:\/\/orthodoxkovilje.rs\/","name":"Pravoslavni Manastir Kovilje","description":"Serbian Orthodox Monastery Kovllje","publisher":{"@id":"https:\/\/orthodoxkovilje.rs\/#organization"},"potentialAction":[{"@type":"SearchAction","target":{"@type":"EntryPoint","urlTemplate":"https:\/\/orthodoxkovilje.rs\/?s={search_term_string}"},"query-input":"required name=search_term_string"}],"inLanguage":"de"},{"@type":"Organization","@id":"https:\/\/orthodoxkovilje.rs\/#organization","name":"Manastir Kovilje","url":"https:\/\/orthodoxkovilje.rs\/","logo":{"@type":"ImageObject","inLanguage":"de","@id":"https:\/\/orthodoxkovilje.rs\/#\/schema\/logo\/image\/","url":"http:\/\/orthodoxkovilje.rs\/wp-content\/uploads\/2018\/01\/manastir-kovilje-logo-s.png","contentUrl":"http:\/\/orthodoxkovilje.rs\/wp-content\/uploads\/2018\/01\/manastir-kovilje-logo-s.png","width":75,"height":75,"caption":"Manastir Kovilje"},"image":{"@id":"https:\/\/orthodoxkovilje.rs\/#\/schema\/logo\/image\/"}}]}},"_links":{"self":[{"href":"https:\/\/orthodoxkovilje.rs\/de\/wp-json\/wp\/v2\/product\/1592"}],"collection":[{"href":"https:\/\/orthodoxkovilje.rs\/de\/wp-json\/wp\/v2\/product"}],"about":[{"href":"https:\/\/orthodoxkovilje.rs\/de\/wp-json\/wp\/v2\/types\/product"}],"wp:featuredmedia":[{"embeddable":true,"href":"https:\/\/orthodoxkovilje.rs\/de\/wp-json\/wp\/v2\/media\/1593"}],"wp:attachment":[{"href":"https:\/\/orthodoxkovilje.rs\/de\/wp-json\/wp\/v2\/media?parent=1592"}],"wp:term":[{"taxonomy":"product_cat","embeddable":true,"href":"https:\/\/orthodoxkovilje.rs\/de\/wp-json\/wp\/v2\/product_cat?post=1592"},{"taxonomy":"product_tag","embeddable":true,"href":"https:\/\/orthodoxkovilje.rs\/de\/wp-json\/wp\/v2\/product_tag?post=1592"}],"curies":[{"name":"wp","href":"https:\/\/api.w.org\/{rel}","templated":true}]}}