{"id":38,"date":"2018-01-05T00:57:54","date_gmt":"2018-01-05T00:57:54","guid":{"rendered":"http:\/\/orthodoxkovilje.rs\/?page_id=38"},"modified":"2020-11-21T23:47:16","modified_gmt":"2020-11-21T23:47:16","slug":"dobrotvorni-prilozi-obnova-manastira","status":"publish","type":"page","link":"https:\/\/orthodoxkovilje.rs\/de\/dobrotvorni-prilozi-obnova-manastira\/","title":{"rendered":"SPENDEN \/ ERNEUERUNG DES KLOSTERS"},"content":{"rendered":"<p><\/p>\n<p style=\"text-align: left;\">Das Kloster Kovilje liegt&nbsp; 30 Kilometer weit von der n\u00e4chsten Stadt Ivanjica im Golija-Gebirge. Selber die Lage der Einsiedelei ist sehr vorteilhaft f\u00fcr die Entwicklung des monastischen Lebens, denn sie ist genauso weit von der Stadt entfernt wie nah gelegen, falls jemand einen Ausflug zum Kloster vorhat. Die Schwesternschaft besch\u00e4ftigt sich mit den alten Handwerken der Stickerei, der Ikonenmalerei und der Zubereitung der Balsame und verdient sich auf diese Weise ihren Lebensunterhalt. Es kam dennoch zu Schwierigkeiten bei der Vollendung der angefangenen Rekonstruktionsarbeiten an den Kirchen und dem Aufbau von Unterk\u00fcnften f\u00fcr die Nonnen. Unsere Baupl\u00e4ne sind schon in gewissem Ma\u00dfe erf\u00fcllt worden,&nbsp; was man in der Rubrik &#8220;Erneuerung des Klosters&#8220; verfolgen kann, aber wir brauchen zus\u00e4tzliche Mittel, um die Erneuerung zu vervollst\u00e4ndigen. Alle Spenden, die \u00fcber unsere Girokonten auf uns zukommen k\u00f6nnen, sind auf jeden Fall willkommen. Mit Ihren Spenden k\u00f6nnen Sie uns freilich, wenn Sie wollen, auch die Namen Ihrer lebenden und verstorbenen Verwandten und Freunde zum Gebet zustellen. Unsere Baupl\u00e4ne sind schon in gewissem Ma\u00dfe erf\u00fcllt worden,&nbsp; was man in der Rubrik &#8220;Erneuerung des Klosters&#8220; verfolgen kann, aber wir brauchen zus\u00e4tzliche Mittel, um die Erneuerung zu vervollst\u00e4ndigen.<\/p>\n<p style=\"text-align: left;\">Unsere Baupl\u00e4ne sind schon in gewissem Ma\u00dfe erf\u00fcllt worden,&nbsp; was man in der Rubrik &#8220;Erneuerung des Klosters&#8220; verfolgen kann, aber wir brauchen zus\u00e4tzliche Mittel, um die Erneuerung zu vervollst\u00e4ndigen.<\/p>\n<p style=\"text-align: left;\"><strong>M\u00f6ge der Segen Gottes und Gebete aller Heiligen, die hier lebten mit Ihnen sein. <\/strong><\/p>\n<p><a href=\"http:\/\/paypal.me\/manastirkovilje\"><img decoding=\"async\" loading=\"lazy\" class=\"alignleft size-medium wp-image-809\" src=\"http:\/\/orthodoxkovilje.rs\/wp-content\/uploads\/2018\/05\/Artboard-1-300x107.png\" alt=\"\" width=\"300\" height=\"107\" srcset=\"https:\/\/orthodoxkovilje.rs\/wp-content\/uploads\/2018\/05\/Artboard-1-300x107.png 300w, https:\/\/orthodoxkovilje.rs\/wp-content\/uploads\/2018\/05\/Artboard-1-600x214.png 600w, https:\/\/orthodoxkovilje.rs\/wp-content\/uploads\/2018\/05\/Artboard-1-768x274.png 768w, https:\/\/orthodoxkovilje.rs\/wp-content\/uploads\/2018\/05\/Artboard-1-1024x365.png 1024w, https:\/\/orthodoxkovilje.rs\/wp-content\/uploads\/2018\/05\/Artboard-1.png 1367w\" sizes=\"(max-width: 300px) 100vw, 300px\" \/><\/a><\/p>\n<p style=\"text-align: left;\"><strong>Dinar-Konto bei der HALK banka<\/strong> (fr\u00fcher \u010ca\u010danska banka): 155-28740-23<\/p>\n<p style=\"text-align: left;\"><strong>Dinar-Konto bei der Vojvodjanska banka: <span style=\"font-family: Times New Roman, serif;\"><span style=\"font-size: medium;\"><b>32590060003215115<\/b><\/span><\/span><\/strong><\/p>\n<p style=\"text-align: left;\">Besuchszeiten &nbsp;08 \u2013 18 Uhr<br \/>\nTelefon:+381 32 760 020<br \/>\nE-Mail: <a href=\"mailto:manastirkovilje@gmail.com\">manastirkovilje@gmail.com<\/a><\/p>\n<figure id=\"attachment_638\" aria-describedby=\"caption-attachment-638\" style=\"width: 145px\" class=\"wp-caption alignleft\"><a href=\"http:\/\/orthodoxkovilje.rs\/wp-content\/uploads\/2018\/02\/Instructions-for-Payment.pdf\"><img decoding=\"async\" loading=\"lazy\" class=\"wp-image-638\" src=\"http:\/\/orthodoxkovilje.rs\/wp-content\/uploads\/2018\/02\/instrukcije-za-placanje2.jpg\" alt=\"\" width=\"145\" height=\"200\" srcset=\"https:\/\/orthodoxkovilje.rs\/wp-content\/uploads\/2018\/02\/instrukcije-za-placanje2.jpg 401w, https:\/\/orthodoxkovilje.rs\/wp-content\/uploads\/2018\/02\/instrukcije-za-placanje2-217x300.jpg 217w\" sizes=\"(max-width: 145px) 100vw, 145px\" \/><\/a><figcaption id=\"caption-attachment-638\" class=\"wp-caption-text\">\u0418\u043d\u0441\u0442\u0440\u0443\u043a\u0446\u0438\u0458\u0435 \u0437\u0430 \u043f\u043b\u0430\u045b\u0430\u045a\u0435<\/figcaption><\/figure>\n<div class=\"mceTemp\"><\/div>\n<div class=\"mceTemp\"><\/div>\n<p><\/p>","protected":false},"excerpt":{"rendered":"<p>Das Kloster Kovilje befindet sich 30km von der n\u00e4chstliegenden Stadt Ivanjica entfernt, auf dem Gebirge Golija. Die Lage der Einsiedelei eignet sich besonders gut f\u00fcr das monastische Leben, da sie weit genug ist von der Stadt aber auch nah genug, um Pilger zu empfangen.<\/p>\n","protected":false},"author":1,"featured_media":644,"parent":0,"menu_order":0,"comment_status":"closed","ping_status":"closed","template":"","meta":{"footnotes":""},"featured_image_urls":{"full":["https:\/\/orthodoxkovilje.rs\/wp-content\/uploads\/2018\/02\/06-obnova-manastira-kovilje-82.jpg",631,768,false],"thumbnail":["https:\/\/orthodoxkovilje.rs\/wp-content\/uploads\/2018\/02\/06-obnova-manastira-kovilje-82-150x150.jpg",150,150,true],"medium":["https:\/\/orthodoxkovilje.rs\/wp-content\/uploads\/2018\/02\/06-obnova-manastira-kovilje-82-246x300.jpg",246,300,true],"medium_large":["https:\/\/orthodoxkovilje.rs\/wp-content\/uploads\/2018\/02\/06-obnova-manastira-kovilje-82.jpg",631,768,false],"large":["https:\/\/orthodoxkovilje.rs\/wp-content\/uploads\/2018\/02\/06-obnova-manastira-kovilje-82.jpg",631,768,false],"1536x1536":["https:\/\/orthodoxkovilje.rs\/wp-content\/uploads\/2018\/02\/06-obnova-manastira-kovilje-82.jpg",631,768,false],"2048x2048":["https:\/\/orthodoxkovilje.rs\/wp-content\/uploads\/2018\/02\/06-obnova-manastira-kovilje-82.jpg",631,768,false],"woocommerce_thumbnail":["https:\/\/orthodoxkovilje.rs\/wp-content\/uploads\/2018\/02\/06-obnova-manastira-kovilje-82-300x300.jpg",300,300,true],"woocommerce_single":["https:\/\/orthodoxkovilje.rs\/wp-content\/uploads\/2018\/02\/06-obnova-manastira-kovilje-82-600x730.jpg",600,730,true],"woocommerce_gallery_thumbnail":["https:\/\/orthodoxkovilje.rs\/wp-content\/uploads\/2018\/02\/06-obnova-manastira-kovilje-82-100x100.jpg",100,100,true]},"post_excerpt_stackable":"<p>Das Kloster Kovilje befindet sich 30km von der n\u00e4chstliegenden Stadt Ivanjica entfernt, auf dem Gebirge Golija. Die Lage der Einsiedelei eignet sich besonders gut f\u00fcr das monastische Leben, da sie weit genug ist von der Stadt aber auch nah genug, um Pilger zu empfangen.<\/p>\n","category_list":"","author_info":{"name":"belbendo","url":"https:\/\/orthodoxkovilje.rs\/de\/author\/belbendo\/"},"comments_num":"0 comments","yoast_head":"<!-- This site is optimized with the Yoast SEO plugin v22.6 - https:\/\/yoast.com\/wordpress\/plugins\/seo\/ -->\n<title>Manastir Kovilje dobrotvorni prilozi - Pravoslavni Manastir Kovilje<\/title>\n<meta name=\"description\" content=\"Manastir Kovilje dobrotvorni prilozi za dovr\u0161avanje zapo\u010detih radova na rekonstrukciji samih hramova i podizanju konaka za \u017eivot\" \/>\n<meta name=\"robots\" content=\"index, follow, max-snippet:-1, max-image-preview:large, max-video-preview:-1\" \/>\n<link rel=\"canonical\" href=\"https:\/\/orthodoxkovilje.rs\/dobrotvorni-prilozi-obnova-manastira\/\" \/>\n<meta property=\"og:locale\" content=\"de_DE\" \/>\n<meta property=\"og:type\" content=\"article\" \/>\n<meta property=\"og:title\" content=\"Manastir Kovilje dobrotvorni prilozi - Pravoslavni Manastir Kovilje\" \/>\n<meta property=\"og:description\" content=\"Manastir Kovilje dobrotvorni prilozi za dovr\u0161avanje zapo\u010detih radova na rekonstrukciji samih hramova i podizanju konaka za \u017eivot\" \/>\n<meta property=\"og:url\" content=\"https:\/\/orthodoxkovilje.rs\/dobrotvorni-prilozi-obnova-manastira\/\" \/>\n<meta property=\"og:site_name\" content=\"Pravoslavni Manastir Kovilje\" \/>\n<meta property=\"article:modified_time\" content=\"2020-11-21T23:47:16+00:00\" \/>\n<meta property=\"og:image\" content=\"https:\/\/orthodoxkovilje.rs\/wp-content\/uploads\/2018\/02\/06-obnova-manastira-kovilje-82.jpg\" \/>\n\t<meta property=\"og:image:width\" content=\"631\" \/>\n\t<meta property=\"og:image:height\" content=\"768\" \/>\n\t<meta property=\"og:image:type\" content=\"image\/jpeg\" \/>\n<meta name=\"twitter:card\" content=\"summary_large_image\" \/>\n<meta name=\"twitter:label1\" content=\"Gesch\u00e4tzte Lesezeit\" \/>\n\t<meta name=\"twitter:data1\" content=\"4\u00a0Minuten\" \/>\n<script type=\"application\/ld+json\" class=\"yoast-schema-graph\">{\"@context\":\"https:\/\/schema.org\",\"@graph\":[{\"@type\":\"WebPage\",\"@id\":\"https:\/\/orthodoxkovilje.rs\/dobrotvorni-prilozi-obnova-manastira\/\",\"url\":\"https:\/\/orthodoxkovilje.rs\/dobrotvorni-prilozi-obnova-manastira\/\",\"name\":\"Manastir Kovilje dobrotvorni prilozi - Pravoslavni Manastir Kovilje\",\"isPartOf\":{\"@id\":\"https:\/\/orthodoxkovilje.rs\/#website\"},\"primaryImageOfPage\":{\"@id\":\"https:\/\/orthodoxkovilje.rs\/dobrotvorni-prilozi-obnova-manastira\/#primaryimage\"},\"image\":{\"@id\":\"https:\/\/orthodoxkovilje.rs\/dobrotvorni-prilozi-obnova-manastira\/#primaryimage\"},\"thumbnailUrl\":\"https:\/\/orthodoxkovilje.rs\/wp-content\/uploads\/2018\/02\/06-obnova-manastira-kovilje-82.jpg\",\"datePublished\":\"2018-01-05T00:57:54+00:00\",\"dateModified\":\"2020-11-21T23:47:16+00:00\",\"description\":\"Manastir Kovilje dobrotvorni prilozi za dovr\u0161avanje zapo\u010detih radova na rekonstrukciji samih hramova i podizanju konaka za \u017eivot\",\"breadcrumb\":{\"@id\":\"https:\/\/orthodoxkovilje.rs\/dobrotvorni-prilozi-obnova-manastira\/#breadcrumb\"},\"inLanguage\":\"de\",\"potentialAction\":[{\"@type\":\"ReadAction\",\"target\":[\"https:\/\/orthodoxkovilje.rs\/dobrotvorni-prilozi-obnova-manastira\/\"]}]},{\"@type\":\"ImageObject\",\"inLanguage\":\"de\",\"@id\":\"https:\/\/orthodoxkovilje.rs\/dobrotvorni-prilozi-obnova-manastira\/#primaryimage\",\"url\":\"https:\/\/orthodoxkovilje.rs\/wp-content\/uploads\/2018\/02\/06-obnova-manastira-kovilje-82.jpg\",\"contentUrl\":\"https:\/\/orthodoxkovilje.rs\/wp-content\/uploads\/2018\/02\/06-obnova-manastira-kovilje-82.jpg\",\"width\":631,\"height\":768,\"caption\":\"\u041c\u0430\u043d\u0430\u0441\u0442\u0438\u0440 \u041a\u043e\u0432\u0438\u0459\u0435 \u0434\u043e\u0431\u0440\u043e\u0442\u0432\u043e\u0440\u043d\u0438 \u043f\u0440\u0438\u043b\u043e\u0437\u0438\"},{\"@type\":\"BreadcrumbList\",\"@id\":\"https:\/\/orthodoxkovilje.rs\/dobrotvorni-prilozi-obnova-manastira\/#breadcrumb\",\"itemListElement\":[{\"@type\":\"ListItem\",\"position\":1,\"name\":\"\u041f\u043e\u0447\u0435\u0442\u043d\u0430\",\"item\":\"https:\/\/orthodoxkovilje.rs\/\"},{\"@type\":\"ListItem\",\"position\":2,\"name\":\"\u0414\u043e\u0431\u0440\u043e\u0442\u0432\u043e\u0440\u043d\u0438 \u043f\u0440\u0438\u043b\u043e\u0437\u0438 \/ \u041e\u0431\u043d\u043e\u0432\u0430 \u043c\u0430\u043d\u0430\u0441\u0442\u0438\u0440\u0430\"}]},{\"@type\":\"WebSite\",\"@id\":\"https:\/\/orthodoxkovilje.rs\/#website\",\"url\":\"https:\/\/orthodoxkovilje.rs\/\",\"name\":\"Pravoslavni Manastir Kovilje\",\"description\":\"Serbian Orthodox Monastery Kovllje\",\"publisher\":{\"@id\":\"https:\/\/orthodoxkovilje.rs\/#organization\"},\"potentialAction\":[{\"@type\":\"SearchAction\",\"target\":{\"@type\":\"EntryPoint\",\"urlTemplate\":\"https:\/\/orthodoxkovilje.rs\/?s={search_term_string}\"},\"query-input\":\"required name=search_term_string\"}],\"inLanguage\":\"de\"},{\"@type\":\"Organization\",\"@id\":\"https:\/\/orthodoxkovilje.rs\/#organization\",\"name\":\"Manastir Kovilje\",\"url\":\"https:\/\/orthodoxkovilje.rs\/\",\"logo\":{\"@type\":\"ImageObject\",\"inLanguage\":\"de\",\"@id\":\"https:\/\/orthodoxkovilje.rs\/#\/schema\/logo\/image\/\",\"url\":\"http:\/\/orthodoxkovilje.rs\/wp-content\/uploads\/2018\/01\/manastir-kovilje-logo-s.png\",\"contentUrl\":\"http:\/\/orthodoxkovilje.rs\/wp-content\/uploads\/2018\/01\/manastir-kovilje-logo-s.png\",\"width\":75,\"height\":75,\"caption\":\"Manastir Kovilje\"},\"image\":{\"@id\":\"https:\/\/orthodoxkovilje.rs\/#\/schema\/logo\/image\/\"}}]}<\/script>\n<!-- \/ Yoast SEO plugin. -->","yoast_head_json":{"title":"Manastir Kovilje dobrotvorni prilozi - Pravoslavni Manastir Kovilje","description":"Manastir Kovilje dobrotvorni prilozi za dovr\u0161avanje zapo\u010detih radova na rekonstrukciji samih hramova i podizanju konaka za \u017eivot","robots":{"index":"index","follow":"follow","max-snippet":"max-snippet:-1","max-image-preview":"max-image-preview:large","max-video-preview":"max-video-preview:-1"},"canonical":"https:\/\/orthodoxkovilje.rs\/dobrotvorni-prilozi-obnova-manastira\/","og_locale":"de_DE","og_type":"article","og_title":"Manastir Kovilje dobrotvorni prilozi - Pravoslavni Manastir Kovilje","og_description":"Manastir Kovilje dobrotvorni prilozi za dovr\u0161avanje zapo\u010detih radova na rekonstrukciji samih hramova i podizanju konaka za \u017eivot","og_url":"https:\/\/orthodoxkovilje.rs\/dobrotvorni-prilozi-obnova-manastira\/","og_site_name":"Pravoslavni Manastir Kovilje","article_modified_time":"2020-11-21T23:47:16+00:00","og_image":[{"width":631,"height":768,"url":"https:\/\/orthodoxkovilje.rs\/wp-content\/uploads\/2018\/02\/06-obnova-manastira-kovilje-82.jpg","type":"image\/jpeg"}],"twitter_card":"summary_large_image","twitter_misc":{"Gesch\u00e4tzte Lesezeit":"4\u00a0Minuten"},"schema":{"@context":"https:\/\/schema.org","@graph":[{"@type":"WebPage","@id":"https:\/\/orthodoxkovilje.rs\/dobrotvorni-prilozi-obnova-manastira\/","url":"https:\/\/orthodoxkovilje.rs\/dobrotvorni-prilozi-obnova-manastira\/","name":"Manastir Kovilje dobrotvorni prilozi - Pravoslavni Manastir Kovilje","isPartOf":{"@id":"https:\/\/orthodoxkovilje.rs\/#website"},"primaryImageOfPage":{"@id":"https:\/\/orthodoxkovilje.rs\/dobrotvorni-prilozi-obnova-manastira\/#primaryimage"},"image":{"@id":"https:\/\/orthodoxkovilje.rs\/dobrotvorni-prilozi-obnova-manastira\/#primaryimage"},"thumbnailUrl":"https:\/\/orthodoxkovilje.rs\/wp-content\/uploads\/2018\/02\/06-obnova-manastira-kovilje-82.jpg","datePublished":"2018-01-05T00:57:54+00:00","dateModified":"2020-11-21T23:47:16+00:00","description":"Manastir Kovilje dobrotvorni prilozi za dovr\u0161avanje zapo\u010detih radova na rekonstrukciji samih hramova i podizanju konaka za \u017eivot","breadcrumb":{"@id":"https:\/\/orthodoxkovilje.rs\/dobrotvorni-prilozi-obnova-manastira\/#breadcrumb"},"inLanguage":"de","potentialAction":[{"@type":"ReadAction","target":["https:\/\/orthodoxkovilje.rs\/dobrotvorni-prilozi-obnova-manastira\/"]}]},{"@type":"ImageObject","inLanguage":"de","@id":"https:\/\/orthodoxkovilje.rs\/dobrotvorni-prilozi-obnova-manastira\/#primaryimage","url":"https:\/\/orthodoxkovilje.rs\/wp-content\/uploads\/2018\/02\/06-obnova-manastira-kovilje-82.jpg","contentUrl":"https:\/\/orthodoxkovilje.rs\/wp-content\/uploads\/2018\/02\/06-obnova-manastira-kovilje-82.jpg","width":631,"height":768,"caption":"\u041c\u0430\u043d\u0430\u0441\u0442\u0438\u0440 \u041a\u043e\u0432\u0438\u0459\u0435 \u0434\u043e\u0431\u0440\u043e\u0442\u0432\u043e\u0440\u043d\u0438 \u043f\u0440\u0438\u043b\u043e\u0437\u0438"},{"@type":"BreadcrumbList","@id":"https:\/\/orthodoxkovilje.rs\/dobrotvorni-prilozi-obnova-manastira\/#breadcrumb","itemListElement":[{"@type":"ListItem","position":1,"name":"\u041f\u043e\u0447\u0435\u0442\u043d\u0430","item":"https:\/\/orthodoxkovilje.rs\/"},{"@type":"ListItem","position":2,"name":"\u0414\u043e\u0431\u0440\u043e\u0442\u0432\u043e\u0440\u043d\u0438 \u043f\u0440\u0438\u043b\u043e\u0437\u0438 \/ \u041e\u0431\u043d\u043e\u0432\u0430 \u043c\u0430\u043d\u0430\u0441\u0442\u0438\u0440\u0430"}]},{"@type":"WebSite","@id":"https:\/\/orthodoxkovilje.rs\/#website","url":"https:\/\/orthodoxkovilje.rs\/","name":"Pravoslavni Manastir Kovilje","description":"Serbian Orthodox Monastery Kovllje","publisher":{"@id":"https:\/\/orthodoxkovilje.rs\/#organization"},"potentialAction":[{"@type":"SearchAction","target":{"@type":"EntryPoint","urlTemplate":"https:\/\/orthodoxkovilje.rs\/?s={search_term_string}"},"query-input":"required name=search_term_string"}],"inLanguage":"de"},{"@type":"Organization","@id":"https:\/\/orthodoxkovilje.rs\/#organization","name":"Manastir Kovilje","url":"https:\/\/orthodoxkovilje.rs\/","logo":{"@type":"ImageObject","inLanguage":"de","@id":"https:\/\/orthodoxkovilje.rs\/#\/schema\/logo\/image\/","url":"http:\/\/orthodoxkovilje.rs\/wp-content\/uploads\/2018\/01\/manastir-kovilje-logo-s.png","contentUrl":"http:\/\/orthodoxkovilje.rs\/wp-content\/uploads\/2018\/01\/manastir-kovilje-logo-s.png","width":75,"height":75,"caption":"Manastir Kovilje"},"image":{"@id":"https:\/\/orthodoxkovilje.rs\/#\/schema\/logo\/image\/"}}]}},"_links":{"self":[{"href":"https:\/\/orthodoxkovilje.rs\/de\/wp-json\/wp\/v2\/pages\/38"}],"collection":[{"href":"https:\/\/orthodoxkovilje.rs\/de\/wp-json\/wp\/v2\/pages"}],"about":[{"href":"https:\/\/orthodoxkovilje.rs\/de\/wp-json\/wp\/v2\/types\/page"}],"author":[{"embeddable":true,"href":"https:\/\/orthodoxkovilje.rs\/de\/wp-json\/wp\/v2\/users\/1"}],"replies":[{"embeddable":true,"href":"https:\/\/orthodoxkovilje.rs\/de\/wp-json\/wp\/v2\/comments?post=38"}],"version-history":[{"count":0,"href":"https:\/\/orthodoxkovilje.rs\/de\/wp-json\/wp\/v2\/pages\/38\/revisions"}],"wp:featuredmedia":[{"embeddable":true,"href":"https:\/\/orthodoxkovilje.rs\/de\/wp-json\/wp\/v2\/media\/644"}],"wp:attachment":[{"href":"https:\/\/orthodoxkovilje.rs\/de\/wp-json\/wp\/v2\/media?parent=38"}],"curies":[{"name":"wp","href":"https:\/\/api.w.org\/{rel}","templated":true}]}}