{"id":36,"date":"2018-01-05T00:56:33","date_gmt":"2018-01-05T00:56:33","guid":{"rendered":"http:\/\/orthodoxkovilje.rs\/?p=36"},"modified":"2020-11-22T18:00:24","modified_gmt":"2020-11-22T18:00:24","slug":"izdavastvo-manastir-kovilje","status":"publish","type":"page","link":"https:\/\/orthodoxkovilje.rs\/de\/izdavastvo-manastir-kovilje\/","title":{"rendered":"HERAUSGEBERISCHE T\u00c4TIGKEIT"},"content":{"rendered":"<p><\/p>\n<figure id=\"attachment_182\" aria-describedby=\"caption-attachment-182\" style=\"width: 300px\" class=\"wp-caption aligncenter\"><a href=\"http:\/\/orthodoxkovilje.rs\/wp-content\/uploads\/2018\/01\/Mati-Marija-1.jpg\"><img decoding=\"async\" loading=\"lazy\" class=\"wp-image-182 aligncenter\" src=\"http:\/\/orthodoxkovilje.rs\/wp-content\/uploads\/2018\/01\/Mati-Marija-1.jpg\" alt=\"\" width=\"300\" height=\"410\" srcset=\"https:\/\/orthodoxkovilje.rs\/wp-content\/uploads\/2018\/01\/Mati-Marija-1.jpg 344w, https:\/\/orthodoxkovilje.rs\/wp-content\/uploads\/2018\/01\/Mati-Marija-1-220x300.jpg 220w\" sizes=\"(max-width: 300px) 100vw, 300px\" \/><\/a><figcaption id=\"caption-attachment-182\" class=\"wp-caption-text\"><em><b>Mutter Maria<\/b>\u00a0Skobzowa (1891-1945)<\/em><\/figcaption><\/figure>\n<p style=\"text-align: center;\">Der Verlag PUT (WEG) ist zuerst in elektronischer Form entstanden, weil die meisten Leser heutzutage gerade im Internet vorhanden sind. Wie in einer riesengro\u00dfen Weltbibliothek gehen die Leser durch die Flure, sehen sich die B\u00fccherregale an und w\u00e4hlen aus, was sie lesen m\u00f6chten. Unsere B\u00fccherregale werden Texte \u00fcber das praktische Christentum beinhalten, das man im Alltag anwenden kann, \u00fcber ein solches Christentum, das nicht nur f\u00fcr uns M\u00f6nche reserviert ist. Die B\u00fccher werden auf jeden Fall sp\u00e4ter in ihrer \u00fcblichen Form erh\u00e4ltlich sein.<\/p>\n<p><\/p>","protected":false},"excerpt":{"rendered":"<p>Der Verlag PUT (WEG) ist zuerst in elektronischer Form entstanden, weil die meisten Leser heutzutage gerade im Internet vorhanden sind. Wie in einer riesengro\u00dfen Weltbibliothek gehen die Leser durch die Flure, sehen sich die B\u00fccherregale an und w\u00e4hlen aus, was sie lesen m\u00f6chten.<\/p>\n","protected":false},"author":1,"featured_media":182,"parent":0,"menu_order":0,"comment_status":"open","ping_status":"closed","template":"","meta":{"footnotes":""},"featured_image_urls":{"full":["https:\/\/orthodoxkovilje.rs\/wp-content\/uploads\/2018\/01\/Mati-Marija-1.jpg",344,470,false],"thumbnail":["https:\/\/orthodoxkovilje.rs\/wp-content\/uploads\/2018\/01\/Mati-Marija-1-150x150.jpg",150,150,true],"medium":["https:\/\/orthodoxkovilje.rs\/wp-content\/uploads\/2018\/01\/Mati-Marija-1-220x300.jpg",220,300,true],"medium_large":["https:\/\/orthodoxkovilje.rs\/wp-content\/uploads\/2018\/01\/Mati-Marija-1.jpg",344,470,false],"large":["https:\/\/orthodoxkovilje.rs\/wp-content\/uploads\/2018\/01\/Mati-Marija-1.jpg",344,470,false],"1536x1536":["https:\/\/orthodoxkovilje.rs\/wp-content\/uploads\/2018\/01\/Mati-Marija-1.jpg",344,470,false],"2048x2048":["https:\/\/orthodoxkovilje.rs\/wp-content\/uploads\/2018\/01\/Mati-Marija-1.jpg",344,470,false],"woocommerce_thumbnail":["https:\/\/orthodoxkovilje.rs\/wp-content\/uploads\/2018\/01\/Mati-Marija-1-300x300.jpg",300,300,true],"woocommerce_single":["https:\/\/orthodoxkovilje.rs\/wp-content\/uploads\/2018\/01\/Mati-Marija-1.jpg",344,470,false],"woocommerce_gallery_thumbnail":["https:\/\/orthodoxkovilje.rs\/wp-content\/uploads\/2018\/01\/Mati-Marija-1-100x100.jpg",100,100,true]},"post_excerpt_stackable":"<p>Der Verlag PUT (WEG) ist zuerst in elektronischer Form entstanden, weil die meisten Leser heutzutage gerade im Internet vorhanden sind. Wie in einer riesengro\u00dfen Weltbibliothek gehen die Leser durch die Flure, sehen sich die B\u00fccherregale an und w\u00e4hlen aus, was sie lesen m\u00f6chten.<\/p>\n","category_list":"","author_info":{"name":"belbendo","url":"https:\/\/orthodoxkovilje.rs\/de\/author\/belbendo\/"},"comments_num":"0 comments","yoast_head":"<!-- This site is optimized with the Yoast SEO plugin v22.6 - https:\/\/yoast.com\/wordpress\/plugins\/seo\/ -->\n<title>Izdava\u010dka delatnost PUT - Pravoslavni Manastir Kovilje<\/title>\n<meta name=\"description\" content=\"Izdava\u010dka delatnost nosi tekstove o prakti\u010dnom hri\u0161\u0107anstvu koje se mo\u017ee primeniti u svakodnevnom \u017eivotu, koje nije rezervisano samo za monahe\" \/>\n<meta name=\"robots\" content=\"index, follow, max-snippet:-1, max-image-preview:large, max-video-preview:-1\" \/>\n<link rel=\"canonical\" href=\"https:\/\/orthodoxkovilje.rs\/izdavastvo-manastir-kovilje\/\" \/>\n<meta property=\"og:locale\" content=\"de_DE\" \/>\n<meta property=\"og:type\" content=\"article\" \/>\n<meta property=\"og:title\" content=\"Izdava\u010dka delatnost PUT - Pravoslavni Manastir Kovilje\" \/>\n<meta property=\"og:description\" content=\"Izdava\u010dka delatnost nosi tekstove o prakti\u010dnom hri\u0161\u0107anstvu koje se mo\u017ee primeniti u svakodnevnom \u017eivotu, koje nije rezervisano samo za monahe\" \/>\n<meta property=\"og:url\" content=\"https:\/\/orthodoxkovilje.rs\/izdavastvo-manastir-kovilje\/\" \/>\n<meta property=\"og:site_name\" content=\"Pravoslavni Manastir Kovilje\" \/>\n<meta property=\"article:modified_time\" content=\"2020-11-22T18:00:24+00:00\" \/>\n<meta property=\"og:image\" content=\"https:\/\/orthodoxkovilje.rs\/wp-content\/uploads\/2018\/01\/Mati-Marija-1.jpg\" \/>\n\t<meta property=\"og:image:width\" content=\"344\" \/>\n\t<meta property=\"og:image:height\" content=\"470\" \/>\n\t<meta property=\"og:image:type\" content=\"image\/jpeg\" \/>\n<meta name=\"twitter:card\" content=\"summary_large_image\" \/>\n<meta name=\"twitter:label1\" content=\"Gesch\u00e4tzte Lesezeit\" \/>\n\t<meta name=\"twitter:data1\" content=\"1\u00a0Minute\" \/>\n<script type=\"application\/ld+json\" class=\"yoast-schema-graph\">{\"@context\":\"https:\/\/schema.org\",\"@graph\":[{\"@type\":\"WebPage\",\"@id\":\"https:\/\/orthodoxkovilje.rs\/izdavastvo-manastir-kovilje\/\",\"url\":\"https:\/\/orthodoxkovilje.rs\/izdavastvo-manastir-kovilje\/\",\"name\":\"Izdava\u010dka delatnost PUT - Pravoslavni Manastir Kovilje\",\"isPartOf\":{\"@id\":\"https:\/\/orthodoxkovilje.rs\/#website\"},\"primaryImageOfPage\":{\"@id\":\"https:\/\/orthodoxkovilje.rs\/izdavastvo-manastir-kovilje\/#primaryimage\"},\"image\":{\"@id\":\"https:\/\/orthodoxkovilje.rs\/izdavastvo-manastir-kovilje\/#primaryimage\"},\"thumbnailUrl\":\"https:\/\/orthodoxkovilje.rs\/wp-content\/uploads\/2018\/01\/Mati-Marija-1.jpg\",\"datePublished\":\"2018-01-05T00:56:33+00:00\",\"dateModified\":\"2020-11-22T18:00:24+00:00\",\"description\":\"Izdava\u010dka delatnost nosi tekstove o prakti\u010dnom hri\u0161\u0107anstvu koje se mo\u017ee primeniti u svakodnevnom \u017eivotu, koje nije rezervisano samo za monahe\",\"breadcrumb\":{\"@id\":\"https:\/\/orthodoxkovilje.rs\/izdavastvo-manastir-kovilje\/#breadcrumb\"},\"inLanguage\":\"de\",\"potentialAction\":[{\"@type\":\"ReadAction\",\"target\":[\"https:\/\/orthodoxkovilje.rs\/izdavastvo-manastir-kovilje\/\"]}]},{\"@type\":\"ImageObject\",\"inLanguage\":\"de\",\"@id\":\"https:\/\/orthodoxkovilje.rs\/izdavastvo-manastir-kovilje\/#primaryimage\",\"url\":\"https:\/\/orthodoxkovilje.rs\/wp-content\/uploads\/2018\/01\/Mati-Marija-1.jpg\",\"contentUrl\":\"https:\/\/orthodoxkovilje.rs\/wp-content\/uploads\/2018\/01\/Mati-Marija-1.jpg\",\"width\":344,\"height\":470,\"caption\":\"Izdava\u010dka delatnost\"},{\"@type\":\"BreadcrumbList\",\"@id\":\"https:\/\/orthodoxkovilje.rs\/izdavastvo-manastir-kovilje\/#breadcrumb\",\"itemListElement\":[{\"@type\":\"ListItem\",\"position\":1,\"name\":\"\u041f\u043e\u0447\u0435\u0442\u043d\u0430\",\"item\":\"https:\/\/orthodoxkovilje.rs\/\"},{\"@type\":\"ListItem\",\"position\":2,\"name\":\"\u0418\u0437\u0434\u0430\u0432\u0430\u0448\u0442\u0432\u043e\"}]},{\"@type\":\"WebSite\",\"@id\":\"https:\/\/orthodoxkovilje.rs\/#website\",\"url\":\"https:\/\/orthodoxkovilje.rs\/\",\"name\":\"Pravoslavni Manastir Kovilje\",\"description\":\"Serbian Orthodox Monastery Kovllje\",\"publisher\":{\"@id\":\"https:\/\/orthodoxkovilje.rs\/#organization\"},\"potentialAction\":[{\"@type\":\"SearchAction\",\"target\":{\"@type\":\"EntryPoint\",\"urlTemplate\":\"https:\/\/orthodoxkovilje.rs\/?s={search_term_string}\"},\"query-input\":\"required name=search_term_string\"}],\"inLanguage\":\"de\"},{\"@type\":\"Organization\",\"@id\":\"https:\/\/orthodoxkovilje.rs\/#organization\",\"name\":\"Manastir Kovilje\",\"url\":\"https:\/\/orthodoxkovilje.rs\/\",\"logo\":{\"@type\":\"ImageObject\",\"inLanguage\":\"de\",\"@id\":\"https:\/\/orthodoxkovilje.rs\/#\/schema\/logo\/image\/\",\"url\":\"http:\/\/orthodoxkovilje.rs\/wp-content\/uploads\/2018\/01\/manastir-kovilje-logo-s.png\",\"contentUrl\":\"http:\/\/orthodoxkovilje.rs\/wp-content\/uploads\/2018\/01\/manastir-kovilje-logo-s.png\",\"width\":75,\"height\":75,\"caption\":\"Manastir Kovilje\"},\"image\":{\"@id\":\"https:\/\/orthodoxkovilje.rs\/#\/schema\/logo\/image\/\"}}]}<\/script>\n<!-- \/ Yoast SEO plugin. -->","yoast_head_json":{"title":"Izdava\u010dka delatnost PUT - Pravoslavni Manastir Kovilje","description":"Izdava\u010dka delatnost nosi tekstove o prakti\u010dnom hri\u0161\u0107anstvu koje se mo\u017ee primeniti u svakodnevnom \u017eivotu, koje nije rezervisano samo za monahe","robots":{"index":"index","follow":"follow","max-snippet":"max-snippet:-1","max-image-preview":"max-image-preview:large","max-video-preview":"max-video-preview:-1"},"canonical":"https:\/\/orthodoxkovilje.rs\/izdavastvo-manastir-kovilje\/","og_locale":"de_DE","og_type":"article","og_title":"Izdava\u010dka delatnost PUT - Pravoslavni Manastir Kovilje","og_description":"Izdava\u010dka delatnost nosi tekstove o prakti\u010dnom hri\u0161\u0107anstvu koje se mo\u017ee primeniti u svakodnevnom \u017eivotu, koje nije rezervisano samo za monahe","og_url":"https:\/\/orthodoxkovilje.rs\/izdavastvo-manastir-kovilje\/","og_site_name":"Pravoslavni Manastir Kovilje","article_modified_time":"2020-11-22T18:00:24+00:00","og_image":[{"width":344,"height":470,"url":"https:\/\/orthodoxkovilje.rs\/wp-content\/uploads\/2018\/01\/Mati-Marija-1.jpg","type":"image\/jpeg"}],"twitter_card":"summary_large_image","twitter_misc":{"Gesch\u00e4tzte Lesezeit":"1\u00a0Minute"},"schema":{"@context":"https:\/\/schema.org","@graph":[{"@type":"WebPage","@id":"https:\/\/orthodoxkovilje.rs\/izdavastvo-manastir-kovilje\/","url":"https:\/\/orthodoxkovilje.rs\/izdavastvo-manastir-kovilje\/","name":"Izdava\u010dka delatnost PUT - Pravoslavni Manastir Kovilje","isPartOf":{"@id":"https:\/\/orthodoxkovilje.rs\/#website"},"primaryImageOfPage":{"@id":"https:\/\/orthodoxkovilje.rs\/izdavastvo-manastir-kovilje\/#primaryimage"},"image":{"@id":"https:\/\/orthodoxkovilje.rs\/izdavastvo-manastir-kovilje\/#primaryimage"},"thumbnailUrl":"https:\/\/orthodoxkovilje.rs\/wp-content\/uploads\/2018\/01\/Mati-Marija-1.jpg","datePublished":"2018-01-05T00:56:33+00:00","dateModified":"2020-11-22T18:00:24+00:00","description":"Izdava\u010dka delatnost nosi tekstove o prakti\u010dnom hri\u0161\u0107anstvu koje se mo\u017ee primeniti u svakodnevnom \u017eivotu, koje nije rezervisano samo za monahe","breadcrumb":{"@id":"https:\/\/orthodoxkovilje.rs\/izdavastvo-manastir-kovilje\/#breadcrumb"},"inLanguage":"de","potentialAction":[{"@type":"ReadAction","target":["https:\/\/orthodoxkovilje.rs\/izdavastvo-manastir-kovilje\/"]}]},{"@type":"ImageObject","inLanguage":"de","@id":"https:\/\/orthodoxkovilje.rs\/izdavastvo-manastir-kovilje\/#primaryimage","url":"https:\/\/orthodoxkovilje.rs\/wp-content\/uploads\/2018\/01\/Mati-Marija-1.jpg","contentUrl":"https:\/\/orthodoxkovilje.rs\/wp-content\/uploads\/2018\/01\/Mati-Marija-1.jpg","width":344,"height":470,"caption":"Izdava\u010dka delatnost"},{"@type":"BreadcrumbList","@id":"https:\/\/orthodoxkovilje.rs\/izdavastvo-manastir-kovilje\/#breadcrumb","itemListElement":[{"@type":"ListItem","position":1,"name":"\u041f\u043e\u0447\u0435\u0442\u043d\u0430","item":"https:\/\/orthodoxkovilje.rs\/"},{"@type":"ListItem","position":2,"name":"\u0418\u0437\u0434\u0430\u0432\u0430\u0448\u0442\u0432\u043e"}]},{"@type":"WebSite","@id":"https:\/\/orthodoxkovilje.rs\/#website","url":"https:\/\/orthodoxkovilje.rs\/","name":"Pravoslavni Manastir Kovilje","description":"Serbian Orthodox Monastery Kovllje","publisher":{"@id":"https:\/\/orthodoxkovilje.rs\/#organization"},"potentialAction":[{"@type":"SearchAction","target":{"@type":"EntryPoint","urlTemplate":"https:\/\/orthodoxkovilje.rs\/?s={search_term_string}"},"query-input":"required name=search_term_string"}],"inLanguage":"de"},{"@type":"Organization","@id":"https:\/\/orthodoxkovilje.rs\/#organization","name":"Manastir Kovilje","url":"https:\/\/orthodoxkovilje.rs\/","logo":{"@type":"ImageObject","inLanguage":"de","@id":"https:\/\/orthodoxkovilje.rs\/#\/schema\/logo\/image\/","url":"http:\/\/orthodoxkovilje.rs\/wp-content\/uploads\/2018\/01\/manastir-kovilje-logo-s.png","contentUrl":"http:\/\/orthodoxkovilje.rs\/wp-content\/uploads\/2018\/01\/manastir-kovilje-logo-s.png","width":75,"height":75,"caption":"Manastir Kovilje"},"image":{"@id":"https:\/\/orthodoxkovilje.rs\/#\/schema\/logo\/image\/"}}]}},"_links":{"self":[{"href":"https:\/\/orthodoxkovilje.rs\/de\/wp-json\/wp\/v2\/pages\/36"}],"collection":[{"href":"https:\/\/orthodoxkovilje.rs\/de\/wp-json\/wp\/v2\/pages"}],"about":[{"href":"https:\/\/orthodoxkovilje.rs\/de\/wp-json\/wp\/v2\/types\/page"}],"author":[{"embeddable":true,"href":"https:\/\/orthodoxkovilje.rs\/de\/wp-json\/wp\/v2\/users\/1"}],"replies":[{"embeddable":true,"href":"https:\/\/orthodoxkovilje.rs\/de\/wp-json\/wp\/v2\/comments?post=36"}],"version-history":[{"count":0,"href":"https:\/\/orthodoxkovilje.rs\/de\/wp-json\/wp\/v2\/pages\/36\/revisions"}],"wp:featuredmedia":[{"embeddable":true,"href":"https:\/\/orthodoxkovilje.rs\/de\/wp-json\/wp\/v2\/media\/182"}],"wp:attachment":[{"href":"https:\/\/orthodoxkovilje.rs\/de\/wp-json\/wp\/v2\/media?parent=36"}],"curies":[{"name":"wp","href":"https:\/\/api.w.org\/{rel}","templated":true}]}}