{"id":34,"date":"2018-01-05T00:55:54","date_gmt":"2018-01-05T00:55:54","guid":{"rendered":"http:\/\/orthodoxkovilje.rs\/?p=34"},"modified":"2020-11-21T23:34:52","modified_gmt":"2020-11-21T23:34:52","slug":"melemi-manastir-kovilje","status":"publish","type":"page","link":"https:\/\/orthodoxkovilje.rs\/de\/melemi-manastir-kovilje\/","title":{"rendered":"ZUBEREITUNG DER BALSAME"},"content":{"rendered":"<p><\/p>\n<p style=\"text-align: center;\">Die Zubereitung der Balsame ist ein altes Handwerk, das die Schwestern mit gro\u00dfer Hingabe hegen. Die <a href=\"http:\/\/orthodoxkovilje.rs\/prodavnica\/\">Produkte<\/a> in der Schachtel oder im Fl\u00e4schchen sind einfach das Enderzeugnis der gesegneten Geduld, &nbsp;vom Sammeln und Trocknen von Pflanzen bis hin zu ihrer Zubereitung und dem Gebet f\u00fcr die Erkrankten.<\/p>\n<p style=\"text-align: center;\">Alle Bestellungen sind per E-Mail m\u00f6glich:&nbsp;<a href=\"mailto:manastirkovilje@gmail.com\">manastirkovilje@gmail.com<br \/>\n<\/a>oder an folgende Telefonnummern:&nbsp;065 504 68 80&nbsp;und&nbsp;032 760 020<\/p>\n<h2><\/h2>\n<h2 style=\"text-align: center;\"><strong>BEINWELL-BALSAM<\/strong><\/h2>\n<p style=\"text-align: center;\">Zutaten: Beinwell, Oliven\u00f6l, Tierfett, Bienenwachs, Alkohol, \u00e4therisches Lavendel\u00f6l. Der Balsam&nbsp; ist wirksam bei: Knochenbr\u00fcchen, Verstauchungen, Sehnen\u00fcberdehnungen. Er hilft beim schnelleren Heilen und lindert Schmerzen.<\/p>\n<p><\/p>","protected":false},"excerpt":{"rendered":"<p>Die Zubereitung der Balsame ist ein altes Handwerk, das die Schwestern mit gro\u00dfer Hingabe hegen. Die Produkte in der Schachtel oder im Fl\u00e4schchen sind einfach das Enderzeugnis der gesegneten Geduld,  vom Sammeln und Trocknen von Pflanzen bis hin zu ihrer Zubereitung und dem Gebet f\u00fcr die Erkrankten.<\/p>\n","protected":false},"author":1,"featured_media":64,"parent":0,"menu_order":0,"comment_status":"open","ping_status":"closed","template":"","meta":{"footnotes":""},"featured_image_urls":{"full":["https:\/\/orthodoxkovilje.rs\/wp-content\/uploads\/2018\/01\/manastir-kovilje4.jpg",960,1280,false],"thumbnail":["https:\/\/orthodoxkovilje.rs\/wp-content\/uploads\/2018\/01\/manastir-kovilje4-150x150.jpg",150,150,true],"medium":["https:\/\/orthodoxkovilje.rs\/wp-content\/uploads\/2018\/01\/manastir-kovilje4-225x300.jpg",225,300,true],"medium_large":["https:\/\/orthodoxkovilje.rs\/wp-content\/uploads\/2018\/01\/manastir-kovilje4-768x1024.jpg",768,1024,true],"large":["https:\/\/orthodoxkovilje.rs\/wp-content\/uploads\/2018\/01\/manastir-kovilje4-768x1024.jpg",768,1024,true],"1536x1536":["https:\/\/orthodoxkovilje.rs\/wp-content\/uploads\/2018\/01\/manastir-kovilje4.jpg",960,1280,false],"2048x2048":["https:\/\/orthodoxkovilje.rs\/wp-content\/uploads\/2018\/01\/manastir-kovilje4.jpg",960,1280,false],"woocommerce_thumbnail":["https:\/\/orthodoxkovilje.rs\/wp-content\/uploads\/2018\/01\/manastir-kovilje4-300x300.jpg",300,300,true],"woocommerce_single":["https:\/\/orthodoxkovilje.rs\/wp-content\/uploads\/2018\/01\/manastir-kovilje4-600x800.jpg",600,800,true],"woocommerce_gallery_thumbnail":["https:\/\/orthodoxkovilje.rs\/wp-content\/uploads\/2018\/01\/manastir-kovilje4-100x100.jpg",100,100,true]},"post_excerpt_stackable":"<p>Die Zubereitung der Balsame ist ein altes Handwerk, das die Schwestern mit gro\u00dfer Hingabe hegen. Die Produkte in der Schachtel oder im Fl\u00e4schchen sind einfach das Enderzeugnis der gesegneten Geduld,  vom Sammeln und Trocknen von Pflanzen bis hin zu ihrer Zubereitung und dem Gebet f\u00fcr die Erkrankten.<\/p>\n","category_list":"","author_info":{"name":"belbendo","url":"https:\/\/orthodoxkovilje.rs\/de\/author\/belbendo\/"},"comments_num":"0 comments","yoast_head":"<!-- This site is optimized with the Yoast SEO plugin v22.6 - https:\/\/yoast.com\/wordpress\/plugins\/seo\/ -->\n<title>Pravljenje melema. manastir Kovilje. Prirodni manastirski melemi<\/title>\n<meta name=\"description\" content=\"Pravljenje melema je stari zanat blagoslovenog strpljenja od skupljanja i su\u0161enja biljaka do njihovog pripremanja i molitve za bolesnike.\" \/>\n<meta name=\"robots\" content=\"index, follow, max-snippet:-1, max-image-preview:large, max-video-preview:-1\" \/>\n<link rel=\"canonical\" href=\"https:\/\/orthodoxkovilje.rs\/melemi-manastir-kovilje\/\" \/>\n<meta property=\"og:locale\" content=\"de_DE\" \/>\n<meta property=\"og:type\" content=\"article\" \/>\n<meta property=\"og:title\" content=\"Pravljenje melema. manastir Kovilje. Prirodni manastirski melemi\" \/>\n<meta property=\"og:description\" content=\"Pravljenje melema je stari zanat blagoslovenog strpljenja od skupljanja i su\u0161enja biljaka do njihovog pripremanja i molitve za bolesnike.\" \/>\n<meta property=\"og:url\" content=\"https:\/\/orthodoxkovilje.rs\/melemi-manastir-kovilje\/\" \/>\n<meta property=\"og:site_name\" content=\"Pravoslavni Manastir Kovilje\" \/>\n<meta property=\"article:modified_time\" content=\"2020-11-21T23:34:52+00:00\" \/>\n<meta property=\"og:image\" content=\"https:\/\/orthodoxkovilje.rs\/wp-content\/uploads\/2018\/01\/manastir-kovilje4.jpg\" \/>\n\t<meta property=\"og:image:width\" content=\"960\" \/>\n\t<meta property=\"og:image:height\" content=\"1280\" \/>\n\t<meta property=\"og:image:type\" content=\"image\/jpeg\" \/>\n<meta name=\"twitter:card\" content=\"summary_large_image\" \/>\n<meta name=\"twitter:label1\" content=\"Gesch\u00e4tzte Lesezeit\" \/>\n\t<meta name=\"twitter:data1\" content=\"1\u00a0Minute\" \/>\n<script type=\"application\/ld+json\" class=\"yoast-schema-graph\">{\"@context\":\"https:\/\/schema.org\",\"@graph\":[{\"@type\":\"WebPage\",\"@id\":\"https:\/\/orthodoxkovilje.rs\/melemi-manastir-kovilje\/\",\"url\":\"https:\/\/orthodoxkovilje.rs\/melemi-manastir-kovilje\/\",\"name\":\"Pravljenje melema. manastir Kovilje. Prirodni manastirski melemi\",\"isPartOf\":{\"@id\":\"https:\/\/orthodoxkovilje.rs\/#website\"},\"primaryImageOfPage\":{\"@id\":\"https:\/\/orthodoxkovilje.rs\/melemi-manastir-kovilje\/#primaryimage\"},\"image\":{\"@id\":\"https:\/\/orthodoxkovilje.rs\/melemi-manastir-kovilje\/#primaryimage\"},\"thumbnailUrl\":\"https:\/\/orthodoxkovilje.rs\/wp-content\/uploads\/2018\/01\/manastir-kovilje4.jpg\",\"datePublished\":\"2018-01-05T00:55:54+00:00\",\"dateModified\":\"2020-11-21T23:34:52+00:00\",\"description\":\"Pravljenje melema je stari zanat blagoslovenog strpljenja od skupljanja i su\u0161enja biljaka do njihovog pripremanja i molitve za bolesnike.\",\"breadcrumb\":{\"@id\":\"https:\/\/orthodoxkovilje.rs\/melemi-manastir-kovilje\/#breadcrumb\"},\"inLanguage\":\"de\",\"potentialAction\":[{\"@type\":\"ReadAction\",\"target\":[\"https:\/\/orthodoxkovilje.rs\/melemi-manastir-kovilje\/\"]}]},{\"@type\":\"ImageObject\",\"inLanguage\":\"de\",\"@id\":\"https:\/\/orthodoxkovilje.rs\/melemi-manastir-kovilje\/#primaryimage\",\"url\":\"https:\/\/orthodoxkovilje.rs\/wp-content\/uploads\/2018\/01\/manastir-kovilje4.jpg\",\"contentUrl\":\"https:\/\/orthodoxkovilje.rs\/wp-content\/uploads\/2018\/01\/manastir-kovilje4.jpg\",\"width\":960,\"height\":1280,\"caption\":\"Pravljenje melema. manastir Kovilje.\"},{\"@type\":\"BreadcrumbList\",\"@id\":\"https:\/\/orthodoxkovilje.rs\/melemi-manastir-kovilje\/#breadcrumb\",\"itemListElement\":[{\"@type\":\"ListItem\",\"position\":1,\"name\":\"\u041f\u043e\u0447\u0435\u0442\u043d\u0430\",\"item\":\"https:\/\/orthodoxkovilje.rs\/\"},{\"@type\":\"ListItem\",\"position\":2,\"name\":\"\u041f\u0440\u0430\u0432\u0459\u0435\u045a\u0435 \u043c\u0435\u043b\u0435\u043c\u0430\"}]},{\"@type\":\"WebSite\",\"@id\":\"https:\/\/orthodoxkovilje.rs\/#website\",\"url\":\"https:\/\/orthodoxkovilje.rs\/\",\"name\":\"Pravoslavni Manastir Kovilje\",\"description\":\"Serbian Orthodox Monastery Kovllje\",\"publisher\":{\"@id\":\"https:\/\/orthodoxkovilje.rs\/#organization\"},\"potentialAction\":[{\"@type\":\"SearchAction\",\"target\":{\"@type\":\"EntryPoint\",\"urlTemplate\":\"https:\/\/orthodoxkovilje.rs\/?s={search_term_string}\"},\"query-input\":\"required name=search_term_string\"}],\"inLanguage\":\"de\"},{\"@type\":\"Organization\",\"@id\":\"https:\/\/orthodoxkovilje.rs\/#organization\",\"name\":\"Manastir Kovilje\",\"url\":\"https:\/\/orthodoxkovilje.rs\/\",\"logo\":{\"@type\":\"ImageObject\",\"inLanguage\":\"de\",\"@id\":\"https:\/\/orthodoxkovilje.rs\/#\/schema\/logo\/image\/\",\"url\":\"http:\/\/orthodoxkovilje.rs\/wp-content\/uploads\/2018\/01\/manastir-kovilje-logo-s.png\",\"contentUrl\":\"http:\/\/orthodoxkovilje.rs\/wp-content\/uploads\/2018\/01\/manastir-kovilje-logo-s.png\",\"width\":75,\"height\":75,\"caption\":\"Manastir Kovilje\"},\"image\":{\"@id\":\"https:\/\/orthodoxkovilje.rs\/#\/schema\/logo\/image\/\"}}]}<\/script>\n<!-- \/ Yoast SEO plugin. -->","yoast_head_json":{"title":"Pravljenje melema. manastir Kovilje. Prirodni manastirski melemi","description":"Pravljenje melema je stari zanat blagoslovenog strpljenja od skupljanja i su\u0161enja biljaka do njihovog pripremanja i molitve za bolesnike.","robots":{"index":"index","follow":"follow","max-snippet":"max-snippet:-1","max-image-preview":"max-image-preview:large","max-video-preview":"max-video-preview:-1"},"canonical":"https:\/\/orthodoxkovilje.rs\/melemi-manastir-kovilje\/","og_locale":"de_DE","og_type":"article","og_title":"Pravljenje melema. manastir Kovilje. Prirodni manastirski melemi","og_description":"Pravljenje melema je stari zanat blagoslovenog strpljenja od skupljanja i su\u0161enja biljaka do njihovog pripremanja i molitve za bolesnike.","og_url":"https:\/\/orthodoxkovilje.rs\/melemi-manastir-kovilje\/","og_site_name":"Pravoslavni Manastir Kovilje","article_modified_time":"2020-11-21T23:34:52+00:00","og_image":[{"width":960,"height":1280,"url":"https:\/\/orthodoxkovilje.rs\/wp-content\/uploads\/2018\/01\/manastir-kovilje4.jpg","type":"image\/jpeg"}],"twitter_card":"summary_large_image","twitter_misc":{"Gesch\u00e4tzte Lesezeit":"1\u00a0Minute"},"schema":{"@context":"https:\/\/schema.org","@graph":[{"@type":"WebPage","@id":"https:\/\/orthodoxkovilje.rs\/melemi-manastir-kovilje\/","url":"https:\/\/orthodoxkovilje.rs\/melemi-manastir-kovilje\/","name":"Pravljenje melema. manastir Kovilje. Prirodni manastirski melemi","isPartOf":{"@id":"https:\/\/orthodoxkovilje.rs\/#website"},"primaryImageOfPage":{"@id":"https:\/\/orthodoxkovilje.rs\/melemi-manastir-kovilje\/#primaryimage"},"image":{"@id":"https:\/\/orthodoxkovilje.rs\/melemi-manastir-kovilje\/#primaryimage"},"thumbnailUrl":"https:\/\/orthodoxkovilje.rs\/wp-content\/uploads\/2018\/01\/manastir-kovilje4.jpg","datePublished":"2018-01-05T00:55:54+00:00","dateModified":"2020-11-21T23:34:52+00:00","description":"Pravljenje melema je stari zanat blagoslovenog strpljenja od skupljanja i su\u0161enja biljaka do njihovog pripremanja i molitve za bolesnike.","breadcrumb":{"@id":"https:\/\/orthodoxkovilje.rs\/melemi-manastir-kovilje\/#breadcrumb"},"inLanguage":"de","potentialAction":[{"@type":"ReadAction","target":["https:\/\/orthodoxkovilje.rs\/melemi-manastir-kovilje\/"]}]},{"@type":"ImageObject","inLanguage":"de","@id":"https:\/\/orthodoxkovilje.rs\/melemi-manastir-kovilje\/#primaryimage","url":"https:\/\/orthodoxkovilje.rs\/wp-content\/uploads\/2018\/01\/manastir-kovilje4.jpg","contentUrl":"https:\/\/orthodoxkovilje.rs\/wp-content\/uploads\/2018\/01\/manastir-kovilje4.jpg","width":960,"height":1280,"caption":"Pravljenje melema. manastir Kovilje."},{"@type":"BreadcrumbList","@id":"https:\/\/orthodoxkovilje.rs\/melemi-manastir-kovilje\/#breadcrumb","itemListElement":[{"@type":"ListItem","position":1,"name":"\u041f\u043e\u0447\u0435\u0442\u043d\u0430","item":"https:\/\/orthodoxkovilje.rs\/"},{"@type":"ListItem","position":2,"name":"\u041f\u0440\u0430\u0432\u0459\u0435\u045a\u0435 \u043c\u0435\u043b\u0435\u043c\u0430"}]},{"@type":"WebSite","@id":"https:\/\/orthodoxkovilje.rs\/#website","url":"https:\/\/orthodoxkovilje.rs\/","name":"Pravoslavni Manastir Kovilje","description":"Serbian Orthodox Monastery Kovllje","publisher":{"@id":"https:\/\/orthodoxkovilje.rs\/#organization"},"potentialAction":[{"@type":"SearchAction","target":{"@type":"EntryPoint","urlTemplate":"https:\/\/orthodoxkovilje.rs\/?s={search_term_string}"},"query-input":"required name=search_term_string"}],"inLanguage":"de"},{"@type":"Organization","@id":"https:\/\/orthodoxkovilje.rs\/#organization","name":"Manastir Kovilje","url":"https:\/\/orthodoxkovilje.rs\/","logo":{"@type":"ImageObject","inLanguage":"de","@id":"https:\/\/orthodoxkovilje.rs\/#\/schema\/logo\/image\/","url":"http:\/\/orthodoxkovilje.rs\/wp-content\/uploads\/2018\/01\/manastir-kovilje-logo-s.png","contentUrl":"http:\/\/orthodoxkovilje.rs\/wp-content\/uploads\/2018\/01\/manastir-kovilje-logo-s.png","width":75,"height":75,"caption":"Manastir Kovilje"},"image":{"@id":"https:\/\/orthodoxkovilje.rs\/#\/schema\/logo\/image\/"}}]}},"_links":{"self":[{"href":"https:\/\/orthodoxkovilje.rs\/de\/wp-json\/wp\/v2\/pages\/34"}],"collection":[{"href":"https:\/\/orthodoxkovilje.rs\/de\/wp-json\/wp\/v2\/pages"}],"about":[{"href":"https:\/\/orthodoxkovilje.rs\/de\/wp-json\/wp\/v2\/types\/page"}],"author":[{"embeddable":true,"href":"https:\/\/orthodoxkovilje.rs\/de\/wp-json\/wp\/v2\/users\/1"}],"replies":[{"embeddable":true,"href":"https:\/\/orthodoxkovilje.rs\/de\/wp-json\/wp\/v2\/comments?post=34"}],"version-history":[{"count":0,"href":"https:\/\/orthodoxkovilje.rs\/de\/wp-json\/wp\/v2\/pages\/34\/revisions"}],"wp:featuredmedia":[{"embeddable":true,"href":"https:\/\/orthodoxkovilje.rs\/de\/wp-json\/wp\/v2\/media\/64"}],"wp:attachment":[{"href":"https:\/\/orthodoxkovilje.rs\/de\/wp-json\/wp\/v2\/media?parent=34"}],"curies":[{"name":"wp","href":"https:\/\/api.w.org\/{rel}","templated":true}]}}